{"id":6986,"date":"2023-11-13T23:32:41","date_gmt":"2023-11-13T23:32:41","guid":{"rendered":"https:\/\/inovaufopa.tech\/?page_id=6986"},"modified":"2023-11-14T11:39:43","modified_gmt":"2023-11-14T11:39:43","slug":"produto-cosmetico","status":"publish","type":"page","link":"https:\/\/inovaufopa.tech\/index.php\/produto-cosmetico\/","title":{"rendered":"Produto cosm\u00e9tico"},"content":{"rendered":"\t\t<div data-elementor-type=\"wp-page\" data-elementor-id=\"6986\" class=\"elementor elementor-6986\" data-elementor-settings=\"{&quot;ha_cmc_init_switcher&quot;:&quot;no&quot;}\" data-elementor-post-type=\"page\">\n\t\t\t\t<div class=\"elementor-element elementor-element-c3d1c75 e-flex e-con-boxed wpr-particle-no wpr-jarallax-no wpr-parallax-no wpr-sticky-section-no e-con e-parent\" data-id=\"c3d1c75\" data-element_type=\"container\" data-settings=\"{&quot;_ha_eqh_enable&quot;:false}\">\n\t\t\t\t\t<div class=\"e-con-inner\">\n\t\t\t\t<div class=\"elementor-element elementor-element-99dbbad elementor-widget elementor-widget-heading\" data-id=\"99dbbad\" data-element_type=\"widget\" data-widget_type=\"heading.default\">\n\t\t\t\t<div class=\"elementor-widget-container\">\n\t\t\t\t\t<h2 class=\"elementor-heading-title elementor-size-default\">Produto cosm\u00e9tico para colorir os l\u00e1bios baseado em pigmento extra\u00eddo das cascas do fruto Syzygium Malaccense<\/h2>\t\t\t\t<\/div>\n\t\t\t\t<\/div>\n\t\t\t\t\t<\/div>\n\t\t\t\t<\/div>\n\t\t<div class=\"elementor-element elementor-element-5bec39b e-flex e-con-boxed wpr-particle-no wpr-jarallax-no wpr-parallax-no wpr-sticky-section-no e-con e-parent\" data-id=\"5bec39b\" data-element_type=\"container\" data-settings=\"{&quot;_ha_eqh_enable&quot;:false}\">\n\t\t\t\t\t<div class=\"e-con-inner\">\n\t\t\t\t<div class=\"elementor-element elementor-element-d93f039 elementor-widget-divider--separator-type-pattern elementor-widget-divider--no-spacing elementor-widget-divider--view-line elementor-widget elementor-widget-divider\" data-id=\"d93f039\" data-element_type=\"widget\" data-widget_type=\"divider.default\">\n\t\t\t\t<div class=\"elementor-widget-container\">\n\t\t\t\t\t\t\t<div class=\"elementor-divider\" style=\"--divider-pattern-url: url(&quot;data:image\/svg+xml,%3Csvg xmlns=&#039;http:\/\/www.w3.org\/2000\/svg&#039; preserveAspectRatio=&#039;xMidYMid meet&#039; overflow=&#039;visible&#039; height=&#039;100%&#039; viewBox=&#039;0 0 126 26&#039; fill=&#039;black&#039; stroke=&#039;none&#039;%3E%3Cpath d=&#039;M10.7,6l2.5,2.6l-4,4.3l4,5.4l-2.5,1.9l-4.5-5.2l-3.9,4.2L0.7,17L4,13.1L0,8.6l2.3-1.3l3.9,3.9L10.7,6z M23.9,6.6l4.2,4.5L32,7.2l2.3,1.3l-4,4.5l3.2,3.9L32,19.1l-3.9-3.3l-4.5,4.3l-2.5-1.9l4.4-5.1l-4.2-3.9L23.9,6.6zM73.5,6L76,8.6l-4,4.3l4,5.4l-2.5,1.9l-4.5-5.2l-3.9,4.2L63.5,17l4.1-4.7L63.5,8l2.3-1.3l4.1,3.6L73.5,6z M94,6l2.5,2.6l-4,4.3l4,5.4L94,20.1l-3.9-5l-3.9,4.2L84,17l3.2-3.9L84,8.6l2.3-1.3l3.2,3.9L94,6z M106.9,6l4.5,5.1l3.9-3.9l2.3,1.3l-4,4.5l3.2,3.9l-1.6,2.1l-3.9-4.2l-4.5,5.2l-2.5-1.9l4-5.4l-4-4.3L106.9,6z M53.1,6l2.5,2.6l-4,4.3l4,4.6l-2.5,1.9l-4.5-4.5l-3.5,4.5L43.1,17l3.2-3.9l-4-4.5l2.3-1.3l3.9,3.9L53.1,6z&#039;\/%3E%3C\/svg%3E&quot;);\">\n\t\t\t<span class=\"elementor-divider-separator\">\n\t\t\t\t\t\t<\/span>\n\t\t<\/div>\n\t\t\t\t\t\t<\/div>\n\t\t\t\t<\/div>\n\t\t\t\t\t<\/div>\n\t\t\t\t<\/div>\n\t\t<div class=\"elementor-element elementor-element-1ac19a2 e-flex e-con-boxed wpr-particle-no wpr-jarallax-no wpr-parallax-no wpr-sticky-section-no e-con e-parent\" data-id=\"1ac19a2\" data-element_type=\"container\" data-settings=\"{&quot;_ha_eqh_enable&quot;:false}\">\n\t\t\t\t\t<div class=\"e-con-inner\">\n\t\t\t\t<div class=\"elementor-element elementor-element-e05ea0f elementor-widget elementor-widget-heading\" data-id=\"e05ea0f\" data-element_type=\"widget\" data-widget_type=\"heading.default\">\n\t\t\t\t<div class=\"elementor-widget-container\">\n\t\t\t\t\t<h2 class=\"elementor-heading-title elementor-size-default\">O que \u00e9?<\/h2>\t\t\t\t<\/div>\n\t\t\t\t<\/div>\n\t\t\t\t<div class=\"elementor-element elementor-element-ab40caa elementor-widget elementor-widget-text-editor\" data-id=\"ab40caa\" data-element_type=\"widget\" data-widget_type=\"text-editor.default\">\n\t\t\t\t<div class=\"elementor-widget-container\">\n\t\t\t\t\t\t\t\t\t<p>Produto cosm\u00e9tico para colorir os l\u00e1bios baseado em pigmento extra\u00eddo das cascas do fruto do jambeiro-vermelho (Syzygium malaccense (L.) MERR. &amp; L.M. PERRY, MYRTACEAE), e manteigas extra\u00eddas de sementes e frutos amaz\u00f4nicos. A presen\u00e7a de componentes t\u00f3xicos em formula\u00e7\u00f5es de cosm\u00e9ticos convencionais, tal como os metais pesados chumbo (Pb) e c\u00e1dmio (Cd) em pigmentos inorg\u00e2nicos, t\u00eam sido um gargalo para a ind\u00fastria cosm\u00e9tica.<\/p>\t\t\t\t\t\t\t\t<\/div>\n\t\t\t\t<\/div>\n\t\t\t\t<div class=\"elementor-element elementor-element-6f3db64 elementor-widget elementor-widget-heading\" data-id=\"6f3db64\" data-element_type=\"widget\" data-widget_type=\"heading.default\">\n\t\t\t\t<div class=\"elementor-widget-container\">\n\t\t\t\t\t<h2 class=\"elementor-heading-title elementor-size-default\">Inventores<\/h2>\t\t\t\t<\/div>\n\t\t\t\t<\/div>\n\t\t\t\t<div class=\"elementor-element elementor-element-4c466f1 elementor-widget elementor-widget-text-editor\" data-id=\"4c466f1\" data-element_type=\"widget\" data-widget_type=\"text-editor.default\">\n\t\t\t\t<div class=\"elementor-widget-container\">\n\t\t\t\t\t\t\t\t\t<p>Kariane Mendes Nunes, Leopoldo Clemente Baratto, Bruna Carvalho Cantal de Souza, Walberson da Silva Reatgui .<\/p>\t\t\t\t\t\t\t\t<\/div>\n\t\t\t\t<\/div>\n\t\t\t\t<div class=\"elementor-element elementor-element-45ca30c elementor-widget elementor-widget-heading\" data-id=\"45ca30c\" data-element_type=\"widget\" data-widget_type=\"heading.default\">\n\t\t\t\t<div class=\"elementor-widget-container\">\n\t\t\t\t\t<h2 class=\"elementor-heading-title elementor-size-default\">Est\u00e1gio de desenvolvimento<\/h2>\t\t\t\t<\/div>\n\t\t\t\t<\/div>\n\t\t\t\t<div class=\"elementor-element elementor-element-3b88966 elementor-widget elementor-widget-text-editor\" data-id=\"3b88966\" data-element_type=\"widget\" data-widget_type=\"text-editor.default\">\n\t\t\t\t<div class=\"elementor-widget-container\">\n\t\t\t\t\t\t\t\t\t<p>A tecnologia foi classificada em TRL 3.<\/p>\t\t\t\t\t\t\t\t<\/div>\n\t\t\t\t<\/div>\n\t\t\t\t<div class=\"elementor-element elementor-element-a9039fa elementor-widget elementor-widget-heading\" data-id=\"a9039fa\" data-element_type=\"widget\" data-widget_type=\"heading.default\">\n\t\t\t\t<div class=\"elementor-widget-container\">\n\t\t\t\t\t<h2 class=\"elementor-heading-title elementor-size-default\">Diferenciais<\/h2>\t\t\t\t<\/div>\n\t\t\t\t<\/div>\n\t\t\t\t<div class=\"elementor-element elementor-element-34b0114 elementor-widget elementor-widget-text-editor\" data-id=\"34b0114\" data-element_type=\"widget\" data-widget_type=\"text-editor.default\">\n\t\t\t\t<div class=\"elementor-widget-container\">\n\t\t\t\t\t\t\t\t\t<p>A inova\u00e7\u00e3o desta tecnologia est\u00e1 no emprego das manteigas amaz\u00f4nicas como Bacuri e Murumuru, as quais possuem potencial a\u00e7\u00e3o hidratante, al\u00e9m de conter o pigmento natural extra\u00eddo das cascas do Jambo-vermelho (Syzygium malaccense) com atividade antioxidante. A substitui\u00e7\u00e3o dos ingredientes tradicionalmente utilizados na produ\u00e7\u00e3o de batons por mat\u00e9rias-primas amaz\u00f4nicas proporcionam ao produto maior seguran\u00e7a no uso , al\u00e9m das funcionalidades como hidrata\u00e7\u00e3o e a\u00e7\u00e3o antioxidante.<\/p>\t\t\t\t\t\t\t\t<\/div>\n\t\t\t\t<\/div>\n\t\t\t\t<div class=\"elementor-element elementor-element-b5d3585 elementor-widget elementor-widget-heading\" data-id=\"b5d3585\" data-element_type=\"widget\" data-widget_type=\"heading.default\">\n\t\t\t\t<div class=\"elementor-widget-container\">\n\t\t\t\t\t<h2 class=\"elementor-heading-title elementor-size-default\">Propriedade Intelectual<\/h2>\t\t\t\t<\/div>\n\t\t\t\t<\/div>\n\t\t\t\t<div class=\"elementor-element elementor-element-0b4e4b1 elementor-widget elementor-widget-text-editor\" data-id=\"0b4e4b1\" data-element_type=\"widget\" data-widget_type=\"text-editor.default\">\n\t\t\t\t<div class=\"elementor-widget-container\">\n\t\t\t\t\t\t\t\t\t<p>UFOPA<br \/>BR 102017001576-9<\/p>\t\t\t\t\t\t\t\t<\/div>\n\t\t\t\t<\/div>\n\t\t\t\t\t<\/div>\n\t\t\t\t<\/div>\n\t\t<div class=\"elementor-element elementor-element-8382b06 e-flex e-con-boxed wpr-particle-no wpr-jarallax-no wpr-parallax-no wpr-sticky-section-no e-con e-parent\" data-id=\"8382b06\" data-element_type=\"container\" data-settings=\"{&quot;_ha_eqh_enable&quot;:false}\">\n\t\t\t\t\t<div class=\"e-con-inner\">\n\t\t<div class=\"elementor-element elementor-element-4deef87 e-con-full e-flex wpr-particle-no wpr-jarallax-no wpr-parallax-no wpr-sticky-section-no e-con e-child\" data-id=\"4deef87\" data-element_type=\"container\" data-settings=\"{&quot;_ha_eqh_enable&quot;:false}\">\n\t\t\t\t<div class=\"elementor-element elementor-element-06e6659 elementor-align-left elementor-widget__width-initial elementor-widget elementor-widget-button\" data-id=\"06e6659\" data-element_type=\"widget\" data-widget_type=\"button.default\">\n\t\t\t\t<div class=\"elementor-widget-container\">\n\t\t\t\t\t\t\t\t\t<div class=\"elementor-button-wrapper\">\n\t\t\t\t\t<a class=\"elementor-button elementor-button-link elementor-size-md\" href=\"http:\/\/inovaufopa.tech\/wp-content\/uploads\/2023\/11\/Produto_cosmetico.pdf\" target=\"_blank\">\n\t\t\t\t\t\t<span class=\"elementor-button-content-wrapper\">\n\t\t\t\t\t\t<span class=\"elementor-button-icon\">\n\t\t\t\t<i aria-hidden=\"true\" class=\"fas fa-file-download\"><\/i>\t\t\t<\/span>\n\t\t\t\t\t\t\t\t\t<span class=\"elementor-button-text\">Resumo executivo<\/span>\n\t\t\t\t\t<\/span>\n\t\t\t\t\t<\/a>\n\t\t\t\t<\/div>\n\t\t\t\t\t\t\t\t<\/div>\n\t\t\t\t<\/div>\n\t\t\t\t<\/div>\n\t\t<div class=\"elementor-element elementor-element-9c8341a e-con-full e-flex wpr-particle-no wpr-jarallax-no wpr-parallax-no wpr-sticky-section-no e-con e-child\" data-id=\"9c8341a\" data-element_type=\"container\" data-settings=\"{&quot;_ha_eqh_enable&quot;:false}\">\n\t\t\t\t<div class=\"elementor-element elementor-element-d15b789 elementor-align-left elementor-widget__width-initial elementor-widget elementor-widget-button\" data-id=\"d15b789\" data-element_type=\"widget\" data-widget_type=\"button.default\">\n\t\t\t\t<div class=\"elementor-widget-container\">\n\t\t\t\t\t\t\t\t\t<div class=\"elementor-button-wrapper\">\n\t\t\t\t\t<a class=\"elementor-button elementor-button-link elementor-size-md\" href=\"https:\/\/inovaufopa.tech\/index.php\/fale-conosco-2\/\" target=\"_blank\">\n\t\t\t\t\t\t<span class=\"elementor-button-content-wrapper\">\n\t\t\t\t\t\t<span class=\"elementor-button-icon\">\n\t\t\t\t<i aria-hidden=\"true\" class=\"fas fa-mail-bulk\"><\/i>\t\t\t<\/span>\n\t\t\t\t\t\t\t\t\t<span class=\"elementor-button-text\">Fale concosco<\/span>\n\t\t\t\t\t<\/span>\n\t\t\t\t\t<\/a>\n\t\t\t\t<\/div>\n\t\t\t\t\t\t\t\t<\/div>\n\t\t\t\t<\/div>\n\t\t\t\t<\/div>\n\t\t<div class=\"elementor-element elementor-element-2a6f60c e-con-full e-flex wpr-particle-no wpr-jarallax-no wpr-parallax-no wpr-sticky-section-no e-con e-child\" data-id=\"2a6f60c\" data-element_type=\"container\" data-settings=\"{&quot;_ha_eqh_enable&quot;:false}\">\n\t\t\t\t<\/div>\n\t\t<div class=\"elementor-element elementor-element-6db8d52 e-con-full e-flex wpr-particle-no wpr-jarallax-no wpr-parallax-no wpr-sticky-section-no e-con e-child\" data-id=\"6db8d52\" data-element_type=\"container\" data-settings=\"{&quot;_ha_eqh_enable&quot;:false}\">\n\t\t\t\t<\/div>\n\t\t\t\t\t<\/div>\n\t\t\t\t<\/div>\n\t\t\t\t<\/div>\n\t\t","protected":false},"excerpt":{"rendered":"<p>Produto cosm\u00e9tico para colorir os l\u00e1bios baseado em pigmento extra\u00eddo das cascas do fruto Syzygium Malaccense O que \u00e9? Produto cosm\u00e9tico para colorir os l\u00e1bios baseado em pigmento extra\u00eddo das cascas do fruto do jambeiro-vermelho (Syzygium malaccense (L.) MERR. &amp; L.M. PERRY, MYRTACEAE), e manteigas extra\u00eddas de sementes e frutos amaz\u00f4nicos. A presen\u00e7a de componentes t\u00f3xicos em formula\u00e7\u00f5es de cosm\u00e9ticos convencionais, tal como os metais pesados chumbo (Pb) e c\u00e1dmio (Cd) em pigmentos inorg\u00e2nicos, t\u00eam sido um gargalo para a ind\u00fastria cosm\u00e9tica. Inventores Kariane Mendes Nunes, Leopoldo Clemente Baratto, Bruna Carvalho Cantal de Souza, Walberson da Silva Reatgui . Est\u00e1gio de desenvolvimento A tecnologia foi classificada em TRL 3. Diferenciais A inova\u00e7\u00e3o desta tecnologia est\u00e1 no emprego das manteigas amaz\u00f4nicas como Bacuri e Murumuru, as quais possuem potencial a\u00e7\u00e3o hidratante, al\u00e9m de conter o pigmento natural extra\u00eddo das cascas do Jambo-vermelho (Syzygium malaccense) com atividade antioxidante. A substitui\u00e7\u00e3o dos ingredientes tradicionalmente utilizados na produ\u00e7\u00e3o de batons por mat\u00e9rias-primas amaz\u00f4nicas proporcionam ao produto maior seguran\u00e7a no uso , al\u00e9m das funcionalidades como hidrata\u00e7\u00e3o e a\u00e7\u00e3o antioxidante. Propriedade Intelectual UFOPABR 102017001576-9 Resumo executivo Fale concosco<\/p>\n","protected":false},"author":1,"featured_media":0,"parent":0,"menu_order":0,"comment_status":"closed","ping_status":"closed","template":"","meta":{"om_disable_all_campaigns":false,"_monsterinsights_skip_tracking":false,"_monsterinsights_sitenote_active":false,"_monsterinsights_sitenote_note":"","_monsterinsights_sitenote_category":0,"site-sidebar-layout":"no-sidebar","site-content-layout":"page-builder","ast-site-content-layout":"full-width-container","site-content-style":"default","site-sidebar-style":"default","ast-global-header-display":"","ast-banner-title-visibility":"","ast-main-header-display":"","ast-hfb-above-header-display":"","ast-hfb-below-header-display":"","ast-hfb-mobile-header-display":"","site-post-title":"disabled","ast-breadcrumbs-content":"","ast-featured-img":"disabled","footer-sml-layout":"","theme-transparent-header-meta":"","adv-header-id-meta":"","stick-header-meta":"","header-above-stick-meta":"","header-main-stick-meta":"","header-below-stick-meta":"","astra-migrate-meta-layouts":"set","ast-page-background-enabled":"default","ast-page-background-meta":{"desktop":{"background-color":"var(--ast-global-color-4)","background-image":"","background-repeat":"repeat","background-position":"center center","background-size":"auto","background-attachment":"scroll","background-type":"","background-media":"","overlay-type":"","overlay-color":"","overlay-opacity":"","overlay-gradient":""},"tablet":{"background-color":"","background-image":"","background-repeat":"repeat","background-position":"center center","background-size":"auto","background-attachment":"scroll","background-type":"","background-media":"","overlay-type":"","overlay-color":"","overlay-opacity":"","overlay-gradient":""},"mobile":{"background-color":"","background-image":"","background-repeat":"repeat","background-position":"center center","background-size":"auto","background-attachment":"scroll","background-type":"","background-media":"","overlay-type":"","overlay-color":"","overlay-opacity":"","overlay-gradient":""}},"ast-content-background-meta":{"desktop":{"background-color":"var(--ast-global-color-5)","background-image":"","background-repeat":"repeat","background-position":"center center","background-size":"auto","background-attachment":"scroll","background-type":"","background-media":"","overlay-type":"","overlay-color":"","overlay-opacity":"","overlay-gradient":""},"tablet":{"background-color":"var(--ast-global-color-5)","background-image":"","background-repeat":"repeat","background-position":"center center","background-size":"auto","background-attachment":"scroll","background-type":"","background-media":"","overlay-type":"","overlay-color":"","overlay-opacity":"","overlay-gradient":""},"mobile":{"background-color":"var(--ast-global-color-5)","background-image":"","background-repeat":"repeat","background-position":"center center","background-size":"auto","background-attachment":"scroll","background-type":"","background-media":"","overlay-type":"","overlay-color":"","overlay-opacity":"","overlay-gradient":""}},"footnotes":""},"class_list":["post-6986","page","type-page","status-publish","hentry"],"aioseo_notices":[],"yoast_head":"<!-- This site is optimized with the Yoast SEO plugin v26.5 - https:\/\/yoast.com\/wordpress\/plugins\/seo\/ -->\n<title>Produto cosm\u00e9tico - Portal Aberto de Inova\u00e7\u00e3o Tecnol\u00f3gica<\/title>\n<meta name=\"robots\" content=\"index, follow, max-snippet:-1, max-image-preview:large, max-video-preview:-1\" \/>\n<link rel=\"canonical\" href=\"https:\/\/inovaufopa.tech\/index.php\/produto-cosmetico\/\" \/>\n<meta property=\"og:locale\" content=\"pt_BR\" \/>\n<meta property=\"og:type\" content=\"article\" \/>\n<meta property=\"og:title\" content=\"Produto cosm\u00e9tico - Portal Aberto de Inova\u00e7\u00e3o Tecnol\u00f3gica\" \/>\n<meta property=\"og:description\" content=\"Produto cosm\u00e9tico para colorir os l\u00e1bios baseado em pigmento extra\u00eddo das cascas do fruto Syzygium Malaccense O que \u00e9? Produto cosm\u00e9tico para colorir os l\u00e1bios baseado em pigmento extra\u00eddo das cascas do fruto do jambeiro-vermelho (Syzygium malaccense (L.) MERR. &amp; L.M. PERRY, MYRTACEAE), e manteigas extra\u00eddas de sementes e frutos amaz\u00f4nicos. A presen\u00e7a de componentes t\u00f3xicos em formula\u00e7\u00f5es de cosm\u00e9ticos convencionais, tal como os metais pesados chumbo (Pb) e c\u00e1dmio (Cd) em pigmentos inorg\u00e2nicos, t\u00eam sido um gargalo para a ind\u00fastria cosm\u00e9tica. Inventores Kariane Mendes Nunes, Leopoldo Clemente Baratto, Bruna Carvalho Cantal de Souza, Walberson da Silva Reatgui . Est\u00e1gio de desenvolvimento A tecnologia foi classificada em TRL 3. Diferenciais A inova\u00e7\u00e3o desta tecnologia est\u00e1 no emprego das manteigas amaz\u00f4nicas como Bacuri e Murumuru, as quais possuem potencial a\u00e7\u00e3o hidratante, al\u00e9m de conter o pigmento natural extra\u00eddo das cascas do Jambo-vermelho (Syzygium malaccense) com atividade antioxidante. A substitui\u00e7\u00e3o dos ingredientes tradicionalmente utilizados na produ\u00e7\u00e3o de batons por mat\u00e9rias-primas amaz\u00f4nicas proporcionam ao produto maior seguran\u00e7a no uso , al\u00e9m das funcionalidades como hidrata\u00e7\u00e3o e a\u00e7\u00e3o antioxidante. Propriedade Intelectual UFOPABR 102017001576-9 Resumo executivo Fale concosco\" \/>\n<meta property=\"og:url\" content=\"https:\/\/inovaufopa.tech\/index.php\/produto-cosmetico\/\" \/>\n<meta property=\"og:site_name\" content=\"Portal Aberto de Inova\u00e7\u00e3o Tecnol\u00f3gica\" \/>\n<meta property=\"article:modified_time\" content=\"2023-11-14T11:39:43+00:00\" \/>\n<meta name=\"twitter:card\" content=\"summary_large_image\" \/>\n<meta name=\"twitter:label1\" content=\"Est. tempo de leitura\" \/>\n\t<meta name=\"twitter:data1\" content=\"1 minuto\" \/>\n<script type=\"application\/ld+json\" class=\"yoast-schema-graph\">{\"@context\":\"https:\/\/schema.org\",\"@graph\":[{\"@type\":\"WebPage\",\"@id\":\"https:\/\/inovaufopa.tech\/index.php\/produto-cosmetico\/\",\"url\":\"https:\/\/inovaufopa.tech\/index.php\/produto-cosmetico\/\",\"name\":\"Produto cosm\u00e9tico - Portal Aberto de Inova\u00e7\u00e3o Tecnol\u00f3gica\",\"isPartOf\":{\"@id\":\"https:\/\/inovaufopa.tech\/#website\"},\"datePublished\":\"2023-11-13T23:32:41+00:00\",\"dateModified\":\"2023-11-14T11:39:43+00:00\",\"breadcrumb\":{\"@id\":\"https:\/\/inovaufopa.tech\/index.php\/produto-cosmetico\/#breadcrumb\"},\"inLanguage\":\"pt-BR\",\"potentialAction\":[{\"@type\":\"ReadAction\",\"target\":[\"https:\/\/inovaufopa.tech\/index.php\/produto-cosmetico\/\"]}]},{\"@type\":\"BreadcrumbList\",\"@id\":\"https:\/\/inovaufopa.tech\/index.php\/produto-cosmetico\/#breadcrumb\",\"itemListElement\":[{\"@type\":\"ListItem\",\"position\":1,\"name\":\"In\u00edcio\",\"item\":\"https:\/\/inovaufopa.tech\/\"},{\"@type\":\"ListItem\",\"position\":2,\"name\":\"Produto cosm\u00e9tico\"}]},{\"@type\":\"WebSite\",\"@id\":\"https:\/\/inovaufopa.tech\/#website\",\"url\":\"https:\/\/inovaufopa.tech\/\",\"name\":\"Portal Aberto de Inova\u00e7\u00e3o Tecnol\u00f3gica\",\"description\":\"Inovar na Amaz\u00f4nia para mudar o mundo\",\"potentialAction\":[{\"@type\":\"SearchAction\",\"target\":{\"@type\":\"EntryPoint\",\"urlTemplate\":\"https:\/\/inovaufopa.tech\/?s={search_term_string}\"},\"query-input\":{\"@type\":\"PropertyValueSpecification\",\"valueRequired\":true,\"valueName\":\"search_term_string\"}}],\"inLanguage\":\"pt-BR\"}]}<\/script>\n<!-- \/ Yoast SEO plugin. -->","yoast_head_json":{"title":"Produto cosm\u00e9tico - Portal Aberto de Inova\u00e7\u00e3o Tecnol\u00f3gica","robots":{"index":"index","follow":"follow","max-snippet":"max-snippet:-1","max-image-preview":"max-image-preview:large","max-video-preview":"max-video-preview:-1"},"canonical":"https:\/\/inovaufopa.tech\/index.php\/produto-cosmetico\/","og_locale":"pt_BR","og_type":"article","og_title":"Produto cosm\u00e9tico - Portal Aberto de Inova\u00e7\u00e3o Tecnol\u00f3gica","og_description":"Produto cosm\u00e9tico para colorir os l\u00e1bios baseado em pigmento extra\u00eddo das cascas do fruto Syzygium Malaccense O que \u00e9? Produto cosm\u00e9tico para colorir os l\u00e1bios baseado em pigmento extra\u00eddo das cascas do fruto do jambeiro-vermelho (Syzygium malaccense (L.) MERR. &amp; L.M. PERRY, MYRTACEAE), e manteigas extra\u00eddas de sementes e frutos amaz\u00f4nicos. A presen\u00e7a de componentes t\u00f3xicos em formula\u00e7\u00f5es de cosm\u00e9ticos convencionais, tal como os metais pesados chumbo (Pb) e c\u00e1dmio (Cd) em pigmentos inorg\u00e2nicos, t\u00eam sido um gargalo para a ind\u00fastria cosm\u00e9tica. Inventores Kariane Mendes Nunes, Leopoldo Clemente Baratto, Bruna Carvalho Cantal de Souza, Walberson da Silva Reatgui . Est\u00e1gio de desenvolvimento A tecnologia foi classificada em TRL 3. Diferenciais A inova\u00e7\u00e3o desta tecnologia est\u00e1 no emprego das manteigas amaz\u00f4nicas como Bacuri e Murumuru, as quais possuem potencial a\u00e7\u00e3o hidratante, al\u00e9m de conter o pigmento natural extra\u00eddo das cascas do Jambo-vermelho (Syzygium malaccense) com atividade antioxidante. A substitui\u00e7\u00e3o dos ingredientes tradicionalmente utilizados na produ\u00e7\u00e3o de batons por mat\u00e9rias-primas amaz\u00f4nicas proporcionam ao produto maior seguran\u00e7a no uso , al\u00e9m das funcionalidades como hidrata\u00e7\u00e3o e a\u00e7\u00e3o antioxidante. Propriedade Intelectual UFOPABR 102017001576-9 Resumo executivo Fale concosco","og_url":"https:\/\/inovaufopa.tech\/index.php\/produto-cosmetico\/","og_site_name":"Portal Aberto de Inova\u00e7\u00e3o Tecnol\u00f3gica","article_modified_time":"2023-11-14T11:39:43+00:00","twitter_card":"summary_large_image","twitter_misc":{"Est. tempo de leitura":"1 minuto"},"schema":{"@context":"https:\/\/schema.org","@graph":[{"@type":"WebPage","@id":"https:\/\/inovaufopa.tech\/index.php\/produto-cosmetico\/","url":"https:\/\/inovaufopa.tech\/index.php\/produto-cosmetico\/","name":"Produto cosm\u00e9tico - Portal Aberto de Inova\u00e7\u00e3o Tecnol\u00f3gica","isPartOf":{"@id":"https:\/\/inovaufopa.tech\/#website"},"datePublished":"2023-11-13T23:32:41+00:00","dateModified":"2023-11-14T11:39:43+00:00","breadcrumb":{"@id":"https:\/\/inovaufopa.tech\/index.php\/produto-cosmetico\/#breadcrumb"},"inLanguage":"pt-BR","potentialAction":[{"@type":"ReadAction","target":["https:\/\/inovaufopa.tech\/index.php\/produto-cosmetico\/"]}]},{"@type":"BreadcrumbList","@id":"https:\/\/inovaufopa.tech\/index.php\/produto-cosmetico\/#breadcrumb","itemListElement":[{"@type":"ListItem","position":1,"name":"In\u00edcio","item":"https:\/\/inovaufopa.tech\/"},{"@type":"ListItem","position":2,"name":"Produto cosm\u00e9tico"}]},{"@type":"WebSite","@id":"https:\/\/inovaufopa.tech\/#website","url":"https:\/\/inovaufopa.tech\/","name":"Portal Aberto de Inova\u00e7\u00e3o Tecnol\u00f3gica","description":"Inovar na Amaz\u00f4nia para mudar o mundo","potentialAction":[{"@type":"SearchAction","target":{"@type":"EntryPoint","urlTemplate":"https:\/\/inovaufopa.tech\/?s={search_term_string}"},"query-input":{"@type":"PropertyValueSpecification","valueRequired":true,"valueName":"search_term_string"}}],"inLanguage":"pt-BR"}]}},"_links":{"self":[{"href":"https:\/\/inovaufopa.tech\/index.php\/wp-json\/wp\/v2\/pages\/6986","targetHints":{"allow":["GET"]}}],"collection":[{"href":"https:\/\/inovaufopa.tech\/index.php\/wp-json\/wp\/v2\/pages"}],"about":[{"href":"https:\/\/inovaufopa.tech\/index.php\/wp-json\/wp\/v2\/types\/page"}],"author":[{"embeddable":true,"href":"https:\/\/inovaufopa.tech\/index.php\/wp-json\/wp\/v2\/users\/1"}],"replies":[{"embeddable":true,"href":"https:\/\/inovaufopa.tech\/index.php\/wp-json\/wp\/v2\/comments?post=6986"}],"version-history":[{"count":19,"href":"https:\/\/inovaufopa.tech\/index.php\/wp-json\/wp\/v2\/pages\/6986\/revisions"}],"predecessor-version":[{"id":7093,"href":"https:\/\/inovaufopa.tech\/index.php\/wp-json\/wp\/v2\/pages\/6986\/revisions\/7093"}],"wp:attachment":[{"href":"https:\/\/inovaufopa.tech\/index.php\/wp-json\/wp\/v2\/media?parent=6986"}],"curies":[{"name":"wp","href":"https:\/\/api.w.org\/{rel}","templated":true}]}}