{"id":6988,"date":"2023-11-13T23:25:30","date_gmt":"2023-11-13T23:25:30","guid":{"rendered":"https:\/\/inovaufopa.tech\/?page_id=6988"},"modified":"2024-06-12T19:54:22","modified_gmt":"2024-06-12T19:54:22","slug":"sistemas-liquidos","status":"publish","type":"page","link":"https:\/\/inovaufopa.tech\/index.php\/sistemas-liquidos\/","title":{"rendered":"Sistemas l\u00edquidos"},"content":{"rendered":"\t\t<div data-elementor-type=\"wp-page\" data-elementor-id=\"6988\" class=\"elementor elementor-6988\" data-elementor-settings=\"{&quot;ha_cmc_init_switcher&quot;:&quot;no&quot;}\" data-elementor-post-type=\"page\">\n\t\t\t\t<div class=\"elementor-element elementor-element-4b7888d e-flex e-con-boxed wpr-particle-no wpr-jarallax-no wpr-parallax-no wpr-sticky-section-no e-con e-parent\" data-id=\"4b7888d\" data-element_type=\"container\" data-settings=\"{&quot;_ha_eqh_enable&quot;:false}\">\n\t\t\t\t\t<div class=\"e-con-inner\">\n\t\t\t\t<div class=\"elementor-element elementor-element-c2a37a9 elementor-widget elementor-widget-heading\" data-id=\"c2a37a9\" data-element_type=\"widget\" data-widget_type=\"heading.default\">\n\t\t\t\t<div class=\"elementor-widget-container\">\n\t\t\t\t\t<h2 class=\"elementor-heading-title elementor-size-default\">Sistemas l\u00edquidos cristalinos baseados em gordura vegetal de murumuru (Astrocaryum Murumuru Mart.) para libera\u00e7\u00e3o sustentada de f\u00e1rmacos em pele e cavidades revestidas por mucosa<\/h2>\t\t\t\t<\/div>\n\t\t\t\t<\/div>\n\t\t\t\t\t<\/div>\n\t\t\t\t<\/div>\n\t\t<div class=\"elementor-element elementor-element-78312ce e-flex e-con-boxed wpr-particle-no wpr-jarallax-no wpr-parallax-no wpr-sticky-section-no e-con e-parent\" data-id=\"78312ce\" data-element_type=\"container\" data-settings=\"{&quot;_ha_eqh_enable&quot;:false}\">\n\t\t\t\t\t<div class=\"e-con-inner\">\n\t\t\t\t<div class=\"elementor-element elementor-element-ce03532 elementor-widget-divider--separator-type-pattern elementor-widget-divider--no-spacing elementor-widget-divider--view-line elementor-widget elementor-widget-divider\" data-id=\"ce03532\" data-element_type=\"widget\" data-widget_type=\"divider.default\">\n\t\t\t\t<div class=\"elementor-widget-container\">\n\t\t\t\t\t\t\t<div class=\"elementor-divider\" style=\"--divider-pattern-url: url(&quot;data:image\/svg+xml,%3Csvg xmlns=&#039;http:\/\/www.w3.org\/2000\/svg&#039; preserveAspectRatio=&#039;xMidYMid meet&#039; overflow=&#039;visible&#039; height=&#039;100%&#039; viewBox=&#039;0 0 126 26&#039; fill=&#039;black&#039; stroke=&#039;none&#039;%3E%3Cpath d=&#039;M10.7,6l2.5,2.6l-4,4.3l4,5.4l-2.5,1.9l-4.5-5.2l-3.9,4.2L0.7,17L4,13.1L0,8.6l2.3-1.3l3.9,3.9L10.7,6z M23.9,6.6l4.2,4.5L32,7.2l2.3,1.3l-4,4.5l3.2,3.9L32,19.1l-3.9-3.3l-4.5,4.3l-2.5-1.9l4.4-5.1l-4.2-3.9L23.9,6.6zM73.5,6L76,8.6l-4,4.3l4,5.4l-2.5,1.9l-4.5-5.2l-3.9,4.2L63.5,17l4.1-4.7L63.5,8l2.3-1.3l4.1,3.6L73.5,6z M94,6l2.5,2.6l-4,4.3l4,5.4L94,20.1l-3.9-5l-3.9,4.2L84,17l3.2-3.9L84,8.6l2.3-1.3l3.2,3.9L94,6z M106.9,6l4.5,5.1l3.9-3.9l2.3,1.3l-4,4.5l3.2,3.9l-1.6,2.1l-3.9-4.2l-4.5,5.2l-2.5-1.9l4-5.4l-4-4.3L106.9,6z M53.1,6l2.5,2.6l-4,4.3l4,4.6l-2.5,1.9l-4.5-4.5l-3.5,4.5L43.1,17l3.2-3.9l-4-4.5l2.3-1.3l3.9,3.9L53.1,6z&#039;\/%3E%3C\/svg%3E&quot;);\">\n\t\t\t<span class=\"elementor-divider-separator\">\n\t\t\t\t\t\t<\/span>\n\t\t<\/div>\n\t\t\t\t\t\t<\/div>\n\t\t\t\t<\/div>\n\t\t\t\t\t<\/div>\n\t\t\t\t<\/div>\n\t\t<div class=\"elementor-element elementor-element-8d60c23 e-flex e-con-boxed wpr-particle-no wpr-jarallax-no wpr-parallax-no wpr-sticky-section-no e-con e-parent\" data-id=\"8d60c23\" data-element_type=\"container\" data-settings=\"{&quot;_ha_eqh_enable&quot;:false}\">\n\t\t\t\t\t<div class=\"e-con-inner\">\n\t\t\t\t<div class=\"elementor-element elementor-element-c64b255 elementor-widget elementor-widget-heading\" data-id=\"c64b255\" data-element_type=\"widget\" data-widget_type=\"heading.default\">\n\t\t\t\t<div class=\"elementor-widget-container\">\n\t\t\t\t\t<h2 class=\"elementor-heading-title elementor-size-default\">O que \u00e9?<\/h2>\t\t\t\t<\/div>\n\t\t\t\t<\/div>\n\t\t\t\t<div class=\"elementor-element elementor-element-ee9a294 elementor-widget elementor-widget-text-editor\" data-id=\"ee9a294\" data-element_type=\"widget\" data-widget_type=\"text-editor.default\">\n\t\t\t\t<div class=\"elementor-widget-container\">\n\t\t\t\t\t\t\t\t\t<p>Descreve a composi\u00e7\u00e3o de um novo sistema l\u00edquido cristalino para a libera\u00e7\u00e3o sustentada de subst\u00e2ncias ativas de car\u00e1ter hidrof\u00edlico e\/ou lipof\u00edlico na pele e em cavidades revestidas por mucosas, caracterizado por conter como ingrediente majorit\u00e1rio a gordura vegetal de Murumuru (Astrocaryum murumuru Mart.).<\/p>\t\t\t\t\t\t\t\t<\/div>\n\t\t\t\t<\/div>\n\t\t\t\t<div class=\"elementor-element elementor-element-11ce887 elementor-widget elementor-widget-heading\" data-id=\"11ce887\" data-element_type=\"widget\" data-widget_type=\"heading.default\">\n\t\t\t\t<div class=\"elementor-widget-container\">\n\t\t\t\t\t<h2 class=\"elementor-heading-title elementor-size-default\">Inventores<\/h2>\t\t\t\t<\/div>\n\t\t\t\t<\/div>\n\t\t\t\t<div class=\"elementor-element elementor-element-01b891f elementor-widget elementor-widget-text-editor\" data-id=\"01b891f\" data-element_type=\"widget\" data-widget_type=\"text-editor.default\">\n\t\t\t\t<div class=\"elementor-widget-container\">\n\t\t\t\t\t\t\t\t\t<p>Kariane Mendes Nunes, Jos\u00e9 Ot\u00e1vio Carr\u00e9ra Silva J\u00fanior, Renata Cristina Kiatkoski Kaminski, Silvia Katrine Silva Escher, Junior Avelino de Ara\u00fajo.\u00a0<\/p>\t\t\t\t\t\t\t\t<\/div>\n\t\t\t\t<\/div>\n\t\t\t\t<div class=\"elementor-element elementor-element-e92831f elementor-widget elementor-widget-heading\" data-id=\"e92831f\" data-element_type=\"widget\" data-widget_type=\"heading.default\">\n\t\t\t\t<div class=\"elementor-widget-container\">\n\t\t\t\t\t<h2 class=\"elementor-heading-title elementor-size-default\">Est\u00e1gio de desenvolvimento<\/h2>\t\t\t\t<\/div>\n\t\t\t\t<\/div>\n\t\t\t\t<div class=\"elementor-element elementor-element-f7d6223 elementor-widget elementor-widget-text-editor\" data-id=\"f7d6223\" data-element_type=\"widget\" data-widget_type=\"text-editor.default\">\n\t\t\t\t<div class=\"elementor-widget-container\">\n\t\t\t\t\t\t\t\t\t<p>A tecnologia foi classificada em TRL 3.<\/p>\t\t\t\t\t\t\t\t<\/div>\n\t\t\t\t<\/div>\n\t\t\t\t<div class=\"elementor-element elementor-element-a1c5ad7 elementor-widget elementor-widget-heading\" data-id=\"a1c5ad7\" data-element_type=\"widget\" data-widget_type=\"heading.default\">\n\t\t\t\t<div class=\"elementor-widget-container\">\n\t\t\t\t\t<h2 class=\"elementor-heading-title elementor-size-default\">Diferenciais<\/h2>\t\t\t\t<\/div>\n\t\t\t\t<\/div>\n\t\t\t\t<div class=\"elementor-element elementor-element-43d88e2 elementor-widget elementor-widget-text-editor\" data-id=\"43d88e2\" data-element_type=\"widget\" data-widget_type=\"text-editor.default\">\n\t\t\t\t<div class=\"elementor-widget-container\">\n\t\t\t\t\t\t\t\t\t<p>O produto tem como novidade a sua versatilidade, j\u00e1 que \u00e9 capaz de incorporar bioativos e f\u00e1rmacos de car\u00e1ter hidrof\u00edlico e lipof\u00edlico, a exemplos de \u00f3leos, extratos e f\u00e1rmacos sint\u00e9ticos, biodegrad\u00e1vel, mucoadesivo, e resistente ao fluxo de fluidos biol\u00f3gicos na pele e cavidades de mucosas, o que permite libera\u00e7\u00e3o prolongada no local de a\u00e7\u00e3o, consequentemente, diminuindo o n\u00famero de aplica\u00e7\u00e3o e otimizado a efic\u00e1cia terap\u00eautica. A tecnologia possui uma grande diversidade de aplica\u00e7\u00f5es, podendo ser empregada na formula\u00e7\u00e3o de diversos produtos farmac\u00eauticos e cosm\u00e9ticos para diferentes terapias.<\/p>\t\t\t\t\t\t\t\t<\/div>\n\t\t\t\t<\/div>\n\t\t\t\t<div class=\"elementor-element elementor-element-8f844ad elementor-widget elementor-widget-heading\" data-id=\"8f844ad\" data-element_type=\"widget\" data-widget_type=\"heading.default\">\n\t\t\t\t<div class=\"elementor-widget-container\">\n\t\t\t\t\t<h2 class=\"elementor-heading-title elementor-size-default\">Propriedade Intelectual<\/h2>\t\t\t\t<\/div>\n\t\t\t\t<\/div>\n\t\t\t\t<div class=\"elementor-element elementor-element-d0c5663 elementor-widget elementor-widget-text-editor\" data-id=\"d0c5663\" data-element_type=\"widget\" data-widget_type=\"text-editor.default\">\n\t\t\t\t<div class=\"elementor-widget-container\">\n\t\t\t\t\t\t\t\t\t<p>UFOPA<\/p><p>BR 10201503088-4<\/p>\t\t\t\t\t\t\t\t<\/div>\n\t\t\t\t<\/div>\n\t\t\t\t\t<\/div>\n\t\t\t\t<\/div>\n\t\t<div class=\"elementor-element elementor-element-426705d e-flex e-con-boxed wpr-particle-no wpr-jarallax-no wpr-parallax-no wpr-sticky-section-no e-con e-parent\" data-id=\"426705d\" data-element_type=\"container\" data-settings=\"{&quot;_ha_eqh_enable&quot;:false}\">\n\t\t\t\t\t<div class=\"e-con-inner\">\n\t\t<div class=\"elementor-element elementor-element-805a409 e-con-full e-flex wpr-particle-no wpr-jarallax-no wpr-parallax-no wpr-sticky-section-no e-con e-child\" data-id=\"805a409\" data-element_type=\"container\" data-settings=\"{&quot;_ha_eqh_enable&quot;:false}\">\n\t\t\t\t<div class=\"elementor-element elementor-element-7bf42e4 elementor-align-left elementor-widget__width-initial elementor-widget elementor-widget-button\" data-id=\"7bf42e4\" data-element_type=\"widget\" data-widget_type=\"button.default\">\n\t\t\t\t<div class=\"elementor-widget-container\">\n\t\t\t\t\t\t\t\t\t<div class=\"elementor-button-wrapper\">\n\t\t\t\t\t<a class=\"elementor-button elementor-button-link elementor-size-md\" href=\"http:\/\/inovaufopa.tech\/wp-content\/uploads\/2023\/11\/Sistemas_liquidos.pdf\" target=\"_blank\">\n\t\t\t\t\t\t<span class=\"elementor-button-content-wrapper\">\n\t\t\t\t\t\t<span class=\"elementor-button-icon\">\n\t\t\t\t<i aria-hidden=\"true\" class=\"fas fa-file-download\"><\/i>\t\t\t<\/span>\n\t\t\t\t\t\t\t\t\t<span class=\"elementor-button-text\">Resumo executivo<\/span>\n\t\t\t\t\t<\/span>\n\t\t\t\t\t<\/a>\n\t\t\t\t<\/div>\n\t\t\t\t\t\t\t\t<\/div>\n\t\t\t\t<\/div>\n\t\t\t\t<\/div>\n\t\t<div class=\"elementor-element elementor-element-1a3ae4b e-con-full e-flex wpr-particle-no wpr-jarallax-no wpr-parallax-no wpr-sticky-section-no e-con e-child\" data-id=\"1a3ae4b\" data-element_type=\"container\" data-settings=\"{&quot;_ha_eqh_enable&quot;:false}\">\n\t\t\t\t<div class=\"elementor-element elementor-element-7620fd8 elementor-align-left elementor-widget__width-initial elementor-widget elementor-widget-button\" data-id=\"7620fd8\" data-element_type=\"widget\" data-widget_type=\"button.default\">\n\t\t\t\t<div class=\"elementor-widget-container\">\n\t\t\t\t\t\t\t\t\t<div class=\"elementor-button-wrapper\">\n\t\t\t\t\t<a class=\"elementor-button elementor-button-link elementor-size-md\" href=\"https:\/\/inovaufopa.tech\/index.php\/fale-conosco-2\/\" target=\"_blank\">\n\t\t\t\t\t\t<span class=\"elementor-button-content-wrapper\">\n\t\t\t\t\t\t<span class=\"elementor-button-icon\">\n\t\t\t\t<i aria-hidden=\"true\" class=\"fas fa-mail-bulk\"><\/i>\t\t\t<\/span>\n\t\t\t\t\t\t\t\t\t<span class=\"elementor-button-text\">Fale concosco<\/span>\n\t\t\t\t\t<\/span>\n\t\t\t\t\t<\/a>\n\t\t\t\t<\/div>\n\t\t\t\t\t\t\t\t<\/div>\n\t\t\t\t<\/div>\n\t\t\t\t<\/div>\n\t\t<div class=\"elementor-element elementor-element-9977fcf e-con-full e-flex wpr-particle-no wpr-jarallax-no wpr-parallax-no wpr-sticky-section-no e-con e-child\" data-id=\"9977fcf\" data-element_type=\"container\" data-settings=\"{&quot;_ha_eqh_enable&quot;:false}\">\n\t\t\t\t<\/div>\n\t\t<div class=\"elementor-element elementor-element-3f88a25 e-con-full e-flex wpr-particle-no wpr-jarallax-no wpr-parallax-no wpr-sticky-section-no e-con e-child\" data-id=\"3f88a25\" data-element_type=\"container\" data-settings=\"{&quot;_ha_eqh_enable&quot;:false}\">\n\t\t\t\t<\/div>\n\t\t\t\t\t<\/div>\n\t\t\t\t<\/div>\n\t\t\t\t<\/div>\n\t\t","protected":false},"excerpt":{"rendered":"<p>Sistemas l\u00edquidos cristalinos baseados em gordura vegetal de murumuru (Astrocaryum Murumuru Mart.) para libera\u00e7\u00e3o sustentada de f\u00e1rmacos em pele e cavidades revestidas por mucosa O que \u00e9? Descreve a composi\u00e7\u00e3o de um novo sistema l\u00edquido cristalino para a libera\u00e7\u00e3o sustentada de subst\u00e2ncias ativas de car\u00e1ter hidrof\u00edlico e\/ou lipof\u00edlico na pele e em cavidades revestidas por mucosas, caracterizado por conter como ingrediente majorit\u00e1rio a gordura vegetal de Murumuru (Astrocaryum murumuru Mart.). Inventores Kariane Mendes Nunes, Jos\u00e9 Ot\u00e1vio Carr\u00e9ra Silva J\u00fanior, Renata Cristina Kiatkoski Kaminski, Silvia Katrine Silva Escher, Junior Avelino de Ara\u00fajo.\u00a0 Est\u00e1gio de desenvolvimento A tecnologia foi classificada em TRL 3. Diferenciais O produto tem como novidade a sua versatilidade, j\u00e1 que \u00e9 capaz de incorporar bioativos e f\u00e1rmacos de car\u00e1ter hidrof\u00edlico e lipof\u00edlico, a exemplos de \u00f3leos, extratos e f\u00e1rmacos sint\u00e9ticos, biodegrad\u00e1vel, mucoadesivo, e resistente ao fluxo de fluidos biol\u00f3gicos na pele e cavidades de mucosas, o que permite libera\u00e7\u00e3o prolongada no local de a\u00e7\u00e3o, consequentemente, diminuindo o n\u00famero de aplica\u00e7\u00e3o e otimizado a efic\u00e1cia terap\u00eautica. A tecnologia possui uma grande diversidade de aplica\u00e7\u00f5es, podendo ser empregada na formula\u00e7\u00e3o de diversos produtos farmac\u00eauticos e cosm\u00e9ticos para diferentes terapias. Propriedade Intelectual UFOPA BR 10201503088-4 Resumo executivo Fale concosco<\/p>\n","protected":false},"author":1,"featured_media":0,"parent":0,"menu_order":0,"comment_status":"closed","ping_status":"closed","template":"","meta":{"om_disable_all_campaigns":false,"_monsterinsights_skip_tracking":false,"_monsterinsights_sitenote_active":false,"_monsterinsights_sitenote_note":"","_monsterinsights_sitenote_category":0,"site-sidebar-layout":"no-sidebar","site-content-layout":"page-builder","ast-site-content-layout":"full-width-container","site-content-style":"default","site-sidebar-style":"default","ast-global-header-display":"","ast-banner-title-visibility":"","ast-main-header-display":"","ast-hfb-above-header-display":"","ast-hfb-below-header-display":"","ast-hfb-mobile-header-display":"","site-post-title":"disabled","ast-breadcrumbs-content":"","ast-featured-img":"disabled","footer-sml-layout":"","theme-transparent-header-meta":"","adv-header-id-meta":"","stick-header-meta":"","header-above-stick-meta":"","header-main-stick-meta":"","header-below-stick-meta":"","astra-migrate-meta-layouts":"set","ast-page-background-enabled":"default","ast-page-background-meta":{"desktop":{"background-color":"var(--ast-global-color-4)","background-image":"","background-repeat":"repeat","background-position":"center center","background-size":"auto","background-attachment":"scroll","background-type":"","background-media":"","overlay-type":"","overlay-color":"","overlay-opacity":"","overlay-gradient":""},"tablet":{"background-color":"","background-image":"","background-repeat":"repeat","background-position":"center center","background-size":"auto","background-attachment":"scroll","background-type":"","background-media":"","overlay-type":"","overlay-color":"","overlay-opacity":"","overlay-gradient":""},"mobile":{"background-color":"","background-image":"","background-repeat":"repeat","background-position":"center center","background-size":"auto","background-attachment":"scroll","background-type":"","background-media":"","overlay-type":"","overlay-color":"","overlay-opacity":"","overlay-gradient":""}},"ast-content-background-meta":{"desktop":{"background-color":"var(--ast-global-color-5)","background-image":"","background-repeat":"repeat","background-position":"center center","background-size":"auto","background-attachment":"scroll","background-type":"","background-media":"","overlay-type":"","overlay-color":"","overlay-opacity":"","overlay-gradient":""},"tablet":{"background-color":"var(--ast-global-color-5)","background-image":"","background-repeat":"repeat","background-position":"center center","background-size":"auto","background-attachment":"scroll","background-type":"","background-media":"","overlay-type":"","overlay-color":"","overlay-opacity":"","overlay-gradient":""},"mobile":{"background-color":"var(--ast-global-color-5)","background-image":"","background-repeat":"repeat","background-position":"center center","background-size":"auto","background-attachment":"scroll","background-type":"","background-media":"","overlay-type":"","overlay-color":"","overlay-opacity":"","overlay-gradient":""}},"footnotes":""},"class_list":["post-6988","page","type-page","status-publish","hentry"],"aioseo_notices":[],"yoast_head":"<!-- This site is optimized with the Yoast SEO plugin v26.5 - https:\/\/yoast.com\/wordpress\/plugins\/seo\/ -->\n<title>Sistemas l\u00edquidos - Portal Aberto de Inova\u00e7\u00e3o Tecnol\u00f3gica<\/title>\n<meta name=\"robots\" content=\"index, follow, max-snippet:-1, max-image-preview:large, max-video-preview:-1\" \/>\n<link rel=\"canonical\" href=\"https:\/\/inovaufopa.tech\/index.php\/sistemas-liquidos\/\" \/>\n<meta property=\"og:locale\" content=\"pt_BR\" \/>\n<meta property=\"og:type\" content=\"article\" \/>\n<meta property=\"og:title\" content=\"Sistemas l\u00edquidos - Portal Aberto de Inova\u00e7\u00e3o Tecnol\u00f3gica\" \/>\n<meta property=\"og:description\" content=\"Sistemas l\u00edquidos cristalinos baseados em gordura vegetal de murumuru (Astrocaryum Murumuru Mart.) para libera\u00e7\u00e3o sustentada de f\u00e1rmacos em pele e cavidades revestidas por mucosa O que \u00e9? Descreve a composi\u00e7\u00e3o de um novo sistema l\u00edquido cristalino para a libera\u00e7\u00e3o sustentada de subst\u00e2ncias ativas de car\u00e1ter hidrof\u00edlico e\/ou lipof\u00edlico na pele e em cavidades revestidas por mucosas, caracterizado por conter como ingrediente majorit\u00e1rio a gordura vegetal de Murumuru (Astrocaryum murumuru Mart.). Inventores Kariane Mendes Nunes, Jos\u00e9 Ot\u00e1vio Carr\u00e9ra Silva J\u00fanior, Renata Cristina Kiatkoski Kaminski, Silvia Katrine Silva Escher, Junior Avelino de Ara\u00fajo.\u00a0 Est\u00e1gio de desenvolvimento A tecnologia foi classificada em TRL 3. Diferenciais O produto tem como novidade a sua versatilidade, j\u00e1 que \u00e9 capaz de incorporar bioativos e f\u00e1rmacos de car\u00e1ter hidrof\u00edlico e lipof\u00edlico, a exemplos de \u00f3leos, extratos e f\u00e1rmacos sint\u00e9ticos, biodegrad\u00e1vel, mucoadesivo, e resistente ao fluxo de fluidos biol\u00f3gicos na pele e cavidades de mucosas, o que permite libera\u00e7\u00e3o prolongada no local de a\u00e7\u00e3o, consequentemente, diminuindo o n\u00famero de aplica\u00e7\u00e3o e otimizado a efic\u00e1cia terap\u00eautica. A tecnologia possui uma grande diversidade de aplica\u00e7\u00f5es, podendo ser empregada na formula\u00e7\u00e3o de diversos produtos farmac\u00eauticos e cosm\u00e9ticos para diferentes terapias. Propriedade Intelectual UFOPA BR 10201503088-4 Resumo executivo Fale concosco\" \/>\n<meta property=\"og:url\" content=\"https:\/\/inovaufopa.tech\/index.php\/sistemas-liquidos\/\" \/>\n<meta property=\"og:site_name\" content=\"Portal Aberto de Inova\u00e7\u00e3o Tecnol\u00f3gica\" \/>\n<meta property=\"article:modified_time\" content=\"2024-06-12T19:54:22+00:00\" \/>\n<meta name=\"twitter:card\" content=\"summary_large_image\" \/>\n<meta name=\"twitter:label1\" content=\"Est. tempo de leitura\" \/>\n\t<meta name=\"twitter:data1\" content=\"2 minutos\" \/>\n<script type=\"application\/ld+json\" class=\"yoast-schema-graph\">{\"@context\":\"https:\/\/schema.org\",\"@graph\":[{\"@type\":\"WebPage\",\"@id\":\"https:\/\/inovaufopa.tech\/index.php\/sistemas-liquidos\/\",\"url\":\"https:\/\/inovaufopa.tech\/index.php\/sistemas-liquidos\/\",\"name\":\"Sistemas l\u00edquidos - Portal Aberto de Inova\u00e7\u00e3o Tecnol\u00f3gica\",\"isPartOf\":{\"@id\":\"https:\/\/inovaufopa.tech\/#website\"},\"datePublished\":\"2023-11-13T23:25:30+00:00\",\"dateModified\":\"2024-06-12T19:54:22+00:00\",\"breadcrumb\":{\"@id\":\"https:\/\/inovaufopa.tech\/index.php\/sistemas-liquidos\/#breadcrumb\"},\"inLanguage\":\"pt-BR\",\"potentialAction\":[{\"@type\":\"ReadAction\",\"target\":[\"https:\/\/inovaufopa.tech\/index.php\/sistemas-liquidos\/\"]}]},{\"@type\":\"BreadcrumbList\",\"@id\":\"https:\/\/inovaufopa.tech\/index.php\/sistemas-liquidos\/#breadcrumb\",\"itemListElement\":[{\"@type\":\"ListItem\",\"position\":1,\"name\":\"In\u00edcio\",\"item\":\"https:\/\/inovaufopa.tech\/\"},{\"@type\":\"ListItem\",\"position\":2,\"name\":\"Sistemas l\u00edquidos\"}]},{\"@type\":\"WebSite\",\"@id\":\"https:\/\/inovaufopa.tech\/#website\",\"url\":\"https:\/\/inovaufopa.tech\/\",\"name\":\"Portal Aberto de Inova\u00e7\u00e3o Tecnol\u00f3gica\",\"description\":\"Inovar na Amaz\u00f4nia para mudar o mundo\",\"potentialAction\":[{\"@type\":\"SearchAction\",\"target\":{\"@type\":\"EntryPoint\",\"urlTemplate\":\"https:\/\/inovaufopa.tech\/?s={search_term_string}\"},\"query-input\":{\"@type\":\"PropertyValueSpecification\",\"valueRequired\":true,\"valueName\":\"search_term_string\"}}],\"inLanguage\":\"pt-BR\"}]}<\/script>\n<!-- \/ Yoast SEO plugin. -->","yoast_head_json":{"title":"Sistemas l\u00edquidos - Portal Aberto de Inova\u00e7\u00e3o Tecnol\u00f3gica","robots":{"index":"index","follow":"follow","max-snippet":"max-snippet:-1","max-image-preview":"max-image-preview:large","max-video-preview":"max-video-preview:-1"},"canonical":"https:\/\/inovaufopa.tech\/index.php\/sistemas-liquidos\/","og_locale":"pt_BR","og_type":"article","og_title":"Sistemas l\u00edquidos - Portal Aberto de Inova\u00e7\u00e3o Tecnol\u00f3gica","og_description":"Sistemas l\u00edquidos cristalinos baseados em gordura vegetal de murumuru (Astrocaryum Murumuru Mart.) para libera\u00e7\u00e3o sustentada de f\u00e1rmacos em pele e cavidades revestidas por mucosa O que \u00e9? Descreve a composi\u00e7\u00e3o de um novo sistema l\u00edquido cristalino para a libera\u00e7\u00e3o sustentada de subst\u00e2ncias ativas de car\u00e1ter hidrof\u00edlico e\/ou lipof\u00edlico na pele e em cavidades revestidas por mucosas, caracterizado por conter como ingrediente majorit\u00e1rio a gordura vegetal de Murumuru (Astrocaryum murumuru Mart.). Inventores Kariane Mendes Nunes, Jos\u00e9 Ot\u00e1vio Carr\u00e9ra Silva J\u00fanior, Renata Cristina Kiatkoski Kaminski, Silvia Katrine Silva Escher, Junior Avelino de Ara\u00fajo.\u00a0 Est\u00e1gio de desenvolvimento A tecnologia foi classificada em TRL 3. Diferenciais O produto tem como novidade a sua versatilidade, j\u00e1 que \u00e9 capaz de incorporar bioativos e f\u00e1rmacos de car\u00e1ter hidrof\u00edlico e lipof\u00edlico, a exemplos de \u00f3leos, extratos e f\u00e1rmacos sint\u00e9ticos, biodegrad\u00e1vel, mucoadesivo, e resistente ao fluxo de fluidos biol\u00f3gicos na pele e cavidades de mucosas, o que permite libera\u00e7\u00e3o prolongada no local de a\u00e7\u00e3o, consequentemente, diminuindo o n\u00famero de aplica\u00e7\u00e3o e otimizado a efic\u00e1cia terap\u00eautica. A tecnologia possui uma grande diversidade de aplica\u00e7\u00f5es, podendo ser empregada na formula\u00e7\u00e3o de diversos produtos farmac\u00eauticos e cosm\u00e9ticos para diferentes terapias. Propriedade Intelectual UFOPA BR 10201503088-4 Resumo executivo Fale concosco","og_url":"https:\/\/inovaufopa.tech\/index.php\/sistemas-liquidos\/","og_site_name":"Portal Aberto de Inova\u00e7\u00e3o Tecnol\u00f3gica","article_modified_time":"2024-06-12T19:54:22+00:00","twitter_card":"summary_large_image","twitter_misc":{"Est. tempo de leitura":"2 minutos"},"schema":{"@context":"https:\/\/schema.org","@graph":[{"@type":"WebPage","@id":"https:\/\/inovaufopa.tech\/index.php\/sistemas-liquidos\/","url":"https:\/\/inovaufopa.tech\/index.php\/sistemas-liquidos\/","name":"Sistemas l\u00edquidos - Portal Aberto de Inova\u00e7\u00e3o Tecnol\u00f3gica","isPartOf":{"@id":"https:\/\/inovaufopa.tech\/#website"},"datePublished":"2023-11-13T23:25:30+00:00","dateModified":"2024-06-12T19:54:22+00:00","breadcrumb":{"@id":"https:\/\/inovaufopa.tech\/index.php\/sistemas-liquidos\/#breadcrumb"},"inLanguage":"pt-BR","potentialAction":[{"@type":"ReadAction","target":["https:\/\/inovaufopa.tech\/index.php\/sistemas-liquidos\/"]}]},{"@type":"BreadcrumbList","@id":"https:\/\/inovaufopa.tech\/index.php\/sistemas-liquidos\/#breadcrumb","itemListElement":[{"@type":"ListItem","position":1,"name":"In\u00edcio","item":"https:\/\/inovaufopa.tech\/"},{"@type":"ListItem","position":2,"name":"Sistemas l\u00edquidos"}]},{"@type":"WebSite","@id":"https:\/\/inovaufopa.tech\/#website","url":"https:\/\/inovaufopa.tech\/","name":"Portal Aberto de Inova\u00e7\u00e3o Tecnol\u00f3gica","description":"Inovar na Amaz\u00f4nia para mudar o mundo","potentialAction":[{"@type":"SearchAction","target":{"@type":"EntryPoint","urlTemplate":"https:\/\/inovaufopa.tech\/?s={search_term_string}"},"query-input":{"@type":"PropertyValueSpecification","valueRequired":true,"valueName":"search_term_string"}}],"inLanguage":"pt-BR"}]}},"_links":{"self":[{"href":"https:\/\/inovaufopa.tech\/index.php\/wp-json\/wp\/v2\/pages\/6988","targetHints":{"allow":["GET"]}}],"collection":[{"href":"https:\/\/inovaufopa.tech\/index.php\/wp-json\/wp\/v2\/pages"}],"about":[{"href":"https:\/\/inovaufopa.tech\/index.php\/wp-json\/wp\/v2\/types\/page"}],"author":[{"embeddable":true,"href":"https:\/\/inovaufopa.tech\/index.php\/wp-json\/wp\/v2\/users\/1"}],"replies":[{"embeddable":true,"href":"https:\/\/inovaufopa.tech\/index.php\/wp-json\/wp\/v2\/comments?post=6988"}],"version-history":[{"count":17,"href":"https:\/\/inovaufopa.tech\/index.php\/wp-json\/wp\/v2\/pages\/6988\/revisions"}],"predecessor-version":[{"id":8159,"href":"https:\/\/inovaufopa.tech\/index.php\/wp-json\/wp\/v2\/pages\/6988\/revisions\/8159"}],"wp:attachment":[{"href":"https:\/\/inovaufopa.tech\/index.php\/wp-json\/wp\/v2\/media?parent=6988"}],"curies":[{"name":"wp","href":"https:\/\/api.w.org\/{rel}","templated":true}]}}