{"id":7126,"date":"2023-11-20T12:22:40","date_gmt":"2023-11-20T12:22:40","guid":{"rendered":"https:\/\/inovaufopa.tech\/?page_id=7126"},"modified":"2023-11-20T12:23:29","modified_gmt":"2023-11-20T12:23:29","slug":"textlytics-2","status":"publish","type":"page","link":"https:\/\/inovaufopa.tech\/index.php\/textlytics-2\/","title":{"rendered":"TEXTLYTICS"},"content":{"rendered":"\t\t<div data-elementor-type=\"wp-page\" data-elementor-id=\"7126\" class=\"elementor elementor-7126\" data-elementor-settings=\"{&quot;ha_cmc_init_switcher&quot;:&quot;no&quot;}\" data-elementor-post-type=\"page\">\n\t\t\t\t<div class=\"elementor-element elementor-element-f7d111f e-flex e-con-boxed wpr-particle-no wpr-jarallax-no wpr-parallax-no wpr-sticky-section-no e-con e-parent\" data-id=\"f7d111f\" data-element_type=\"container\" data-settings=\"{&quot;_ha_eqh_enable&quot;:false}\">\n\t\t\t\t\t<div class=\"e-con-inner\">\n\t\t\t\t<div class=\"elementor-element elementor-element-ba1c815 elementor-widget elementor-widget-heading\" data-id=\"ba1c815\" data-element_type=\"widget\" data-widget_type=\"heading.default\">\n\t\t\t\t<div class=\"elementor-widget-container\">\n\t\t\t\t\t<h2 class=\"elementor-heading-title elementor-size-default\">TEXTLYTICS: m\u00e9tricas para an\u00e1lise de textos<\/h2>\t\t\t\t<\/div>\n\t\t\t\t<\/div>\n\t\t<div class=\"elementor-element elementor-element-7b2aec6 e-flex e-con-boxed wpr-particle-no wpr-jarallax-no wpr-parallax-no wpr-sticky-section-no e-con e-child\" data-id=\"7b2aec6\" data-element_type=\"container\" data-settings=\"{&quot;_ha_eqh_enable&quot;:false}\">\n\t\t\t\t\t<div class=\"e-con-inner\">\n\t\t\t\t<div class=\"elementor-element elementor-element-e603384 elementor-widget-divider--separator-type-pattern elementor-widget-divider--no-spacing elementor-widget-divider--view-line elementor-widget elementor-widget-divider\" data-id=\"e603384\" data-element_type=\"widget\" data-widget_type=\"divider.default\">\n\t\t\t\t<div class=\"elementor-widget-container\">\n\t\t\t\t\t\t\t<div class=\"elementor-divider\" style=\"--divider-pattern-url: url(&quot;data:image\/svg+xml,%3Csvg xmlns=&#039;http:\/\/www.w3.org\/2000\/svg&#039; preserveAspectRatio=&#039;xMidYMid meet&#039; overflow=&#039;visible&#039; height=&#039;100%&#039; viewBox=&#039;0 0 126 26&#039; fill=&#039;black&#039; stroke=&#039;none&#039;%3E%3Cpath d=&#039;M10.7,6l2.5,2.6l-4,4.3l4,5.4l-2.5,1.9l-4.5-5.2l-3.9,4.2L0.7,17L4,13.1L0,8.6l2.3-1.3l3.9,3.9L10.7,6z M23.9,6.6l4.2,4.5L32,7.2l2.3,1.3l-4,4.5l3.2,3.9L32,19.1l-3.9-3.3l-4.5,4.3l-2.5-1.9l4.4-5.1l-4.2-3.9L23.9,6.6zM73.5,6L76,8.6l-4,4.3l4,5.4l-2.5,1.9l-4.5-5.2l-3.9,4.2L63.5,17l4.1-4.7L63.5,8l2.3-1.3l4.1,3.6L73.5,6z M94,6l2.5,2.6l-4,4.3l4,5.4L94,20.1l-3.9-5l-3.9,4.2L84,17l3.2-3.9L84,8.6l2.3-1.3l3.2,3.9L94,6z M106.9,6l4.5,5.1l3.9-3.9l2.3,1.3l-4,4.5l3.2,3.9l-1.6,2.1l-3.9-4.2l-4.5,5.2l-2.5-1.9l4-5.4l-4-4.3L106.9,6z M53.1,6l2.5,2.6l-4,4.3l4,4.6l-2.5,1.9l-4.5-4.5l-3.5,4.5L43.1,17l3.2-3.9l-4-4.5l2.3-1.3l3.9,3.9L53.1,6z&#039;\/%3E%3C\/svg%3E&quot;);\">\n\t\t\t<span class=\"elementor-divider-separator\">\n\t\t\t\t\t\t<\/span>\n\t\t<\/div>\n\t\t\t\t\t\t<\/div>\n\t\t\t\t<\/div>\n\t\t\t\t\t<\/div>\n\t\t\t\t<\/div>\n\t\t<div class=\"elementor-element elementor-element-7aa871c e-flex e-con-boxed wpr-particle-no wpr-jarallax-no wpr-parallax-no wpr-sticky-section-no e-con e-child\" data-id=\"7aa871c\" data-element_type=\"container\" data-settings=\"{&quot;_ha_eqh_enable&quot;:false}\">\n\t\t\t\t\t<div class=\"e-con-inner\">\n\t\t\t\t<div class=\"elementor-element elementor-element-71e9a5d elementor-widget elementor-widget-heading\" data-id=\"71e9a5d\" data-element_type=\"widget\" data-widget_type=\"heading.default\">\n\t\t\t\t<div class=\"elementor-widget-container\">\n\t\t\t\t\t<h2 class=\"elementor-heading-title elementor-size-default\">O que \u00e9?<\/h2>\t\t\t\t<\/div>\n\t\t\t\t<\/div>\n\t\t\t\t<div class=\"elementor-element elementor-element-0871860 elementor-widget elementor-widget-text-editor\" data-id=\"0871860\" data-element_type=\"widget\" data-widget_type=\"text-editor.default\">\n\t\t\t\t<div class=\"elementor-widget-container\">\n\t\t\t\t\t\t\t\t\t<p>Trata-se de uma aplica\u00e7\u00e3o que permite extrair caracter\u00edsticas textuais com base em m\u00e9tricas de ocorr\u00eancia de palavras. Mais especificamente, \u00e9 poss\u00edvel fazer a contagem de caracteres, palavras, tamanho m\u00e9dio de palavras, palavras \u00fanicas, senten\u00e7as, m\u00e9dia de palavras por senten\u00e7a, estimar o n\u00famero de s\u00edlabas, m\u00e9dia de s\u00edlabas por palavras, taxa de palavras raras e entre outras m\u00e9tricas.<\/p>\t\t\t\t\t\t\t\t<\/div>\n\t\t\t\t<\/div>\n\t\t\t\t<div class=\"elementor-element elementor-element-119d9ed elementor-widget elementor-widget-heading\" data-id=\"119d9ed\" data-element_type=\"widget\" data-widget_type=\"heading.default\">\n\t\t\t\t<div class=\"elementor-widget-container\">\n\t\t\t\t\t<h2 class=\"elementor-heading-title elementor-size-default\">Inventores<\/h2>\t\t\t\t<\/div>\n\t\t\t\t<\/div>\n\t\t\t\t<div class=\"elementor-element elementor-element-50f0389 elementor-widget elementor-widget-text-editor\" data-id=\"50f0389\" data-element_type=\"widget\" data-widget_type=\"text-editor.default\">\n\t\t\t\t<div class=\"elementor-widget-container\">\n\t\t\t\t\t\t\t\t\t<p>Fabio Manoel Fran\u00e7a Lobato; Jorge Luiz Figueira Da Silva Junior.<\/p>\t\t\t\t\t\t\t\t<\/div>\n\t\t\t\t<\/div>\n\t\t\t\t<div class=\"elementor-element elementor-element-1bcd54b elementor-widget elementor-widget-heading\" data-id=\"1bcd54b\" data-element_type=\"widget\" data-widget_type=\"heading.default\">\n\t\t\t\t<div class=\"elementor-widget-container\">\n\t\t\t\t\t<h2 class=\"elementor-heading-title elementor-size-default\">Est\u00e1gio de desenvolvimento<\/h2>\t\t\t\t<\/div>\n\t\t\t\t<\/div>\n\t\t\t\t<div class=\"elementor-element elementor-element-4be9320 elementor-widget elementor-widget-text-editor\" data-id=\"4be9320\" data-element_type=\"widget\" data-widget_type=\"text-editor.default\">\n\t\t\t\t<div class=\"elementor-widget-container\">\n\t\t\t\t\t\t\t\t\t<p>A tecnologia possui est\u00e1gio de TRL 8.<\/p>\t\t\t\t\t\t\t\t<\/div>\n\t\t\t\t<\/div>\n\t\t\t\t<div class=\"elementor-element elementor-element-5929ec1 elementor-widget elementor-widget-heading\" data-id=\"5929ec1\" data-element_type=\"widget\" data-widget_type=\"heading.default\">\n\t\t\t\t<div class=\"elementor-widget-container\">\n\t\t\t\t\t<h2 class=\"elementor-heading-title elementor-size-default\">Diferenciais<\/h2>\t\t\t\t<\/div>\n\t\t\t\t<\/div>\n\t\t\t\t<div class=\"elementor-element elementor-element-5f33ea9 elementor-widget elementor-widget-text-editor\" data-id=\"5f33ea9\" data-element_type=\"widget\" data-widget_type=\"text-editor.default\">\n\t\t\t\t<div class=\"elementor-widget-container\">\n\t\t\t\t\t\t\t\t\t<p>Este \u00e9 um software livre para an\u00e1lise textuais, ele condensa diversas m\u00e9tricas interessantes para a extra\u00e7\u00e3o de atributos, podendo ser utilizado para classifica\u00e7\u00e3o textos ou determina\u00e7\u00e3o de n\u00edvel de legibilidade e leiturabilidade, por exemplo. Pelo nosso melhor conhecimento, esta \u00e9 a primeira biblioteca que contempla n\u00e3o somente o ingl\u00eas, mas tamb\u00e9m o portugu\u00eas.<\/p>\t\t\t\t\t\t\t\t<\/div>\n\t\t\t\t<\/div>\n\t\t\t\t<div class=\"elementor-element elementor-element-ac71c35 elementor-widget elementor-widget-heading\" data-id=\"ac71c35\" data-element_type=\"widget\" data-widget_type=\"heading.default\">\n\t\t\t\t<div class=\"elementor-widget-container\">\n\t\t\t\t\t<h2 class=\"elementor-heading-title elementor-size-default\">Propriedade Intelectual<\/h2>\t\t\t\t<\/div>\n\t\t\t\t<\/div>\n\t\t\t\t<div class=\"elementor-element elementor-element-d8f1025 elementor-widget elementor-widget-text-editor\" data-id=\"d8f1025\" data-element_type=\"widget\" data-widget_type=\"text-editor.default\">\n\t\t\t\t<div class=\"elementor-widget-container\">\n\t\t\t\t\t\t\t\t\t<p>UFOPA<br \/>BR512021001124-4<\/p>\t\t\t\t\t\t\t\t<\/div>\n\t\t\t\t<\/div>\n\t\t<div class=\"elementor-element elementor-element-3fd7529 e-flex e-con-boxed wpr-particle-no wpr-jarallax-no wpr-parallax-no wpr-sticky-section-no e-con e-child\" data-id=\"3fd7529\" data-element_type=\"container\" data-settings=\"{&quot;_ha_eqh_enable&quot;:false}\">\n\t\t\t\t\t<div class=\"e-con-inner\">\n\t\t<div class=\"elementor-element elementor-element-3df5e5b e-con-full e-flex wpr-particle-no wpr-jarallax-no wpr-parallax-no wpr-sticky-section-no e-con e-child\" data-id=\"3df5e5b\" data-element_type=\"container\" data-settings=\"{&quot;_ha_eqh_enable&quot;:false}\">\n\t\t\t\t<div class=\"elementor-element elementor-element-67d26ac elementor-align-left elementor-widget__width-initial elementor-widget elementor-widget-button\" data-id=\"67d26ac\" data-element_type=\"widget\" data-widget_type=\"button.default\">\n\t\t\t\t<div class=\"elementor-widget-container\">\n\t\t\t\t\t\t\t\t\t<div class=\"elementor-button-wrapper\">\n\t\t\t\t\t<a class=\"elementor-button elementor-button-link elementor-size-md\" href=\"http:\/\/inovaufopa.tech\/wp-content\/uploads\/2023\/11\/TEXTLYTICS.pdf\" target=\"_blank\">\n\t\t\t\t\t\t<span class=\"elementor-button-content-wrapper\">\n\t\t\t\t\t\t<span class=\"elementor-button-icon\">\n\t\t\t\t<i aria-hidden=\"true\" class=\"fas fa-file-download\"><\/i>\t\t\t<\/span>\n\t\t\t\t\t\t\t\t\t<span class=\"elementor-button-text\">Resumo executivo<\/span>\n\t\t\t\t\t<\/span>\n\t\t\t\t\t<\/a>\n\t\t\t\t<\/div>\n\t\t\t\t\t\t\t\t<\/div>\n\t\t\t\t<\/div>\n\t\t\t\t<\/div>\n\t\t<div class=\"elementor-element elementor-element-4ff8682 e-con-full e-flex wpr-particle-no wpr-jarallax-no wpr-parallax-no wpr-sticky-section-no e-con e-child\" data-id=\"4ff8682\" data-element_type=\"container\" data-settings=\"{&quot;_ha_eqh_enable&quot;:false}\">\n\t\t\t\t<div class=\"elementor-element elementor-element-582574e elementor-align-left elementor-widget__width-initial elementor-widget elementor-widget-button\" data-id=\"582574e\" data-element_type=\"widget\" data-widget_type=\"button.default\">\n\t\t\t\t<div class=\"elementor-widget-container\">\n\t\t\t\t\t\t\t\t\t<div class=\"elementor-button-wrapper\">\n\t\t\t\t\t<a class=\"elementor-button elementor-button-link elementor-size-md\" href=\"https:\/\/inovaufopa.tech\/index.php\/fale-conosco-2\/\" target=\"_blank\">\n\t\t\t\t\t\t<span class=\"elementor-button-content-wrapper\">\n\t\t\t\t\t\t<span class=\"elementor-button-icon\">\n\t\t\t\t<i aria-hidden=\"true\" class=\"fas fa-mail-bulk\"><\/i>\t\t\t<\/span>\n\t\t\t\t\t\t\t\t\t<span class=\"elementor-button-text\">Fale concosco<\/span>\n\t\t\t\t\t<\/span>\n\t\t\t\t\t<\/a>\n\t\t\t\t<\/div>\n\t\t\t\t\t\t\t\t<\/div>\n\t\t\t\t<\/div>\n\t\t\t\t<\/div>\n\t\t<div class=\"elementor-element elementor-element-888b5d3 e-con-full e-flex wpr-particle-no wpr-jarallax-no wpr-parallax-no wpr-sticky-section-no e-con e-child\" data-id=\"888b5d3\" data-element_type=\"container\" data-settings=\"{&quot;_ha_eqh_enable&quot;:false}\">\n\t\t\t\t<\/div>\n\t\t<div class=\"elementor-element elementor-element-a50ba8e e-con-full e-flex wpr-particle-no wpr-jarallax-no wpr-parallax-no wpr-sticky-section-no e-con e-child\" data-id=\"a50ba8e\" data-element_type=\"container\" data-settings=\"{&quot;_ha_eqh_enable&quot;:false}\">\n\t\t\t\t<\/div>\n\t\t\t\t\t<\/div>\n\t\t\t\t<\/div>\n\t\t\t\t\t<\/div>\n\t\t\t\t<\/div>\n\t\t\t\t\t<\/div>\n\t\t\t\t<\/div>\n\t\t\t\t<\/div>\n\t\t","protected":false},"excerpt":{"rendered":"<p>TEXTLYTICS: m\u00e9tricas para an\u00e1lise de textos O que \u00e9? Trata-se de uma aplica\u00e7\u00e3o que permite extrair caracter\u00edsticas textuais com base em m\u00e9tricas de ocorr\u00eancia de palavras. Mais especificamente, \u00e9 poss\u00edvel fazer a contagem de caracteres, palavras, tamanho m\u00e9dio de palavras, palavras \u00fanicas, senten\u00e7as, m\u00e9dia de palavras por senten\u00e7a, estimar o n\u00famero de s\u00edlabas, m\u00e9dia de s\u00edlabas por palavras, taxa de palavras raras e entre outras m\u00e9tricas. Inventores Fabio Manoel Fran\u00e7a Lobato; Jorge Luiz Figueira Da Silva Junior. Est\u00e1gio de desenvolvimento A tecnologia possui est\u00e1gio de TRL 8. Diferenciais Este \u00e9 um software livre para an\u00e1lise textuais, ele condensa diversas m\u00e9tricas interessantes para a extra\u00e7\u00e3o de atributos, podendo ser utilizado para classifica\u00e7\u00e3o textos ou determina\u00e7\u00e3o de n\u00edvel de legibilidade e leiturabilidade, por exemplo. Pelo nosso melhor conhecimento, esta \u00e9 a primeira biblioteca que contempla n\u00e3o somente o ingl\u00eas, mas tamb\u00e9m o portugu\u00eas. Propriedade Intelectual UFOPABR512021001124-4 Resumo executivo Fale concosco<\/p>\n","protected":false},"author":1,"featured_media":0,"parent":0,"menu_order":0,"comment_status":"closed","ping_status":"closed","template":"","meta":{"om_disable_all_campaigns":false,"_monsterinsights_skip_tracking":false,"_monsterinsights_sitenote_active":false,"_monsterinsights_sitenote_note":"","_monsterinsights_sitenote_category":0,"site-sidebar-layout":"no-sidebar","site-content-layout":"page-builder","ast-site-content-layout":"full-width-container","site-content-style":"default","site-sidebar-style":"default","ast-global-header-display":"","ast-banner-title-visibility":"","ast-main-header-display":"","ast-hfb-above-header-display":"","ast-hfb-below-header-display":"","ast-hfb-mobile-header-display":"","site-post-title":"disabled","ast-breadcrumbs-content":"","ast-featured-img":"disabled","footer-sml-layout":"","theme-transparent-header-meta":"","adv-header-id-meta":"","stick-header-meta":"","header-above-stick-meta":"","header-main-stick-meta":"","header-below-stick-meta":"","astra-migrate-meta-layouts":"set","ast-page-background-enabled":"default","ast-page-background-meta":{"desktop":{"background-color":"var(--ast-global-color-4)","background-image":"","background-repeat":"repeat","background-position":"center center","background-size":"auto","background-attachment":"scroll","background-type":"","background-media":"","overlay-type":"","overlay-color":"","overlay-opacity":"","overlay-gradient":""},"tablet":{"background-color":"","background-image":"","background-repeat":"repeat","background-position":"center center","background-size":"auto","background-attachment":"scroll","background-type":"","background-media":"","overlay-type":"","overlay-color":"","overlay-opacity":"","overlay-gradient":""},"mobile":{"background-color":"","background-image":"","background-repeat":"repeat","background-position":"center center","background-size":"auto","background-attachment":"scroll","background-type":"","background-media":"","overlay-type":"","overlay-color":"","overlay-opacity":"","overlay-gradient":""}},"ast-content-background-meta":{"desktop":{"background-color":"var(--ast-global-color-5)","background-image":"","background-repeat":"repeat","background-position":"center center","background-size":"auto","background-attachment":"scroll","background-type":"","background-media":"","overlay-type":"","overlay-color":"","overlay-opacity":"","overlay-gradient":""},"tablet":{"background-color":"var(--ast-global-color-5)","background-image":"","background-repeat":"repeat","background-position":"center center","background-size":"auto","background-attachment":"scroll","background-type":"","background-media":"","overlay-type":"","overlay-color":"","overlay-opacity":"","overlay-gradient":""},"mobile":{"background-color":"var(--ast-global-color-5)","background-image":"","background-repeat":"repeat","background-position":"center center","background-size":"auto","background-attachment":"scroll","background-type":"","background-media":"","overlay-type":"","overlay-color":"","overlay-opacity":"","overlay-gradient":""}},"footnotes":""},"class_list":["post-7126","page","type-page","status-publish","hentry"],"aioseo_notices":[],"yoast_head":"<!-- This site is optimized with the Yoast SEO plugin v26.5 - https:\/\/yoast.com\/wordpress\/plugins\/seo\/ -->\n<title>TEXTLYTICS - Portal Aberto de Inova\u00e7\u00e3o Tecnol\u00f3gica<\/title>\n<meta name=\"robots\" content=\"index, follow, max-snippet:-1, max-image-preview:large, max-video-preview:-1\" \/>\n<link rel=\"canonical\" href=\"https:\/\/inovaufopa.tech\/index.php\/textlytics-2\/\" \/>\n<meta property=\"og:locale\" content=\"pt_BR\" \/>\n<meta property=\"og:type\" content=\"article\" \/>\n<meta property=\"og:title\" content=\"TEXTLYTICS - Portal Aberto de Inova\u00e7\u00e3o Tecnol\u00f3gica\" \/>\n<meta property=\"og:description\" content=\"TEXTLYTICS: m\u00e9tricas para an\u00e1lise de textos O que \u00e9? Trata-se de uma aplica\u00e7\u00e3o que permite extrair caracter\u00edsticas textuais com base em m\u00e9tricas de ocorr\u00eancia de palavras. Mais especificamente, \u00e9 poss\u00edvel fazer a contagem de caracteres, palavras, tamanho m\u00e9dio de palavras, palavras \u00fanicas, senten\u00e7as, m\u00e9dia de palavras por senten\u00e7a, estimar o n\u00famero de s\u00edlabas, m\u00e9dia de s\u00edlabas por palavras, taxa de palavras raras e entre outras m\u00e9tricas. Inventores Fabio Manoel Fran\u00e7a Lobato; Jorge Luiz Figueira Da Silva Junior. Est\u00e1gio de desenvolvimento A tecnologia possui est\u00e1gio de TRL 8. Diferenciais Este \u00e9 um software livre para an\u00e1lise textuais, ele condensa diversas m\u00e9tricas interessantes para a extra\u00e7\u00e3o de atributos, podendo ser utilizado para classifica\u00e7\u00e3o textos ou determina\u00e7\u00e3o de n\u00edvel de legibilidade e leiturabilidade, por exemplo. Pelo nosso melhor conhecimento, esta \u00e9 a primeira biblioteca que contempla n\u00e3o somente o ingl\u00eas, mas tamb\u00e9m o portugu\u00eas. Propriedade Intelectual UFOPABR512021001124-4 Resumo executivo Fale concosco\" \/>\n<meta property=\"og:url\" content=\"https:\/\/inovaufopa.tech\/index.php\/textlytics-2\/\" \/>\n<meta property=\"og:site_name\" content=\"Portal Aberto de Inova\u00e7\u00e3o Tecnol\u00f3gica\" \/>\n<meta property=\"article:modified_time\" content=\"2023-11-20T12:23:29+00:00\" \/>\n<meta name=\"twitter:card\" content=\"summary_large_image\" \/>\n<meta name=\"twitter:label1\" content=\"Est. tempo de leitura\" \/>\n\t<meta name=\"twitter:data1\" content=\"1 minuto\" \/>\n<script type=\"application\/ld+json\" class=\"yoast-schema-graph\">{\"@context\":\"https:\/\/schema.org\",\"@graph\":[{\"@type\":\"WebPage\",\"@id\":\"https:\/\/inovaufopa.tech\/index.php\/textlytics-2\/\",\"url\":\"https:\/\/inovaufopa.tech\/index.php\/textlytics-2\/\",\"name\":\"TEXTLYTICS - Portal Aberto de Inova\u00e7\u00e3o Tecnol\u00f3gica\",\"isPartOf\":{\"@id\":\"https:\/\/inovaufopa.tech\/#website\"},\"datePublished\":\"2023-11-20T12:22:40+00:00\",\"dateModified\":\"2023-11-20T12:23:29+00:00\",\"breadcrumb\":{\"@id\":\"https:\/\/inovaufopa.tech\/index.php\/textlytics-2\/#breadcrumb\"},\"inLanguage\":\"pt-BR\",\"potentialAction\":[{\"@type\":\"ReadAction\",\"target\":[\"https:\/\/inovaufopa.tech\/index.php\/textlytics-2\/\"]}]},{\"@type\":\"BreadcrumbList\",\"@id\":\"https:\/\/inovaufopa.tech\/index.php\/textlytics-2\/#breadcrumb\",\"itemListElement\":[{\"@type\":\"ListItem\",\"position\":1,\"name\":\"In\u00edcio\",\"item\":\"https:\/\/inovaufopa.tech\/\"},{\"@type\":\"ListItem\",\"position\":2,\"name\":\"TEXTLYTICS\"}]},{\"@type\":\"WebSite\",\"@id\":\"https:\/\/inovaufopa.tech\/#website\",\"url\":\"https:\/\/inovaufopa.tech\/\",\"name\":\"Portal Aberto de Inova\u00e7\u00e3o Tecnol\u00f3gica\",\"description\":\"Inovar na Amaz\u00f4nia para mudar o mundo\",\"potentialAction\":[{\"@type\":\"SearchAction\",\"target\":{\"@type\":\"EntryPoint\",\"urlTemplate\":\"https:\/\/inovaufopa.tech\/?s={search_term_string}\"},\"query-input\":{\"@type\":\"PropertyValueSpecification\",\"valueRequired\":true,\"valueName\":\"search_term_string\"}}],\"inLanguage\":\"pt-BR\"}]}<\/script>\n<!-- \/ Yoast SEO plugin. -->","yoast_head_json":{"title":"TEXTLYTICS - Portal Aberto de Inova\u00e7\u00e3o Tecnol\u00f3gica","robots":{"index":"index","follow":"follow","max-snippet":"max-snippet:-1","max-image-preview":"max-image-preview:large","max-video-preview":"max-video-preview:-1"},"canonical":"https:\/\/inovaufopa.tech\/index.php\/textlytics-2\/","og_locale":"pt_BR","og_type":"article","og_title":"TEXTLYTICS - Portal Aberto de Inova\u00e7\u00e3o Tecnol\u00f3gica","og_description":"TEXTLYTICS: m\u00e9tricas para an\u00e1lise de textos O que \u00e9? Trata-se de uma aplica\u00e7\u00e3o que permite extrair caracter\u00edsticas textuais com base em m\u00e9tricas de ocorr\u00eancia de palavras. Mais especificamente, \u00e9 poss\u00edvel fazer a contagem de caracteres, palavras, tamanho m\u00e9dio de palavras, palavras \u00fanicas, senten\u00e7as, m\u00e9dia de palavras por senten\u00e7a, estimar o n\u00famero de s\u00edlabas, m\u00e9dia de s\u00edlabas por palavras, taxa de palavras raras e entre outras m\u00e9tricas. Inventores Fabio Manoel Fran\u00e7a Lobato; Jorge Luiz Figueira Da Silva Junior. Est\u00e1gio de desenvolvimento A tecnologia possui est\u00e1gio de TRL 8. Diferenciais Este \u00e9 um software livre para an\u00e1lise textuais, ele condensa diversas m\u00e9tricas interessantes para a extra\u00e7\u00e3o de atributos, podendo ser utilizado para classifica\u00e7\u00e3o textos ou determina\u00e7\u00e3o de n\u00edvel de legibilidade e leiturabilidade, por exemplo. Pelo nosso melhor conhecimento, esta \u00e9 a primeira biblioteca que contempla n\u00e3o somente o ingl\u00eas, mas tamb\u00e9m o portugu\u00eas. Propriedade Intelectual UFOPABR512021001124-4 Resumo executivo Fale concosco","og_url":"https:\/\/inovaufopa.tech\/index.php\/textlytics-2\/","og_site_name":"Portal Aberto de Inova\u00e7\u00e3o Tecnol\u00f3gica","article_modified_time":"2023-11-20T12:23:29+00:00","twitter_card":"summary_large_image","twitter_misc":{"Est. tempo de leitura":"1 minuto"},"schema":{"@context":"https:\/\/schema.org","@graph":[{"@type":"WebPage","@id":"https:\/\/inovaufopa.tech\/index.php\/textlytics-2\/","url":"https:\/\/inovaufopa.tech\/index.php\/textlytics-2\/","name":"TEXTLYTICS - Portal Aberto de Inova\u00e7\u00e3o Tecnol\u00f3gica","isPartOf":{"@id":"https:\/\/inovaufopa.tech\/#website"},"datePublished":"2023-11-20T12:22:40+00:00","dateModified":"2023-11-20T12:23:29+00:00","breadcrumb":{"@id":"https:\/\/inovaufopa.tech\/index.php\/textlytics-2\/#breadcrumb"},"inLanguage":"pt-BR","potentialAction":[{"@type":"ReadAction","target":["https:\/\/inovaufopa.tech\/index.php\/textlytics-2\/"]}]},{"@type":"BreadcrumbList","@id":"https:\/\/inovaufopa.tech\/index.php\/textlytics-2\/#breadcrumb","itemListElement":[{"@type":"ListItem","position":1,"name":"In\u00edcio","item":"https:\/\/inovaufopa.tech\/"},{"@type":"ListItem","position":2,"name":"TEXTLYTICS"}]},{"@type":"WebSite","@id":"https:\/\/inovaufopa.tech\/#website","url":"https:\/\/inovaufopa.tech\/","name":"Portal Aberto de Inova\u00e7\u00e3o Tecnol\u00f3gica","description":"Inovar na Amaz\u00f4nia para mudar o mundo","potentialAction":[{"@type":"SearchAction","target":{"@type":"EntryPoint","urlTemplate":"https:\/\/inovaufopa.tech\/?s={search_term_string}"},"query-input":{"@type":"PropertyValueSpecification","valueRequired":true,"valueName":"search_term_string"}}],"inLanguage":"pt-BR"}]}},"_links":{"self":[{"href":"https:\/\/inovaufopa.tech\/index.php\/wp-json\/wp\/v2\/pages\/7126","targetHints":{"allow":["GET"]}}],"collection":[{"href":"https:\/\/inovaufopa.tech\/index.php\/wp-json\/wp\/v2\/pages"}],"about":[{"href":"https:\/\/inovaufopa.tech\/index.php\/wp-json\/wp\/v2\/types\/page"}],"author":[{"embeddable":true,"href":"https:\/\/inovaufopa.tech\/index.php\/wp-json\/wp\/v2\/users\/1"}],"replies":[{"embeddable":true,"href":"https:\/\/inovaufopa.tech\/index.php\/wp-json\/wp\/v2\/comments?post=7126"}],"version-history":[{"count":6,"href":"https:\/\/inovaufopa.tech\/index.php\/wp-json\/wp\/v2\/pages\/7126\/revisions"}],"predecessor-version":[{"id":7144,"href":"https:\/\/inovaufopa.tech\/index.php\/wp-json\/wp\/v2\/pages\/7126\/revisions\/7144"}],"wp:attachment":[{"href":"https:\/\/inovaufopa.tech\/index.php\/wp-json\/wp\/v2\/media?parent=7126"}],"curies":[{"name":"wp","href":"https:\/\/api.w.org\/{rel}","templated":true}]}}