{"id":7160,"date":"2023-11-20T12:53:56","date_gmt":"2023-11-20T12:53:56","guid":{"rendered":"https:\/\/inovaufopa.tech\/?page_id=7160"},"modified":"2023-11-20T13:00:56","modified_gmt":"2023-11-20T13:00:56","slug":"py-rawc-2","status":"publish","type":"page","link":"https:\/\/inovaufopa.tech\/index.php\/py-rawc-2\/","title":{"rendered":"PY-RAWC"},"content":{"rendered":"\t\t<div data-elementor-type=\"wp-page\" data-elementor-id=\"7160\" class=\"elementor elementor-7160\" data-elementor-settings=\"{&quot;ha_cmc_init_switcher&quot;:&quot;no&quot;}\" data-elementor-post-type=\"page\">\n\t\t\t\t<div class=\"elementor-element elementor-element-c82e001 e-flex e-con-boxed wpr-particle-no wpr-jarallax-no wpr-parallax-no wpr-sticky-section-no e-con e-parent\" data-id=\"c82e001\" data-element_type=\"container\" data-settings=\"{&quot;_ha_eqh_enable&quot;:false}\">\n\t\t\t\t\t<div class=\"e-con-inner\">\n\t\t\t\t<div class=\"elementor-element elementor-element-904bb55 elementor-widget elementor-widget-heading\" data-id=\"904bb55\" data-element_type=\"widget\" data-widget_type=\"heading.default\">\n\t\t\t\t<div class=\"elementor-widget-container\">\n\t\t\t\t\t<h2 class=\"elementor-heading-title elementor-size-default\">PY-RAWC: ferramenta de extra\u00e7\u00e3o e an\u00e1lise de dados da plataforma reclame aqui.<\/h2>\t\t\t\t<\/div>\n\t\t\t\t<\/div>\n\t\t<div class=\"elementor-element elementor-element-406de43 e-flex e-con-boxed wpr-particle-no wpr-jarallax-no wpr-parallax-no wpr-sticky-section-no e-con e-child\" data-id=\"406de43\" data-element_type=\"container\" data-settings=\"{&quot;_ha_eqh_enable&quot;:false}\">\n\t\t\t\t\t<div class=\"e-con-inner\">\n\t\t\t\t<div class=\"elementor-element elementor-element-bdaceed elementor-widget-divider--separator-type-pattern elementor-widget-divider--no-spacing elementor-widget-divider--view-line elementor-widget elementor-widget-divider\" data-id=\"bdaceed\" data-element_type=\"widget\" data-widget_type=\"divider.default\">\n\t\t\t\t<div class=\"elementor-widget-container\">\n\t\t\t\t\t\t\t<div class=\"elementor-divider\" style=\"--divider-pattern-url: url(&quot;data:image\/svg+xml,%3Csvg xmlns=&#039;http:\/\/www.w3.org\/2000\/svg&#039; preserveAspectRatio=&#039;xMidYMid meet&#039; overflow=&#039;visible&#039; height=&#039;100%&#039; viewBox=&#039;0 0 126 26&#039; fill=&#039;black&#039; stroke=&#039;none&#039;%3E%3Cpath d=&#039;M10.7,6l2.5,2.6l-4,4.3l4,5.4l-2.5,1.9l-4.5-5.2l-3.9,4.2L0.7,17L4,13.1L0,8.6l2.3-1.3l3.9,3.9L10.7,6z M23.9,6.6l4.2,4.5L32,7.2l2.3,1.3l-4,4.5l3.2,3.9L32,19.1l-3.9-3.3l-4.5,4.3l-2.5-1.9l4.4-5.1l-4.2-3.9L23.9,6.6zM73.5,6L76,8.6l-4,4.3l4,5.4l-2.5,1.9l-4.5-5.2l-3.9,4.2L63.5,17l4.1-4.7L63.5,8l2.3-1.3l4.1,3.6L73.5,6z M94,6l2.5,2.6l-4,4.3l4,5.4L94,20.1l-3.9-5l-3.9,4.2L84,17l3.2-3.9L84,8.6l2.3-1.3l3.2,3.9L94,6z M106.9,6l4.5,5.1l3.9-3.9l2.3,1.3l-4,4.5l3.2,3.9l-1.6,2.1l-3.9-4.2l-4.5,5.2l-2.5-1.9l4-5.4l-4-4.3L106.9,6z M53.1,6l2.5,2.6l-4,4.3l4,4.6l-2.5,1.9l-4.5-4.5l-3.5,4.5L43.1,17l3.2-3.9l-4-4.5l2.3-1.3l3.9,3.9L53.1,6z&#039;\/%3E%3C\/svg%3E&quot;);\">\n\t\t\t<span class=\"elementor-divider-separator\">\n\t\t\t\t\t\t<\/span>\n\t\t<\/div>\n\t\t\t\t\t\t<\/div>\n\t\t\t\t<\/div>\n\t\t\t\t\t<\/div>\n\t\t\t\t<\/div>\n\t\t<div class=\"elementor-element elementor-element-f5ed8a1 e-flex e-con-boxed wpr-particle-no wpr-jarallax-no wpr-parallax-no wpr-sticky-section-no e-con e-child\" data-id=\"f5ed8a1\" data-element_type=\"container\" data-settings=\"{&quot;_ha_eqh_enable&quot;:false}\">\n\t\t\t\t\t<div class=\"e-con-inner\">\n\t\t\t\t<div class=\"elementor-element elementor-element-921fadb elementor-widget elementor-widget-heading\" data-id=\"921fadb\" data-element_type=\"widget\" data-widget_type=\"heading.default\">\n\t\t\t\t<div class=\"elementor-widget-container\">\n\t\t\t\t\t<h2 class=\"elementor-heading-title elementor-size-default\">O que \u00e9?<\/h2>\t\t\t\t<\/div>\n\t\t\t\t<\/div>\n\t\t\t\t<div class=\"elementor-element elementor-element-0660acc elementor-widget elementor-widget-text-editor\" data-id=\"0660acc\" data-element_type=\"widget\" data-widget_type=\"text-editor.default\">\n\t\t\t\t<div class=\"elementor-widget-container\">\n\t\t\t\t\t\t\t\t\t<p>Trata-se de uma ferramenta de extra\u00e7\u00e3o e an\u00e1lise de dados da plataforma Reclame Aqui, para obter <em>insights<\/em> sobre os sistemas de atendimento aos clientes (SAC) de empresas e seus processos de venda.<\/p>\t\t\t\t\t\t\t\t<\/div>\n\t\t\t\t<\/div>\n\t\t\t\t<div class=\"elementor-element elementor-element-2408196 elementor-widget elementor-widget-heading\" data-id=\"2408196\" data-element_type=\"widget\" data-widget_type=\"heading.default\">\n\t\t\t\t<div class=\"elementor-widget-container\">\n\t\t\t\t\t<h2 class=\"elementor-heading-title elementor-size-default\">Inventores<\/h2>\t\t\t\t<\/div>\n\t\t\t\t<\/div>\n\t\t\t\t<div class=\"elementor-element elementor-element-61dbaa8 elementor-widget elementor-widget-text-editor\" data-id=\"61dbaa8\" data-element_type=\"widget\" data-widget_type=\"text-editor.default\">\n\t\t\t\t<div class=\"elementor-widget-container\">\n\t\t\t\t\t\t\t\t\t<p>F\u00e1bio Manoel Fran\u00e7a Lobato; Antonio Fernando Lavareda Jacob Junior; Gustavo Rangel Torres De Almeida.<\/p>\t\t\t\t\t\t\t\t<\/div>\n\t\t\t\t<\/div>\n\t\t\t\t<div class=\"elementor-element elementor-element-b83ebdf elementor-widget elementor-widget-heading\" data-id=\"b83ebdf\" data-element_type=\"widget\" data-widget_type=\"heading.default\">\n\t\t\t\t<div class=\"elementor-widget-container\">\n\t\t\t\t\t<h2 class=\"elementor-heading-title elementor-size-default\">Est\u00e1gio de desenvolvimento<\/h2>\t\t\t\t<\/div>\n\t\t\t\t<\/div>\n\t\t\t\t<div class=\"elementor-element elementor-element-ad9026e elementor-widget elementor-widget-text-editor\" data-id=\"ad9026e\" data-element_type=\"widget\" data-widget_type=\"text-editor.default\">\n\t\t\t\t<div class=\"elementor-widget-container\">\n\t\t\t\t\t\t\t\t\t<p>A tecnologia possui est\u00e1gio de TRL 4.<\/p>\t\t\t\t\t\t\t\t<\/div>\n\t\t\t\t<\/div>\n\t\t\t\t<div class=\"elementor-element elementor-element-bda99f5 elementor-widget elementor-widget-heading\" data-id=\"bda99f5\" data-element_type=\"widget\" data-widget_type=\"heading.default\">\n\t\t\t\t<div class=\"elementor-widget-container\">\n\t\t\t\t\t<h2 class=\"elementor-heading-title elementor-size-default\">Diferenciais<\/h2>\t\t\t\t<\/div>\n\t\t\t\t<\/div>\n\t\t\t\t<div class=\"elementor-element elementor-element-b1a9b34 elementor-widget elementor-widget-text-editor\" data-id=\"b1a9b34\" data-element_type=\"widget\" data-widget_type=\"text-editor.default\">\n\t\t\t\t<div class=\"elementor-widget-container\">\n\t\t\t\t\t\t\t\t\t<p>Atualmente, grande parte das tecnologias focadas em retirada de conhecimento de dados online utilizam apenas as redes mais conhecidas como Facebook, Twitter, pelo fato de possu\u00edrem interfaces que facilitam a extra\u00e7\u00e3o de dados (API\u2019s). Portanto, esta ferramenta busca coletar e entender os dados de plataformas que n\u00e3o possuem esta funcionalidade, mas que guardam informa\u00e7\u00f5es importantes geradas por usu\u00e1rios.<\/p>\t\t\t\t\t\t\t\t<\/div>\n\t\t\t\t<\/div>\n\t\t\t\t<div class=\"elementor-element elementor-element-f605dff elementor-widget elementor-widget-heading\" data-id=\"f605dff\" data-element_type=\"widget\" data-widget_type=\"heading.default\">\n\t\t\t\t<div class=\"elementor-widget-container\">\n\t\t\t\t\t<h2 class=\"elementor-heading-title elementor-size-default\">Propriedade Intelectual<\/h2>\t\t\t\t<\/div>\n\t\t\t\t<\/div>\n\t\t\t\t<div class=\"elementor-element elementor-element-069ad48 elementor-widget elementor-widget-text-editor\" data-id=\"069ad48\" data-element_type=\"widget\" data-widget_type=\"text-editor.default\">\n\t\t\t\t<div class=\"elementor-widget-container\">\n\t\t\t\t\t\t\t\t\t<p>UFOPA<br \/>BR512019001564-9<\/p>\t\t\t\t\t\t\t\t<\/div>\n\t\t\t\t<\/div>\n\t\t<div class=\"elementor-element elementor-element-216689a e-flex e-con-boxed wpr-particle-no wpr-jarallax-no wpr-parallax-no wpr-sticky-section-no e-con e-child\" data-id=\"216689a\" data-element_type=\"container\" data-settings=\"{&quot;_ha_eqh_enable&quot;:false}\">\n\t\t\t\t\t<div class=\"e-con-inner\">\n\t\t<div class=\"elementor-element elementor-element-88870b5 e-con-full e-flex wpr-particle-no wpr-jarallax-no wpr-parallax-no wpr-sticky-section-no e-con e-child\" data-id=\"88870b5\" data-element_type=\"container\" data-settings=\"{&quot;_ha_eqh_enable&quot;:false}\">\n\t\t\t\t<div class=\"elementor-element elementor-element-7b5243a elementor-align-left elementor-widget__width-initial elementor-widget elementor-widget-button\" data-id=\"7b5243a\" data-element_type=\"widget\" data-widget_type=\"button.default\">\n\t\t\t\t<div class=\"elementor-widget-container\">\n\t\t\t\t\t\t\t\t\t<div class=\"elementor-button-wrapper\">\n\t\t\t\t\t<a class=\"elementor-button elementor-button-link elementor-size-md\" href=\"http:\/\/inovaufopa.tech\/wp-content\/uploads\/2023\/11\/PY-RAWC.pdf\" target=\"_blank\">\n\t\t\t\t\t\t<span class=\"elementor-button-content-wrapper\">\n\t\t\t\t\t\t<span class=\"elementor-button-icon\">\n\t\t\t\t<i aria-hidden=\"true\" class=\"fas fa-file-download\"><\/i>\t\t\t<\/span>\n\t\t\t\t\t\t\t\t\t<span class=\"elementor-button-text\">Resumo executivo<\/span>\n\t\t\t\t\t<\/span>\n\t\t\t\t\t<\/a>\n\t\t\t\t<\/div>\n\t\t\t\t\t\t\t\t<\/div>\n\t\t\t\t<\/div>\n\t\t\t\t<\/div>\n\t\t<div class=\"elementor-element elementor-element-b4046a8 e-con-full e-flex wpr-particle-no wpr-jarallax-no wpr-parallax-no wpr-sticky-section-no e-con e-child\" data-id=\"b4046a8\" data-element_type=\"container\" data-settings=\"{&quot;_ha_eqh_enable&quot;:false}\">\n\t\t\t\t<div class=\"elementor-element elementor-element-a8cc66c elementor-align-left elementor-widget__width-initial elementor-widget elementor-widget-button\" data-id=\"a8cc66c\" data-element_type=\"widget\" data-widget_type=\"button.default\">\n\t\t\t\t<div class=\"elementor-widget-container\">\n\t\t\t\t\t\t\t\t\t<div class=\"elementor-button-wrapper\">\n\t\t\t\t\t<a class=\"elementor-button elementor-button-link elementor-size-md\" href=\"https:\/\/inovaufopa.tech\/index.php\/fale-conosco-2\/\" target=\"_blank\">\n\t\t\t\t\t\t<span class=\"elementor-button-content-wrapper\">\n\t\t\t\t\t\t<span class=\"elementor-button-icon\">\n\t\t\t\t<i aria-hidden=\"true\" class=\"fas fa-mail-bulk\"><\/i>\t\t\t<\/span>\n\t\t\t\t\t\t\t\t\t<span class=\"elementor-button-text\">Fale concosco<\/span>\n\t\t\t\t\t<\/span>\n\t\t\t\t\t<\/a>\n\t\t\t\t<\/div>\n\t\t\t\t\t\t\t\t<\/div>\n\t\t\t\t<\/div>\n\t\t\t\t<\/div>\n\t\t<div class=\"elementor-element elementor-element-52227e9 e-con-full e-flex wpr-particle-no wpr-jarallax-no wpr-parallax-no wpr-sticky-section-no e-con e-child\" data-id=\"52227e9\" data-element_type=\"container\" data-settings=\"{&quot;_ha_eqh_enable&quot;:false}\">\n\t\t\t\t<\/div>\n\t\t<div class=\"elementor-element elementor-element-d898724 e-con-full e-flex wpr-particle-no wpr-jarallax-no wpr-parallax-no wpr-sticky-section-no e-con e-child\" data-id=\"d898724\" data-element_type=\"container\" data-settings=\"{&quot;_ha_eqh_enable&quot;:false}\">\n\t\t\t\t<\/div>\n\t\t\t\t\t<\/div>\n\t\t\t\t<\/div>\n\t\t\t\t\t<\/div>\n\t\t\t\t<\/div>\n\t\t\t\t\t<\/div>\n\t\t\t\t<\/div>\n\t\t\t\t<\/div>\n\t\t","protected":false},"excerpt":{"rendered":"<p>PY-RAWC: ferramenta de extra\u00e7\u00e3o e an\u00e1lise de dados da plataforma reclame aqui. O que \u00e9? Trata-se de uma ferramenta de extra\u00e7\u00e3o e an\u00e1lise de dados da plataforma Reclame Aqui, para obter insights sobre os sistemas de atendimento aos clientes (SAC) de empresas e seus processos de venda. Inventores F\u00e1bio Manoel Fran\u00e7a Lobato; Antonio Fernando Lavareda Jacob Junior; Gustavo Rangel Torres De Almeida. Est\u00e1gio de desenvolvimento A tecnologia possui est\u00e1gio de TRL 4. Diferenciais Atualmente, grande parte das tecnologias focadas em retirada de conhecimento de dados online utilizam apenas as redes mais conhecidas como Facebook, Twitter, pelo fato de possu\u00edrem interfaces que facilitam a extra\u00e7\u00e3o de dados (API\u2019s). Portanto, esta ferramenta busca coletar e entender os dados de plataformas que n\u00e3o possuem esta funcionalidade, mas que guardam informa\u00e7\u00f5es importantes geradas por usu\u00e1rios. Propriedade Intelectual UFOPABR512019001564-9 Resumo executivo Fale concosco<\/p>\n","protected":false},"author":1,"featured_media":0,"parent":0,"menu_order":0,"comment_status":"closed","ping_status":"closed","template":"","meta":{"om_disable_all_campaigns":false,"_monsterinsights_skip_tracking":false,"_monsterinsights_sitenote_active":false,"_monsterinsights_sitenote_note":"","_monsterinsights_sitenote_category":0,"site-sidebar-layout":"no-sidebar","site-content-layout":"page-builder","ast-site-content-layout":"full-width-container","site-content-style":"default","site-sidebar-style":"default","ast-global-header-display":"","ast-banner-title-visibility":"","ast-main-header-display":"","ast-hfb-above-header-display":"","ast-hfb-below-header-display":"","ast-hfb-mobile-header-display":"","site-post-title":"disabled","ast-breadcrumbs-content":"","ast-featured-img":"disabled","footer-sml-layout":"","theme-transparent-header-meta":"","adv-header-id-meta":"","stick-header-meta":"","header-above-stick-meta":"","header-main-stick-meta":"","header-below-stick-meta":"","astra-migrate-meta-layouts":"set","ast-page-background-enabled":"default","ast-page-background-meta":{"desktop":{"background-color":"var(--ast-global-color-4)","background-image":"","background-repeat":"repeat","background-position":"center center","background-size":"auto","background-attachment":"scroll","background-type":"","background-media":"","overlay-type":"","overlay-color":"","overlay-opacity":"","overlay-gradient":""},"tablet":{"background-color":"","background-image":"","background-repeat":"repeat","background-position":"center center","background-size":"auto","background-attachment":"scroll","background-type":"","background-media":"","overlay-type":"","overlay-color":"","overlay-opacity":"","overlay-gradient":""},"mobile":{"background-color":"","background-image":"","background-repeat":"repeat","background-position":"center center","background-size":"auto","background-attachment":"scroll","background-type":"","background-media":"","overlay-type":"","overlay-color":"","overlay-opacity":"","overlay-gradient":""}},"ast-content-background-meta":{"desktop":{"background-color":"var(--ast-global-color-5)","background-image":"","background-repeat":"repeat","background-position":"center center","background-size":"auto","background-attachment":"scroll","background-type":"","background-media":"","overlay-type":"","overlay-color":"","overlay-opacity":"","overlay-gradient":""},"tablet":{"background-color":"var(--ast-global-color-5)","background-image":"","background-repeat":"repeat","background-position":"center center","background-size":"auto","background-attachment":"scroll","background-type":"","background-media":"","overlay-type":"","overlay-color":"","overlay-opacity":"","overlay-gradient":""},"mobile":{"background-color":"var(--ast-global-color-5)","background-image":"","background-repeat":"repeat","background-position":"center center","background-size":"auto","background-attachment":"scroll","background-type":"","background-media":"","overlay-type":"","overlay-color":"","overlay-opacity":"","overlay-gradient":""}},"footnotes":""},"class_list":["post-7160","page","type-page","status-publish","hentry"],"aioseo_notices":[],"yoast_head":"<!-- This site is optimized with the Yoast SEO plugin v26.5 - https:\/\/yoast.com\/wordpress\/plugins\/seo\/ -->\n<title>PY-RAWC - Portal Aberto de Inova\u00e7\u00e3o Tecnol\u00f3gica<\/title>\n<meta name=\"robots\" content=\"index, follow, max-snippet:-1, max-image-preview:large, max-video-preview:-1\" \/>\n<link rel=\"canonical\" href=\"https:\/\/inovaufopa.tech\/index.php\/py-rawc-2\/\" \/>\n<meta property=\"og:locale\" content=\"pt_BR\" \/>\n<meta property=\"og:type\" content=\"article\" \/>\n<meta property=\"og:title\" content=\"PY-RAWC - Portal Aberto de Inova\u00e7\u00e3o Tecnol\u00f3gica\" \/>\n<meta property=\"og:description\" content=\"PY-RAWC: ferramenta de extra\u00e7\u00e3o e an\u00e1lise de dados da plataforma reclame aqui. O que \u00e9? Trata-se de uma ferramenta de extra\u00e7\u00e3o e an\u00e1lise de dados da plataforma Reclame Aqui, para obter insights sobre os sistemas de atendimento aos clientes (SAC) de empresas e seus processos de venda. Inventores F\u00e1bio Manoel Fran\u00e7a Lobato; Antonio Fernando Lavareda Jacob Junior; Gustavo Rangel Torres De Almeida. Est\u00e1gio de desenvolvimento A tecnologia possui est\u00e1gio de TRL 4. Diferenciais Atualmente, grande parte das tecnologias focadas em retirada de conhecimento de dados online utilizam apenas as redes mais conhecidas como Facebook, Twitter, pelo fato de possu\u00edrem interfaces que facilitam a extra\u00e7\u00e3o de dados (API\u2019s). Portanto, esta ferramenta busca coletar e entender os dados de plataformas que n\u00e3o possuem esta funcionalidade, mas que guardam informa\u00e7\u00f5es importantes geradas por usu\u00e1rios. Propriedade Intelectual UFOPABR512019001564-9 Resumo executivo Fale concosco\" \/>\n<meta property=\"og:url\" content=\"https:\/\/inovaufopa.tech\/index.php\/py-rawc-2\/\" \/>\n<meta property=\"og:site_name\" content=\"Portal Aberto de Inova\u00e7\u00e3o Tecnol\u00f3gica\" \/>\n<meta property=\"article:modified_time\" content=\"2023-11-20T13:00:56+00:00\" \/>\n<meta name=\"twitter:card\" content=\"summary_large_image\" \/>\n<meta name=\"twitter:label1\" content=\"Est. tempo de leitura\" \/>\n\t<meta name=\"twitter:data1\" content=\"1 minuto\" \/>\n<script type=\"application\/ld+json\" class=\"yoast-schema-graph\">{\"@context\":\"https:\/\/schema.org\",\"@graph\":[{\"@type\":\"WebPage\",\"@id\":\"https:\/\/inovaufopa.tech\/index.php\/py-rawc-2\/\",\"url\":\"https:\/\/inovaufopa.tech\/index.php\/py-rawc-2\/\",\"name\":\"PY-RAWC - Portal Aberto de Inova\u00e7\u00e3o Tecnol\u00f3gica\",\"isPartOf\":{\"@id\":\"https:\/\/inovaufopa.tech\/#website\"},\"datePublished\":\"2023-11-20T12:53:56+00:00\",\"dateModified\":\"2023-11-20T13:00:56+00:00\",\"breadcrumb\":{\"@id\":\"https:\/\/inovaufopa.tech\/index.php\/py-rawc-2\/#breadcrumb\"},\"inLanguage\":\"pt-BR\",\"potentialAction\":[{\"@type\":\"ReadAction\",\"target\":[\"https:\/\/inovaufopa.tech\/index.php\/py-rawc-2\/\"]}]},{\"@type\":\"BreadcrumbList\",\"@id\":\"https:\/\/inovaufopa.tech\/index.php\/py-rawc-2\/#breadcrumb\",\"itemListElement\":[{\"@type\":\"ListItem\",\"position\":1,\"name\":\"In\u00edcio\",\"item\":\"https:\/\/inovaufopa.tech\/\"},{\"@type\":\"ListItem\",\"position\":2,\"name\":\"PY-RAWC\"}]},{\"@type\":\"WebSite\",\"@id\":\"https:\/\/inovaufopa.tech\/#website\",\"url\":\"https:\/\/inovaufopa.tech\/\",\"name\":\"Portal Aberto de Inova\u00e7\u00e3o Tecnol\u00f3gica\",\"description\":\"Inovar na Amaz\u00f4nia para mudar o mundo\",\"potentialAction\":[{\"@type\":\"SearchAction\",\"target\":{\"@type\":\"EntryPoint\",\"urlTemplate\":\"https:\/\/inovaufopa.tech\/?s={search_term_string}\"},\"query-input\":{\"@type\":\"PropertyValueSpecification\",\"valueRequired\":true,\"valueName\":\"search_term_string\"}}],\"inLanguage\":\"pt-BR\"}]}<\/script>\n<!-- \/ Yoast SEO plugin. -->","yoast_head_json":{"title":"PY-RAWC - Portal Aberto de Inova\u00e7\u00e3o Tecnol\u00f3gica","robots":{"index":"index","follow":"follow","max-snippet":"max-snippet:-1","max-image-preview":"max-image-preview:large","max-video-preview":"max-video-preview:-1"},"canonical":"https:\/\/inovaufopa.tech\/index.php\/py-rawc-2\/","og_locale":"pt_BR","og_type":"article","og_title":"PY-RAWC - Portal Aberto de Inova\u00e7\u00e3o Tecnol\u00f3gica","og_description":"PY-RAWC: ferramenta de extra\u00e7\u00e3o e an\u00e1lise de dados da plataforma reclame aqui. O que \u00e9? Trata-se de uma ferramenta de extra\u00e7\u00e3o e an\u00e1lise de dados da plataforma Reclame Aqui, para obter insights sobre os sistemas de atendimento aos clientes (SAC) de empresas e seus processos de venda. Inventores F\u00e1bio Manoel Fran\u00e7a Lobato; Antonio Fernando Lavareda Jacob Junior; Gustavo Rangel Torres De Almeida. Est\u00e1gio de desenvolvimento A tecnologia possui est\u00e1gio de TRL 4. Diferenciais Atualmente, grande parte das tecnologias focadas em retirada de conhecimento de dados online utilizam apenas as redes mais conhecidas como Facebook, Twitter, pelo fato de possu\u00edrem interfaces que facilitam a extra\u00e7\u00e3o de dados (API\u2019s). Portanto, esta ferramenta busca coletar e entender os dados de plataformas que n\u00e3o possuem esta funcionalidade, mas que guardam informa\u00e7\u00f5es importantes geradas por usu\u00e1rios. Propriedade Intelectual UFOPABR512019001564-9 Resumo executivo Fale concosco","og_url":"https:\/\/inovaufopa.tech\/index.php\/py-rawc-2\/","og_site_name":"Portal Aberto de Inova\u00e7\u00e3o Tecnol\u00f3gica","article_modified_time":"2023-11-20T13:00:56+00:00","twitter_card":"summary_large_image","twitter_misc":{"Est. tempo de leitura":"1 minuto"},"schema":{"@context":"https:\/\/schema.org","@graph":[{"@type":"WebPage","@id":"https:\/\/inovaufopa.tech\/index.php\/py-rawc-2\/","url":"https:\/\/inovaufopa.tech\/index.php\/py-rawc-2\/","name":"PY-RAWC - Portal Aberto de Inova\u00e7\u00e3o Tecnol\u00f3gica","isPartOf":{"@id":"https:\/\/inovaufopa.tech\/#website"},"datePublished":"2023-11-20T12:53:56+00:00","dateModified":"2023-11-20T13:00:56+00:00","breadcrumb":{"@id":"https:\/\/inovaufopa.tech\/index.php\/py-rawc-2\/#breadcrumb"},"inLanguage":"pt-BR","potentialAction":[{"@type":"ReadAction","target":["https:\/\/inovaufopa.tech\/index.php\/py-rawc-2\/"]}]},{"@type":"BreadcrumbList","@id":"https:\/\/inovaufopa.tech\/index.php\/py-rawc-2\/#breadcrumb","itemListElement":[{"@type":"ListItem","position":1,"name":"In\u00edcio","item":"https:\/\/inovaufopa.tech\/"},{"@type":"ListItem","position":2,"name":"PY-RAWC"}]},{"@type":"WebSite","@id":"https:\/\/inovaufopa.tech\/#website","url":"https:\/\/inovaufopa.tech\/","name":"Portal Aberto de Inova\u00e7\u00e3o Tecnol\u00f3gica","description":"Inovar na Amaz\u00f4nia para mudar o mundo","potentialAction":[{"@type":"SearchAction","target":{"@type":"EntryPoint","urlTemplate":"https:\/\/inovaufopa.tech\/?s={search_term_string}"},"query-input":{"@type":"PropertyValueSpecification","valueRequired":true,"valueName":"search_term_string"}}],"inLanguage":"pt-BR"}]}},"_links":{"self":[{"href":"https:\/\/inovaufopa.tech\/index.php\/wp-json\/wp\/v2\/pages\/7160","targetHints":{"allow":["GET"]}}],"collection":[{"href":"https:\/\/inovaufopa.tech\/index.php\/wp-json\/wp\/v2\/pages"}],"about":[{"href":"https:\/\/inovaufopa.tech\/index.php\/wp-json\/wp\/v2\/types\/page"}],"author":[{"embeddable":true,"href":"https:\/\/inovaufopa.tech\/index.php\/wp-json\/wp\/v2\/users\/1"}],"replies":[{"embeddable":true,"href":"https:\/\/inovaufopa.tech\/index.php\/wp-json\/wp\/v2\/comments?post=7160"}],"version-history":[{"count":4,"href":"https:\/\/inovaufopa.tech\/index.php\/wp-json\/wp\/v2\/pages\/7160\/revisions"}],"predecessor-version":[{"id":7165,"href":"https:\/\/inovaufopa.tech\/index.php\/wp-json\/wp\/v2\/pages\/7160\/revisions\/7165"}],"wp:attachment":[{"href":"https:\/\/inovaufopa.tech\/index.php\/wp-json\/wp\/v2\/media?parent=7160"}],"curies":[{"name":"wp","href":"https:\/\/api.w.org\/{rel}","templated":true}]}}