{"id":7195,"date":"2023-11-20T13:48:49","date_gmt":"2023-11-20T13:48:49","guid":{"rendered":"https:\/\/inovaufopa.tech\/?page_id=7195"},"modified":"2023-11-20T13:52:01","modified_gmt":"2023-11-20T13:52:01","slug":"newscrawlerbr","status":"publish","type":"page","link":"https:\/\/inovaufopa.tech\/index.php\/newscrawlerbr\/","title":{"rendered":"NEWSCRAWLERBR"},"content":{"rendered":"\t\t<div data-elementor-type=\"wp-page\" data-elementor-id=\"7195\" class=\"elementor elementor-7195\" data-elementor-settings=\"{&quot;ha_cmc_init_switcher&quot;:&quot;no&quot;}\" data-elementor-post-type=\"page\">\n\t\t\t\t<div class=\"elementor-element elementor-element-1f49735 e-flex e-con-boxed wpr-particle-no wpr-jarallax-no wpr-parallax-no wpr-sticky-section-no e-con e-parent\" data-id=\"1f49735\" data-element_type=\"container\" data-settings=\"{&quot;_ha_eqh_enable&quot;:false}\">\n\t\t\t\t\t<div class=\"e-con-inner\">\n\t\t\t\t<div class=\"elementor-element elementor-element-e288076 elementor-widget elementor-widget-heading\" data-id=\"e288076\" data-element_type=\"widget\" data-widget_type=\"heading.default\">\n\t\t\t\t<div class=\"elementor-widget-container\">\n\t\t\t\t\t<h2 class=\"elementor-heading-title elementor-size-default\">NEWSCRAWLERBR: raspador de not\u00edcias e coment\u00e1rios de portais de not\u00edcias brasileiros.<\/h2>\t\t\t\t<\/div>\n\t\t\t\t<\/div>\n\t\t<div class=\"elementor-element elementor-element-208e91b e-flex e-con-boxed wpr-particle-no wpr-jarallax-no wpr-parallax-no wpr-sticky-section-no e-con e-child\" data-id=\"208e91b\" data-element_type=\"container\" data-settings=\"{&quot;_ha_eqh_enable&quot;:false}\">\n\t\t\t\t\t<div class=\"e-con-inner\">\n\t\t\t\t<div class=\"elementor-element elementor-element-cb57ea1 elementor-widget-divider--separator-type-pattern elementor-widget-divider--no-spacing elementor-widget-divider--view-line elementor-widget elementor-widget-divider\" data-id=\"cb57ea1\" data-element_type=\"widget\" data-widget_type=\"divider.default\">\n\t\t\t\t<div class=\"elementor-widget-container\">\n\t\t\t\t\t\t\t<div class=\"elementor-divider\" style=\"--divider-pattern-url: url(&quot;data:image\/svg+xml,%3Csvg xmlns=&#039;http:\/\/www.w3.org\/2000\/svg&#039; preserveAspectRatio=&#039;xMidYMid meet&#039; overflow=&#039;visible&#039; height=&#039;100%&#039; viewBox=&#039;0 0 126 26&#039; fill=&#039;black&#039; stroke=&#039;none&#039;%3E%3Cpath d=&#039;M10.7,6l2.5,2.6l-4,4.3l4,5.4l-2.5,1.9l-4.5-5.2l-3.9,4.2L0.7,17L4,13.1L0,8.6l2.3-1.3l3.9,3.9L10.7,6z M23.9,6.6l4.2,4.5L32,7.2l2.3,1.3l-4,4.5l3.2,3.9L32,19.1l-3.9-3.3l-4.5,4.3l-2.5-1.9l4.4-5.1l-4.2-3.9L23.9,6.6zM73.5,6L76,8.6l-4,4.3l4,5.4l-2.5,1.9l-4.5-5.2l-3.9,4.2L63.5,17l4.1-4.7L63.5,8l2.3-1.3l4.1,3.6L73.5,6z M94,6l2.5,2.6l-4,4.3l4,5.4L94,20.1l-3.9-5l-3.9,4.2L84,17l3.2-3.9L84,8.6l2.3-1.3l3.2,3.9L94,6z M106.9,6l4.5,5.1l3.9-3.9l2.3,1.3l-4,4.5l3.2,3.9l-1.6,2.1l-3.9-4.2l-4.5,5.2l-2.5-1.9l4-5.4l-4-4.3L106.9,6z M53.1,6l2.5,2.6l-4,4.3l4,4.6l-2.5,1.9l-4.5-4.5l-3.5,4.5L43.1,17l3.2-3.9l-4-4.5l2.3-1.3l3.9,3.9L53.1,6z&#039;\/%3E%3C\/svg%3E&quot;);\">\n\t\t\t<span class=\"elementor-divider-separator\">\n\t\t\t\t\t\t<\/span>\n\t\t<\/div>\n\t\t\t\t\t\t<\/div>\n\t\t\t\t<\/div>\n\t\t\t\t\t<\/div>\n\t\t\t\t<\/div>\n\t\t<div class=\"elementor-element elementor-element-f3a0e83 e-flex e-con-boxed wpr-particle-no wpr-jarallax-no wpr-parallax-no wpr-sticky-section-no e-con e-child\" data-id=\"f3a0e83\" data-element_type=\"container\" data-settings=\"{&quot;_ha_eqh_enable&quot;:false}\">\n\t\t\t\t\t<div class=\"e-con-inner\">\n\t\t\t\t<div class=\"elementor-element elementor-element-ef3d61a elementor-widget elementor-widget-heading\" data-id=\"ef3d61a\" data-element_type=\"widget\" data-widget_type=\"heading.default\">\n\t\t\t\t<div class=\"elementor-widget-container\">\n\t\t\t\t\t<h2 class=\"elementor-heading-title elementor-size-default\">O que \u00e9?<\/h2>\t\t\t\t<\/div>\n\t\t\t\t<\/div>\n\t\t\t\t<div class=\"elementor-element elementor-element-783dc8c elementor-widget elementor-widget-text-editor\" data-id=\"783dc8c\" data-element_type=\"widget\" data-widget_type=\"text-editor.default\">\n\t\t\t\t<div class=\"elementor-widget-container\">\n\t\t\t\t\t\t\t\t\t<p>Trata-se de uma ferramenta que coleta dados de not\u00edcias, coment\u00e1rios e metadados de portais de not\u00edcias, gerando relat\u00f3rios de coleta. O usu\u00e1rio informa os termos de busca e a ferramenta faz a raspagem de dados em cinco portais, que se destacam como os maiores no quesito veicula\u00e7\u00e3o de not\u00edcias generalistas.<\/p>\t\t\t\t\t\t\t\t<\/div>\n\t\t\t\t<\/div>\n\t\t\t\t<div class=\"elementor-element elementor-element-0648952 elementor-widget elementor-widget-heading\" data-id=\"0648952\" data-element_type=\"widget\" data-widget_type=\"heading.default\">\n\t\t\t\t<div class=\"elementor-widget-container\">\n\t\t\t\t\t<h2 class=\"elementor-heading-title elementor-size-default\">Inventores<\/h2>\t\t\t\t<\/div>\n\t\t\t\t<\/div>\n\t\t\t\t<div class=\"elementor-element elementor-element-26cabcb elementor-widget elementor-widget-text-editor\" data-id=\"26cabcb\" data-element_type=\"widget\" data-widget_type=\"text-editor.default\">\n\t\t\t\t<div class=\"elementor-widget-container\">\n\t\t\t\t\t\t\t\t\t<p>F\u00e1bio Manoel Fran\u00e7a Lobato, Lucas Darlindo Freitas Rodrigues, Antonio Fernando Lavareda Jacob Junior.<\/p>\t\t\t\t\t\t\t\t<\/div>\n\t\t\t\t<\/div>\n\t\t\t\t<div class=\"elementor-element elementor-element-b3cc712 elementor-widget elementor-widget-heading\" data-id=\"b3cc712\" data-element_type=\"widget\" data-widget_type=\"heading.default\">\n\t\t\t\t<div class=\"elementor-widget-container\">\n\t\t\t\t\t<h2 class=\"elementor-heading-title elementor-size-default\">Est\u00e1gio de desenvolvimento<\/h2>\t\t\t\t<\/div>\n\t\t\t\t<\/div>\n\t\t\t\t<div class=\"elementor-element elementor-element-5f1b919 elementor-widget elementor-widget-text-editor\" data-id=\"5f1b919\" data-element_type=\"widget\" data-widget_type=\"text-editor.default\">\n\t\t\t\t<div class=\"elementor-widget-container\">\n\t\t\t\t\t\t\t\t\t<p><span style=\"font-weight: 400\">A tecnologia possui est\u00e1gio de TRL 5.<\/span><\/p>\t\t\t\t\t\t\t\t<\/div>\n\t\t\t\t<\/div>\n\t\t\t\t<div class=\"elementor-element elementor-element-6f7c490 elementor-widget elementor-widget-heading\" data-id=\"6f7c490\" data-element_type=\"widget\" data-widget_type=\"heading.default\">\n\t\t\t\t<div class=\"elementor-widget-container\">\n\t\t\t\t\t<h2 class=\"elementor-heading-title elementor-size-default\">Diferenciais<\/h2>\t\t\t\t<\/div>\n\t\t\t\t<\/div>\n\t\t\t\t<div class=\"elementor-element elementor-element-252aee2 elementor-widget elementor-widget-text-editor\" data-id=\"252aee2\" data-element_type=\"widget\" data-widget_type=\"text-editor.default\">\n\t\t\t\t<div class=\"elementor-widget-container\">\n\t\t\t\t\t\t\t\t\t<p><span style=\"font-weight: 400\">As not\u00edcias e os coment\u00e1rios gerados pelos usu\u00e1rios representam uma rica fonte de informa\u00e7\u00e3o utilizada nos mais diversos dom\u00ednios, como a previs\u00e3o de pre\u00e7os na bolsa de valores, an\u00e1lise de percep\u00e7\u00e3o midi\u00e1tica (como os leitores est\u00e3o recebendo\/consumindo not\u00edcias), pesquisa de imagem institucional, estudos de desinforma\u00e7\u00e3o e discurso de \u00f3dio, dentre tantas outras aplica\u00e7\u00f5es. Neste ensejo, percebeu-se uma lacuna quanto \u00e0 ferramenta para busca, agrega\u00e7\u00e3o e indexa\u00e7\u00e3o de not\u00edcias e seus coment\u00e1rios, o que suscitou o desenvolvimento do NewsCrawlerBr: raspador de not\u00edcias e coment\u00e1rios de portais de not\u00edcias brasileiros. Ele \u00e9 um software modular, escal\u00e1vel e de f\u00e1cil utiliza\u00e7\u00e3o.<\/span><\/p>\t\t\t\t\t\t\t\t<\/div>\n\t\t\t\t<\/div>\n\t\t\t\t<div class=\"elementor-element elementor-element-fbcded6 elementor-widget elementor-widget-heading\" data-id=\"fbcded6\" data-element_type=\"widget\" data-widget_type=\"heading.default\">\n\t\t\t\t<div class=\"elementor-widget-container\">\n\t\t\t\t\t<h2 class=\"elementor-heading-title elementor-size-default\">Propriedade Intelectual<\/h2>\t\t\t\t<\/div>\n\t\t\t\t<\/div>\n\t\t\t\t<div class=\"elementor-element elementor-element-6903916 elementor-widget elementor-widget-text-editor\" data-id=\"6903916\" data-element_type=\"widget\" data-widget_type=\"text-editor.default\">\n\t\t\t\t<div class=\"elementor-widget-container\">\n\t\t\t\t\t\t\t\t\t<p>UFOPA<br \/>BR512023002086-9<\/p>\t\t\t\t\t\t\t\t<\/div>\n\t\t\t\t<\/div>\n\t\t<div class=\"elementor-element elementor-element-0ba7493 e-flex e-con-boxed wpr-particle-no wpr-jarallax-no wpr-parallax-no wpr-sticky-section-no e-con e-child\" data-id=\"0ba7493\" data-element_type=\"container\" data-settings=\"{&quot;_ha_eqh_enable&quot;:false}\">\n\t\t\t\t\t<div class=\"e-con-inner\">\n\t\t<div class=\"elementor-element elementor-element-53abc26 e-con-full e-flex wpr-particle-no wpr-jarallax-no wpr-parallax-no wpr-sticky-section-no e-con e-child\" data-id=\"53abc26\" data-element_type=\"container\" data-settings=\"{&quot;_ha_eqh_enable&quot;:false}\">\n\t\t\t\t<div class=\"elementor-element elementor-element-07df98b elementor-align-left elementor-widget__width-initial elementor-widget elementor-widget-button\" data-id=\"07df98b\" data-element_type=\"widget\" data-widget_type=\"button.default\">\n\t\t\t\t<div class=\"elementor-widget-container\">\n\t\t\t\t\t\t\t\t\t<div class=\"elementor-button-wrapper\">\n\t\t\t\t\t<a class=\"elementor-button elementor-button-link elementor-size-md\" href=\"http:\/\/inovaufopa.tech\/wp-content\/uploads\/2023\/11\/NEWSCRAWLERBR.pdf\" target=\"_blank\">\n\t\t\t\t\t\t<span class=\"elementor-button-content-wrapper\">\n\t\t\t\t\t\t<span class=\"elementor-button-icon\">\n\t\t\t\t<i aria-hidden=\"true\" class=\"fas fa-file-download\"><\/i>\t\t\t<\/span>\n\t\t\t\t\t\t\t\t\t<span class=\"elementor-button-text\">Resumo executivo<\/span>\n\t\t\t\t\t<\/span>\n\t\t\t\t\t<\/a>\n\t\t\t\t<\/div>\n\t\t\t\t\t\t\t\t<\/div>\n\t\t\t\t<\/div>\n\t\t\t\t<\/div>\n\t\t<div class=\"elementor-element elementor-element-2b67aef e-con-full e-flex wpr-particle-no wpr-jarallax-no wpr-parallax-no wpr-sticky-section-no e-con e-child\" data-id=\"2b67aef\" data-element_type=\"container\" data-settings=\"{&quot;_ha_eqh_enable&quot;:false}\">\n\t\t\t\t<div class=\"elementor-element elementor-element-d33bf1f elementor-align-left elementor-widget__width-initial elementor-widget elementor-widget-button\" data-id=\"d33bf1f\" data-element_type=\"widget\" data-widget_type=\"button.default\">\n\t\t\t\t<div class=\"elementor-widget-container\">\n\t\t\t\t\t\t\t\t\t<div class=\"elementor-button-wrapper\">\n\t\t\t\t\t<a class=\"elementor-button elementor-button-link elementor-size-md\" href=\"https:\/\/inovaufopa.tech\/index.php\/fale-conosco-2\/\" target=\"_blank\">\n\t\t\t\t\t\t<span class=\"elementor-button-content-wrapper\">\n\t\t\t\t\t\t<span class=\"elementor-button-icon\">\n\t\t\t\t<i aria-hidden=\"true\" class=\"fas fa-mail-bulk\"><\/i>\t\t\t<\/span>\n\t\t\t\t\t\t\t\t\t<span class=\"elementor-button-text\">Fale concosco<\/span>\n\t\t\t\t\t<\/span>\n\t\t\t\t\t<\/a>\n\t\t\t\t<\/div>\n\t\t\t\t\t\t\t\t<\/div>\n\t\t\t\t<\/div>\n\t\t\t\t<\/div>\n\t\t<div class=\"elementor-element elementor-element-edb1d42 e-con-full e-flex wpr-particle-no wpr-jarallax-no wpr-parallax-no wpr-sticky-section-no e-con e-child\" data-id=\"edb1d42\" data-element_type=\"container\" data-settings=\"{&quot;_ha_eqh_enable&quot;:false}\">\n\t\t\t\t<\/div>\n\t\t<div class=\"elementor-element elementor-element-10f90c5 e-con-full e-flex wpr-particle-no wpr-jarallax-no wpr-parallax-no wpr-sticky-section-no e-con e-child\" data-id=\"10f90c5\" data-element_type=\"container\" data-settings=\"{&quot;_ha_eqh_enable&quot;:false}\">\n\t\t\t\t<\/div>\n\t\t\t\t\t<\/div>\n\t\t\t\t<\/div>\n\t\t\t\t\t<\/div>\n\t\t\t\t<\/div>\n\t\t\t\t\t<\/div>\n\t\t\t\t<\/div>\n\t\t\t\t<\/div>\n\t\t","protected":false},"excerpt":{"rendered":"<p>NEWSCRAWLERBR: raspador de not\u00edcias e coment\u00e1rios de portais de not\u00edcias brasileiros. O que \u00e9? Trata-se de uma ferramenta que coleta dados de not\u00edcias, coment\u00e1rios e metadados de portais de not\u00edcias, gerando relat\u00f3rios de coleta. O usu\u00e1rio informa os termos de busca e a ferramenta faz a raspagem de dados em cinco portais, que se destacam como os maiores no quesito veicula\u00e7\u00e3o de not\u00edcias generalistas. Inventores F\u00e1bio Manoel Fran\u00e7a Lobato, Lucas Darlindo Freitas Rodrigues, Antonio Fernando Lavareda Jacob Junior. Est\u00e1gio de desenvolvimento A tecnologia possui est\u00e1gio de TRL 5. Diferenciais As not\u00edcias e os coment\u00e1rios gerados pelos usu\u00e1rios representam uma rica fonte de informa\u00e7\u00e3o utilizada nos mais diversos dom\u00ednios, como a previs\u00e3o de pre\u00e7os na bolsa de valores, an\u00e1lise de percep\u00e7\u00e3o midi\u00e1tica (como os leitores est\u00e3o recebendo\/consumindo not\u00edcias), pesquisa de imagem institucional, estudos de desinforma\u00e7\u00e3o e discurso de \u00f3dio, dentre tantas outras aplica\u00e7\u00f5es. Neste ensejo, percebeu-se uma lacuna quanto \u00e0 ferramenta para busca, agrega\u00e7\u00e3o e indexa\u00e7\u00e3o de not\u00edcias e seus coment\u00e1rios, o que suscitou o desenvolvimento do NewsCrawlerBr: raspador de not\u00edcias e coment\u00e1rios de portais de not\u00edcias brasileiros. Ele \u00e9 um software modular, escal\u00e1vel e de f\u00e1cil utiliza\u00e7\u00e3o. Propriedade Intelectual UFOPABR512023002086-9 Resumo executivo Fale concosco<\/p>\n","protected":false},"author":1,"featured_media":0,"parent":0,"menu_order":0,"comment_status":"closed","ping_status":"closed","template":"","meta":{"om_disable_all_campaigns":false,"_monsterinsights_skip_tracking":false,"_monsterinsights_sitenote_active":false,"_monsterinsights_sitenote_note":"","_monsterinsights_sitenote_category":0,"site-sidebar-layout":"no-sidebar","site-content-layout":"page-builder","ast-site-content-layout":"full-width-container","site-content-style":"default","site-sidebar-style":"default","ast-global-header-display":"","ast-banner-title-visibility":"","ast-main-header-display":"","ast-hfb-above-header-display":"","ast-hfb-below-header-display":"","ast-hfb-mobile-header-display":"","site-post-title":"disabled","ast-breadcrumbs-content":"","ast-featured-img":"disabled","footer-sml-layout":"","theme-transparent-header-meta":"","adv-header-id-meta":"","stick-header-meta":"","header-above-stick-meta":"","header-main-stick-meta":"","header-below-stick-meta":"","astra-migrate-meta-layouts":"set","ast-page-background-enabled":"default","ast-page-background-meta":{"desktop":{"background-color":"var(--ast-global-color-4)","background-image":"","background-repeat":"repeat","background-position":"center center","background-size":"auto","background-attachment":"scroll","background-type":"","background-media":"","overlay-type":"","overlay-color":"","overlay-opacity":"","overlay-gradient":""},"tablet":{"background-color":"","background-image":"","background-repeat":"repeat","background-position":"center center","background-size":"auto","background-attachment":"scroll","background-type":"","background-media":"","overlay-type":"","overlay-color":"","overlay-opacity":"","overlay-gradient":""},"mobile":{"background-color":"","background-image":"","background-repeat":"repeat","background-position":"center center","background-size":"auto","background-attachment":"scroll","background-type":"","background-media":"","overlay-type":"","overlay-color":"","overlay-opacity":"","overlay-gradient":""}},"ast-content-background-meta":{"desktop":{"background-color":"var(--ast-global-color-5)","background-image":"","background-repeat":"repeat","background-position":"center center","background-size":"auto","background-attachment":"scroll","background-type":"","background-media":"","overlay-type":"","overlay-color":"","overlay-opacity":"","overlay-gradient":""},"tablet":{"background-color":"var(--ast-global-color-5)","background-image":"","background-repeat":"repeat","background-position":"center center","background-size":"auto","background-attachment":"scroll","background-type":"","background-media":"","overlay-type":"","overlay-color":"","overlay-opacity":"","overlay-gradient":""},"mobile":{"background-color":"var(--ast-global-color-5)","background-image":"","background-repeat":"repeat","background-position":"center center","background-size":"auto","background-attachment":"scroll","background-type":"","background-media":"","overlay-type":"","overlay-color":"","overlay-opacity":"","overlay-gradient":""}},"footnotes":""},"class_list":["post-7195","page","type-page","status-publish","hentry"],"aioseo_notices":[],"yoast_head":"<!-- This site is optimized with the Yoast SEO plugin v26.5 - https:\/\/yoast.com\/wordpress\/plugins\/seo\/ -->\n<title>NEWSCRAWLERBR - Portal Aberto de Inova\u00e7\u00e3o Tecnol\u00f3gica<\/title>\n<meta name=\"robots\" content=\"index, follow, max-snippet:-1, max-image-preview:large, max-video-preview:-1\" \/>\n<link rel=\"canonical\" href=\"https:\/\/inovaufopa.tech\/index.php\/newscrawlerbr\/\" \/>\n<meta property=\"og:locale\" content=\"pt_BR\" \/>\n<meta property=\"og:type\" content=\"article\" \/>\n<meta property=\"og:title\" content=\"NEWSCRAWLERBR - Portal Aberto de Inova\u00e7\u00e3o Tecnol\u00f3gica\" \/>\n<meta property=\"og:description\" content=\"NEWSCRAWLERBR: raspador de not\u00edcias e coment\u00e1rios de portais de not\u00edcias brasileiros. O que \u00e9? Trata-se de uma ferramenta que coleta dados de not\u00edcias, coment\u00e1rios e metadados de portais de not\u00edcias, gerando relat\u00f3rios de coleta. O usu\u00e1rio informa os termos de busca e a ferramenta faz a raspagem de dados em cinco portais, que se destacam como os maiores no quesito veicula\u00e7\u00e3o de not\u00edcias generalistas. Inventores F\u00e1bio Manoel Fran\u00e7a Lobato, Lucas Darlindo Freitas Rodrigues, Antonio Fernando Lavareda Jacob Junior. Est\u00e1gio de desenvolvimento A tecnologia possui est\u00e1gio de TRL 5. Diferenciais As not\u00edcias e os coment\u00e1rios gerados pelos usu\u00e1rios representam uma rica fonte de informa\u00e7\u00e3o utilizada nos mais diversos dom\u00ednios, como a previs\u00e3o de pre\u00e7os na bolsa de valores, an\u00e1lise de percep\u00e7\u00e3o midi\u00e1tica (como os leitores est\u00e3o recebendo\/consumindo not\u00edcias), pesquisa de imagem institucional, estudos de desinforma\u00e7\u00e3o e discurso de \u00f3dio, dentre tantas outras aplica\u00e7\u00f5es. Neste ensejo, percebeu-se uma lacuna quanto \u00e0 ferramenta para busca, agrega\u00e7\u00e3o e indexa\u00e7\u00e3o de not\u00edcias e seus coment\u00e1rios, o que suscitou o desenvolvimento do NewsCrawlerBr: raspador de not\u00edcias e coment\u00e1rios de portais de not\u00edcias brasileiros. Ele \u00e9 um software modular, escal\u00e1vel e de f\u00e1cil utiliza\u00e7\u00e3o. Propriedade Intelectual UFOPABR512023002086-9 Resumo executivo Fale concosco\" \/>\n<meta property=\"og:url\" content=\"https:\/\/inovaufopa.tech\/index.php\/newscrawlerbr\/\" \/>\n<meta property=\"og:site_name\" content=\"Portal Aberto de Inova\u00e7\u00e3o Tecnol\u00f3gica\" \/>\n<meta property=\"article:modified_time\" content=\"2023-11-20T13:52:01+00:00\" \/>\n<meta name=\"twitter:card\" content=\"summary_large_image\" \/>\n<meta name=\"twitter:label1\" content=\"Est. tempo de leitura\" \/>\n\t<meta name=\"twitter:data1\" content=\"2 minutos\" \/>\n<script type=\"application\/ld+json\" class=\"yoast-schema-graph\">{\"@context\":\"https:\/\/schema.org\",\"@graph\":[{\"@type\":\"WebPage\",\"@id\":\"https:\/\/inovaufopa.tech\/index.php\/newscrawlerbr\/\",\"url\":\"https:\/\/inovaufopa.tech\/index.php\/newscrawlerbr\/\",\"name\":\"NEWSCRAWLERBR - Portal Aberto de Inova\u00e7\u00e3o Tecnol\u00f3gica\",\"isPartOf\":{\"@id\":\"https:\/\/inovaufopa.tech\/#website\"},\"datePublished\":\"2023-11-20T13:48:49+00:00\",\"dateModified\":\"2023-11-20T13:52:01+00:00\",\"breadcrumb\":{\"@id\":\"https:\/\/inovaufopa.tech\/index.php\/newscrawlerbr\/#breadcrumb\"},\"inLanguage\":\"pt-BR\",\"potentialAction\":[{\"@type\":\"ReadAction\",\"target\":[\"https:\/\/inovaufopa.tech\/index.php\/newscrawlerbr\/\"]}]},{\"@type\":\"BreadcrumbList\",\"@id\":\"https:\/\/inovaufopa.tech\/index.php\/newscrawlerbr\/#breadcrumb\",\"itemListElement\":[{\"@type\":\"ListItem\",\"position\":1,\"name\":\"In\u00edcio\",\"item\":\"https:\/\/inovaufopa.tech\/\"},{\"@type\":\"ListItem\",\"position\":2,\"name\":\"NEWSCRAWLERBR\"}]},{\"@type\":\"WebSite\",\"@id\":\"https:\/\/inovaufopa.tech\/#website\",\"url\":\"https:\/\/inovaufopa.tech\/\",\"name\":\"Portal Aberto de Inova\u00e7\u00e3o Tecnol\u00f3gica\",\"description\":\"Inovar na Amaz\u00f4nia para mudar o mundo\",\"potentialAction\":[{\"@type\":\"SearchAction\",\"target\":{\"@type\":\"EntryPoint\",\"urlTemplate\":\"https:\/\/inovaufopa.tech\/?s={search_term_string}\"},\"query-input\":{\"@type\":\"PropertyValueSpecification\",\"valueRequired\":true,\"valueName\":\"search_term_string\"}}],\"inLanguage\":\"pt-BR\"}]}<\/script>\n<!-- \/ Yoast SEO plugin. -->","yoast_head_json":{"title":"NEWSCRAWLERBR - Portal Aberto de Inova\u00e7\u00e3o Tecnol\u00f3gica","robots":{"index":"index","follow":"follow","max-snippet":"max-snippet:-1","max-image-preview":"max-image-preview:large","max-video-preview":"max-video-preview:-1"},"canonical":"https:\/\/inovaufopa.tech\/index.php\/newscrawlerbr\/","og_locale":"pt_BR","og_type":"article","og_title":"NEWSCRAWLERBR - Portal Aberto de Inova\u00e7\u00e3o Tecnol\u00f3gica","og_description":"NEWSCRAWLERBR: raspador de not\u00edcias e coment\u00e1rios de portais de not\u00edcias brasileiros. O que \u00e9? Trata-se de uma ferramenta que coleta dados de not\u00edcias, coment\u00e1rios e metadados de portais de not\u00edcias, gerando relat\u00f3rios de coleta. O usu\u00e1rio informa os termos de busca e a ferramenta faz a raspagem de dados em cinco portais, que se destacam como os maiores no quesito veicula\u00e7\u00e3o de not\u00edcias generalistas. Inventores F\u00e1bio Manoel Fran\u00e7a Lobato, Lucas Darlindo Freitas Rodrigues, Antonio Fernando Lavareda Jacob Junior. Est\u00e1gio de desenvolvimento A tecnologia possui est\u00e1gio de TRL 5. Diferenciais As not\u00edcias e os coment\u00e1rios gerados pelos usu\u00e1rios representam uma rica fonte de informa\u00e7\u00e3o utilizada nos mais diversos dom\u00ednios, como a previs\u00e3o de pre\u00e7os na bolsa de valores, an\u00e1lise de percep\u00e7\u00e3o midi\u00e1tica (como os leitores est\u00e3o recebendo\/consumindo not\u00edcias), pesquisa de imagem institucional, estudos de desinforma\u00e7\u00e3o e discurso de \u00f3dio, dentre tantas outras aplica\u00e7\u00f5es. Neste ensejo, percebeu-se uma lacuna quanto \u00e0 ferramenta para busca, agrega\u00e7\u00e3o e indexa\u00e7\u00e3o de not\u00edcias e seus coment\u00e1rios, o que suscitou o desenvolvimento do NewsCrawlerBr: raspador de not\u00edcias e coment\u00e1rios de portais de not\u00edcias brasileiros. Ele \u00e9 um software modular, escal\u00e1vel e de f\u00e1cil utiliza\u00e7\u00e3o. Propriedade Intelectual UFOPABR512023002086-9 Resumo executivo Fale concosco","og_url":"https:\/\/inovaufopa.tech\/index.php\/newscrawlerbr\/","og_site_name":"Portal Aberto de Inova\u00e7\u00e3o Tecnol\u00f3gica","article_modified_time":"2023-11-20T13:52:01+00:00","twitter_card":"summary_large_image","twitter_misc":{"Est. tempo de leitura":"2 minutos"},"schema":{"@context":"https:\/\/schema.org","@graph":[{"@type":"WebPage","@id":"https:\/\/inovaufopa.tech\/index.php\/newscrawlerbr\/","url":"https:\/\/inovaufopa.tech\/index.php\/newscrawlerbr\/","name":"NEWSCRAWLERBR - Portal Aberto de Inova\u00e7\u00e3o Tecnol\u00f3gica","isPartOf":{"@id":"https:\/\/inovaufopa.tech\/#website"},"datePublished":"2023-11-20T13:48:49+00:00","dateModified":"2023-11-20T13:52:01+00:00","breadcrumb":{"@id":"https:\/\/inovaufopa.tech\/index.php\/newscrawlerbr\/#breadcrumb"},"inLanguage":"pt-BR","potentialAction":[{"@type":"ReadAction","target":["https:\/\/inovaufopa.tech\/index.php\/newscrawlerbr\/"]}]},{"@type":"BreadcrumbList","@id":"https:\/\/inovaufopa.tech\/index.php\/newscrawlerbr\/#breadcrumb","itemListElement":[{"@type":"ListItem","position":1,"name":"In\u00edcio","item":"https:\/\/inovaufopa.tech\/"},{"@type":"ListItem","position":2,"name":"NEWSCRAWLERBR"}]},{"@type":"WebSite","@id":"https:\/\/inovaufopa.tech\/#website","url":"https:\/\/inovaufopa.tech\/","name":"Portal Aberto de Inova\u00e7\u00e3o Tecnol\u00f3gica","description":"Inovar na Amaz\u00f4nia para mudar o mundo","potentialAction":[{"@type":"SearchAction","target":{"@type":"EntryPoint","urlTemplate":"https:\/\/inovaufopa.tech\/?s={search_term_string}"},"query-input":{"@type":"PropertyValueSpecification","valueRequired":true,"valueName":"search_term_string"}}],"inLanguage":"pt-BR"}]}},"_links":{"self":[{"href":"https:\/\/inovaufopa.tech\/index.php\/wp-json\/wp\/v2\/pages\/7195","targetHints":{"allow":["GET"]}}],"collection":[{"href":"https:\/\/inovaufopa.tech\/index.php\/wp-json\/wp\/v2\/pages"}],"about":[{"href":"https:\/\/inovaufopa.tech\/index.php\/wp-json\/wp\/v2\/types\/page"}],"author":[{"embeddable":true,"href":"https:\/\/inovaufopa.tech\/index.php\/wp-json\/wp\/v2\/users\/1"}],"replies":[{"embeddable":true,"href":"https:\/\/inovaufopa.tech\/index.php\/wp-json\/wp\/v2\/comments?post=7195"}],"version-history":[{"count":5,"href":"https:\/\/inovaufopa.tech\/index.php\/wp-json\/wp\/v2\/pages\/7195\/revisions"}],"predecessor-version":[{"id":7201,"href":"https:\/\/inovaufopa.tech\/index.php\/wp-json\/wp\/v2\/pages\/7195\/revisions\/7201"}],"wp:attachment":[{"href":"https:\/\/inovaufopa.tech\/index.php\/wp-json\/wp\/v2\/media?parent=7195"}],"curies":[{"name":"wp","href":"https:\/\/api.w.org\/{rel}","templated":true}]}}