{"id":7465,"date":"2023-12-19T12:12:15","date_gmt":"2023-12-19T12:12:15","guid":{"rendered":"https:\/\/inovaufopa.tech\/?page_id=7465"},"modified":"2023-12-19T12:21:13","modified_gmt":"2023-12-19T12:21:13","slug":"speediest","status":"publish","type":"page","link":"https:\/\/inovaufopa.tech\/index.php\/speediest\/","title":{"rendered":"Speediest"},"content":{"rendered":"\t\t<div data-elementor-type=\"wp-page\" data-elementor-id=\"7465\" class=\"elementor elementor-7465\" data-elementor-settings=\"{&quot;ha_cmc_init_switcher&quot;:&quot;no&quot;}\" data-elementor-post-type=\"page\">\n\t\t\t\t<div class=\"elementor-element elementor-element-703d8b8 e-flex e-con-boxed wpr-particle-no wpr-jarallax-no wpr-parallax-no wpr-sticky-section-no e-con e-parent\" data-id=\"703d8b8\" data-element_type=\"container\" data-settings=\"{&quot;_ha_eqh_enable&quot;:false}\">\n\t\t\t\t\t<div class=\"e-con-inner\">\n\t\t\t\t<div class=\"elementor-element elementor-element-ecb1a8a elementor-widget elementor-widget-heading\" data-id=\"ecb1a8a\" data-element_type=\"widget\" data-widget_type=\"heading.default\">\n\t\t\t\t<div class=\"elementor-widget-container\">\n\t\t\t\t\t<h2 class=\"elementor-heading-title elementor-size-default\">SPEEDIEST: Sistema Web para Acompanhamento de Progress\u00e3o Docente de Institui\u00e7\u00f5es Federais.<\/h2>\t\t\t\t<\/div>\n\t\t\t\t<\/div>\n\t\t<div class=\"elementor-element elementor-element-af4b866 e-flex e-con-boxed wpr-particle-no wpr-jarallax-no wpr-parallax-no wpr-sticky-section-no e-con e-child\" data-id=\"af4b866\" data-element_type=\"container\" data-settings=\"{&quot;_ha_eqh_enable&quot;:false}\">\n\t\t\t\t\t<div class=\"e-con-inner\">\n\t\t\t\t<div class=\"elementor-element elementor-element-25b790c elementor-widget-divider--separator-type-pattern elementor-widget-divider--no-spacing elementor-widget-divider--view-line elementor-widget elementor-widget-divider\" data-id=\"25b790c\" data-element_type=\"widget\" data-widget_type=\"divider.default\">\n\t\t\t\t<div class=\"elementor-widget-container\">\n\t\t\t\t\t\t\t<div class=\"elementor-divider\" style=\"--divider-pattern-url: url(&quot;data:image\/svg+xml,%3Csvg xmlns=&#039;http:\/\/www.w3.org\/2000\/svg&#039; preserveAspectRatio=&#039;xMidYMid meet&#039; overflow=&#039;visible&#039; height=&#039;100%&#039; viewBox=&#039;0 0 126 26&#039; fill=&#039;black&#039; stroke=&#039;none&#039;%3E%3Cpath d=&#039;M10.7,6l2.5,2.6l-4,4.3l4,5.4l-2.5,1.9l-4.5-5.2l-3.9,4.2L0.7,17L4,13.1L0,8.6l2.3-1.3l3.9,3.9L10.7,6z M23.9,6.6l4.2,4.5L32,7.2l2.3,1.3l-4,4.5l3.2,3.9L32,19.1l-3.9-3.3l-4.5,4.3l-2.5-1.9l4.4-5.1l-4.2-3.9L23.9,6.6zM73.5,6L76,8.6l-4,4.3l4,5.4l-2.5,1.9l-4.5-5.2l-3.9,4.2L63.5,17l4.1-4.7L63.5,8l2.3-1.3l4.1,3.6L73.5,6z M94,6l2.5,2.6l-4,4.3l4,5.4L94,20.1l-3.9-5l-3.9,4.2L84,17l3.2-3.9L84,8.6l2.3-1.3l3.2,3.9L94,6z M106.9,6l4.5,5.1l3.9-3.9l2.3,1.3l-4,4.5l3.2,3.9l-1.6,2.1l-3.9-4.2l-4.5,5.2l-2.5-1.9l4-5.4l-4-4.3L106.9,6z M53.1,6l2.5,2.6l-4,4.3l4,4.6l-2.5,1.9l-4.5-4.5l-3.5,4.5L43.1,17l3.2-3.9l-4-4.5l2.3-1.3l3.9,3.9L53.1,6z&#039;\/%3E%3C\/svg%3E&quot;);\">\n\t\t\t<span class=\"elementor-divider-separator\">\n\t\t\t\t\t\t<\/span>\n\t\t<\/div>\n\t\t\t\t\t\t<\/div>\n\t\t\t\t<\/div>\n\t\t\t\t\t<\/div>\n\t\t\t\t<\/div>\n\t\t<div class=\"elementor-element elementor-element-9272623 e-flex e-con-boxed wpr-particle-no wpr-jarallax-no wpr-parallax-no wpr-sticky-section-no e-con e-child\" data-id=\"9272623\" data-element_type=\"container\" data-settings=\"{&quot;_ha_eqh_enable&quot;:false}\">\n\t\t\t\t\t<div class=\"e-con-inner\">\n\t\t\t\t<div class=\"elementor-element elementor-element-6e5045b elementor-widget elementor-widget-heading\" data-id=\"6e5045b\" data-element_type=\"widget\" data-widget_type=\"heading.default\">\n\t\t\t\t<div class=\"elementor-widget-container\">\n\t\t\t\t\t<h2 class=\"elementor-heading-title elementor-size-default\">O que \u00e9?<\/h2>\t\t\t\t<\/div>\n\t\t\t\t<\/div>\n\t\t\t\t<div class=\"elementor-element elementor-element-c06eae7 elementor-widget elementor-widget-text-editor\" data-id=\"c06eae7\" data-element_type=\"widget\" data-widget_type=\"text-editor.default\">\n\t\t\t\t<div class=\"elementor-widget-container\">\n\t\t\t\t\t\t\t\t\t<p>O sistema para acompanhamento de progress\u00e3o docente \u00e9 uma ferramenta que permite identificar os docentes que est\u00e3o aptos a progress\u00e3o e\/ou promo\u00e7\u00e3o, que est\u00e3o em processo e os que est\u00e3o em atraso no seu interst\u00edcio. Antecipadamente ao t\u00e9rmino de um interst\u00edcio, o sistema envia mensagem eletr\u00f4nica ao docente, alertando sobre a possibilidade de atualiza\u00e7\u00e3o regimental de sua carreira. Caso o docente inicie o processo, esse status \u00e9 atualizado na ferramenta. O\u00a0 status tamb\u00e9m atualizado com a conclus\u00e3o desse processo, registrando o novo e\/ou classe do docente.<\/p>\t\t\t\t\t\t\t\t<\/div>\n\t\t\t\t<\/div>\n\t\t\t\t<div class=\"elementor-element elementor-element-19480b6 elementor-widget elementor-widget-heading\" data-id=\"19480b6\" data-element_type=\"widget\" data-widget_type=\"heading.default\">\n\t\t\t\t<div class=\"elementor-widget-container\">\n\t\t\t\t\t<h2 class=\"elementor-heading-title elementor-size-default\">Inventores<\/h2>\t\t\t\t<\/div>\n\t\t\t\t<\/div>\n\t\t\t\t<div class=\"elementor-element elementor-element-fb27684 elementor-widget elementor-widget-text-editor\" data-id=\"fb27684\" data-element_type=\"widget\" data-widget_type=\"text-editor.default\">\n\t\t\t\t<div class=\"elementor-widget-container\">\n\t\t\t\t\t\t\t\t\t<p>Bruno Almeida Da Silva, Fabio Manoel Fran\u00e7a Lobato, Luiz Tadeu Carneiro Diniz, Luciano Paiva Eufr\u00e1zio, Ruan Pablo Silva Brito.\u00a0<\/p>\t\t\t\t\t\t\t\t<\/div>\n\t\t\t\t<\/div>\n\t\t\t\t<div class=\"elementor-element elementor-element-2489618 elementor-widget elementor-widget-heading\" data-id=\"2489618\" data-element_type=\"widget\" data-widget_type=\"heading.default\">\n\t\t\t\t<div class=\"elementor-widget-container\">\n\t\t\t\t\t<h2 class=\"elementor-heading-title elementor-size-default\">Est\u00e1gio de desenvolvimento<\/h2>\t\t\t\t<\/div>\n\t\t\t\t<\/div>\n\t\t\t\t<div class=\"elementor-element elementor-element-f579bad elementor-widget elementor-widget-text-editor\" data-id=\"f579bad\" data-element_type=\"widget\" data-widget_type=\"text-editor.default\">\n\t\t\t\t<div class=\"elementor-widget-container\">\n\t\t\t\t\t\t\t\t\t<p>A tecnologia possui est\u00e1gio de TRL 3.<\/p>\t\t\t\t\t\t\t\t<\/div>\n\t\t\t\t<\/div>\n\t\t\t\t<div class=\"elementor-element elementor-element-2bf73d8 elementor-widget elementor-widget-heading\" data-id=\"2bf73d8\" data-element_type=\"widget\" data-widget_type=\"heading.default\">\n\t\t\t\t<div class=\"elementor-widget-container\">\n\t\t\t\t\t<h2 class=\"elementor-heading-title elementor-size-default\">Diferenciais<\/h2>\t\t\t\t<\/div>\n\t\t\t\t<\/div>\n\t\t\t\t<div class=\"elementor-element elementor-element-0a27eba elementor-widget elementor-widget-text-editor\" data-id=\"0a27eba\" data-element_type=\"widget\" data-widget_type=\"text-editor.default\">\n\t\t\t\t<div class=\"elementor-widget-container\">\n\t\t\t\t\t\t\t\t\t<p>Os principais crit\u00e9rios de qualidade e desempenho que ela busca atender s\u00e3o a efici\u00eancia, a agilidade e a confiabilidade, pois, atualmente, o m\u00e9todo para acompanhar a progress\u00e3o\/promo\u00e7\u00e3o docente no IEG \u00e9 realizado por meio de planilhas eletr\u00f4nicas. Atrav\u00e9s de autentica\u00e7\u00e3o de usu\u00e1rios, o sistema fornece confiabilidade e seguran\u00e7a, minimizando erros e trazendo praticidade e organiza\u00e7\u00e3o aos processos envolvidos, permitindo, ainda, escalabilidade no volume de dados e atualiza\u00e7\u00f5es sem interromper o servi\u00e7o que oferece.<\/p>\t\t\t\t\t\t\t\t<\/div>\n\t\t\t\t<\/div>\n\t\t\t\t<div class=\"elementor-element elementor-element-9512096 elementor-widget elementor-widget-heading\" data-id=\"9512096\" data-element_type=\"widget\" data-widget_type=\"heading.default\">\n\t\t\t\t<div class=\"elementor-widget-container\">\n\t\t\t\t\t<h2 class=\"elementor-heading-title elementor-size-default\">Propriedade Intelectual<\/h2>\t\t\t\t<\/div>\n\t\t\t\t<\/div>\n\t\t\t\t<div class=\"elementor-element elementor-element-5184ff9 elementor-widget elementor-widget-text-editor\" data-id=\"5184ff9\" data-element_type=\"widget\" data-widget_type=\"text-editor.default\">\n\t\t\t\t<div class=\"elementor-widget-container\">\n\t\t\t\t\t\t\t\t\t<p>UFOPA<br \/>BR<span style=\"text-align: var(--text-align);background-color: var(--ast-global-color-5)\">512019002652-7<\/span><\/p>\t\t\t\t\t\t\t\t<\/div>\n\t\t\t\t<\/div>\n\t\t<div class=\"elementor-element elementor-element-b0d53ce e-flex e-con-boxed wpr-particle-no wpr-jarallax-no wpr-parallax-no wpr-sticky-section-no e-con e-child\" data-id=\"b0d53ce\" data-element_type=\"container\" data-settings=\"{&quot;_ha_eqh_enable&quot;:false}\">\n\t\t\t\t\t<div class=\"e-con-inner\">\n\t\t<div class=\"elementor-element elementor-element-a6c3128 e-con-full e-flex wpr-particle-no wpr-jarallax-no wpr-parallax-no wpr-sticky-section-no e-con e-child\" data-id=\"a6c3128\" data-element_type=\"container\" data-settings=\"{&quot;_ha_eqh_enable&quot;:false}\">\n\t\t\t\t<div class=\"elementor-element elementor-element-a2d95f6 elementor-align-left elementor-widget__width-initial elementor-widget elementor-widget-button\" data-id=\"a2d95f6\" data-element_type=\"widget\" data-widget_type=\"button.default\">\n\t\t\t\t<div class=\"elementor-widget-container\">\n\t\t\t\t\t\t\t\t\t<div class=\"elementor-button-wrapper\">\n\t\t\t\t\t<a class=\"elementor-button elementor-button-link elementor-size-md\" href=\"http:\/\/inovaufopa.tech\/wp-content\/uploads\/2023\/12\/SPEEDIEST.pdf\" target=\"_blank\">\n\t\t\t\t\t\t<span class=\"elementor-button-content-wrapper\">\n\t\t\t\t\t\t<span class=\"elementor-button-icon\">\n\t\t\t\t<i aria-hidden=\"true\" class=\"fas fa-file-download\"><\/i>\t\t\t<\/span>\n\t\t\t\t\t\t\t\t\t<span class=\"elementor-button-text\">Resumo executivo<\/span>\n\t\t\t\t\t<\/span>\n\t\t\t\t\t<\/a>\n\t\t\t\t<\/div>\n\t\t\t\t\t\t\t\t<\/div>\n\t\t\t\t<\/div>\n\t\t\t\t<\/div>\n\t\t<div class=\"elementor-element elementor-element-df0fcfb e-con-full e-flex wpr-particle-no wpr-jarallax-no wpr-parallax-no wpr-sticky-section-no e-con e-child\" data-id=\"df0fcfb\" data-element_type=\"container\" data-settings=\"{&quot;_ha_eqh_enable&quot;:false}\">\n\t\t\t\t<div class=\"elementor-element elementor-element-cfcbad6 elementor-align-left elementor-widget__width-initial elementor-widget elementor-widget-button\" data-id=\"cfcbad6\" data-element_type=\"widget\" data-widget_type=\"button.default\">\n\t\t\t\t<div class=\"elementor-widget-container\">\n\t\t\t\t\t\t\t\t\t<div class=\"elementor-button-wrapper\">\n\t\t\t\t\t<a class=\"elementor-button elementor-button-link elementor-size-md\" href=\"https:\/\/inovaufopa.tech\/index.php\/fale-conosco-2\/\" target=\"_blank\">\n\t\t\t\t\t\t<span class=\"elementor-button-content-wrapper\">\n\t\t\t\t\t\t<span class=\"elementor-button-icon\">\n\t\t\t\t<i aria-hidden=\"true\" class=\"fas fa-mail-bulk\"><\/i>\t\t\t<\/span>\n\t\t\t\t\t\t\t\t\t<span class=\"elementor-button-text\">Fale concosco<\/span>\n\t\t\t\t\t<\/span>\n\t\t\t\t\t<\/a>\n\t\t\t\t<\/div>\n\t\t\t\t\t\t\t\t<\/div>\n\t\t\t\t<\/div>\n\t\t\t\t<\/div>\n\t\t<div class=\"elementor-element elementor-element-74b43cc e-con-full e-flex wpr-particle-no wpr-jarallax-no wpr-parallax-no wpr-sticky-section-no e-con e-child\" data-id=\"74b43cc\" data-element_type=\"container\" data-settings=\"{&quot;_ha_eqh_enable&quot;:false}\">\n\t\t\t\t<\/div>\n\t\t<div class=\"elementor-element elementor-element-24dbdd3 e-con-full e-flex wpr-particle-no wpr-jarallax-no wpr-parallax-no wpr-sticky-section-no e-con e-child\" data-id=\"24dbdd3\" data-element_type=\"container\" data-settings=\"{&quot;_ha_eqh_enable&quot;:false}\">\n\t\t\t\t<\/div>\n\t\t\t\t\t<\/div>\n\t\t\t\t<\/div>\n\t\t\t\t\t<\/div>\n\t\t\t\t<\/div>\n\t\t\t\t\t<\/div>\n\t\t\t\t<\/div>\n\t\t\t\t<\/div>\n\t\t","protected":false},"excerpt":{"rendered":"<p>SPEEDIEST: Sistema Web para Acompanhamento de Progress\u00e3o Docente de Institui\u00e7\u00f5es Federais. O que \u00e9? O sistema para acompanhamento de progress\u00e3o docente \u00e9 uma ferramenta que permite identificar os docentes que est\u00e3o aptos a progress\u00e3o e\/ou promo\u00e7\u00e3o, que est\u00e3o em processo e os que est\u00e3o em atraso no seu interst\u00edcio. Antecipadamente ao t\u00e9rmino de um interst\u00edcio, o sistema envia mensagem eletr\u00f4nica ao docente, alertando sobre a possibilidade de atualiza\u00e7\u00e3o regimental de sua carreira. Caso o docente inicie o processo, esse status \u00e9 atualizado na ferramenta. O\u00a0 status tamb\u00e9m atualizado com a conclus\u00e3o desse processo, registrando o novo e\/ou classe do docente. Inventores Bruno Almeida Da Silva, Fabio Manoel Fran\u00e7a Lobato, Luiz Tadeu Carneiro Diniz, Luciano Paiva Eufr\u00e1zio, Ruan Pablo Silva Brito.\u00a0 Est\u00e1gio de desenvolvimento A tecnologia possui est\u00e1gio de TRL 3. Diferenciais Os principais crit\u00e9rios de qualidade e desempenho que ela busca atender s\u00e3o a efici\u00eancia, a agilidade e a confiabilidade, pois, atualmente, o m\u00e9todo para acompanhar a progress\u00e3o\/promo\u00e7\u00e3o docente no IEG \u00e9 realizado por meio de planilhas eletr\u00f4nicas. Atrav\u00e9s de autentica\u00e7\u00e3o de usu\u00e1rios, o sistema fornece confiabilidade e seguran\u00e7a, minimizando erros e trazendo praticidade e organiza\u00e7\u00e3o aos processos envolvidos, permitindo, ainda, escalabilidade no volume de dados e atualiza\u00e7\u00f5es sem interromper o servi\u00e7o que oferece. Propriedade Intelectual UFOPABR512019002652-7 Resumo executivo Fale concosco<\/p>\n","protected":false},"author":1,"featured_media":0,"parent":0,"menu_order":0,"comment_status":"closed","ping_status":"closed","template":"","meta":{"om_disable_all_campaigns":false,"_monsterinsights_skip_tracking":false,"_monsterinsights_sitenote_active":false,"_monsterinsights_sitenote_note":"","_monsterinsights_sitenote_category":0,"site-sidebar-layout":"no-sidebar","site-content-layout":"page-builder","ast-site-content-layout":"full-width-container","site-content-style":"default","site-sidebar-style":"default","ast-global-header-display":"","ast-banner-title-visibility":"","ast-main-header-display":"","ast-hfb-above-header-display":"","ast-hfb-below-header-display":"","ast-hfb-mobile-header-display":"","site-post-title":"disabled","ast-breadcrumbs-content":"","ast-featured-img":"disabled","footer-sml-layout":"","theme-transparent-header-meta":"","adv-header-id-meta":"","stick-header-meta":"","header-above-stick-meta":"","header-main-stick-meta":"","header-below-stick-meta":"","astra-migrate-meta-layouts":"set","ast-page-background-enabled":"default","ast-page-background-meta":{"desktop":{"background-color":"var(--ast-global-color-4)","background-image":"","background-repeat":"repeat","background-position":"center center","background-size":"auto","background-attachment":"scroll","background-type":"","background-media":"","overlay-type":"","overlay-color":"","overlay-opacity":"","overlay-gradient":""},"tablet":{"background-color":"","background-image":"","background-repeat":"repeat","background-position":"center center","background-size":"auto","background-attachment":"scroll","background-type":"","background-media":"","overlay-type":"","overlay-color":"","overlay-opacity":"","overlay-gradient":""},"mobile":{"background-color":"","background-image":"","background-repeat":"repeat","background-position":"center center","background-size":"auto","background-attachment":"scroll","background-type":"","background-media":"","overlay-type":"","overlay-color":"","overlay-opacity":"","overlay-gradient":""}},"ast-content-background-meta":{"desktop":{"background-color":"var(--ast-global-color-5)","background-image":"","background-repeat":"repeat","background-position":"center center","background-size":"auto","background-attachment":"scroll","background-type":"","background-media":"","overlay-type":"","overlay-color":"","overlay-opacity":"","overlay-gradient":""},"tablet":{"background-color":"var(--ast-global-color-5)","background-image":"","background-repeat":"repeat","background-position":"center center","background-size":"auto","background-attachment":"scroll","background-type":"","background-media":"","overlay-type":"","overlay-color":"","overlay-opacity":"","overlay-gradient":""},"mobile":{"background-color":"var(--ast-global-color-5)","background-image":"","background-repeat":"repeat","background-position":"center center","background-size":"auto","background-attachment":"scroll","background-type":"","background-media":"","overlay-type":"","overlay-color":"","overlay-opacity":"","overlay-gradient":""}},"footnotes":""},"class_list":["post-7465","page","type-page","status-publish","hentry"],"aioseo_notices":[],"yoast_head":"<!-- This site is optimized with the Yoast SEO plugin v26.5 - https:\/\/yoast.com\/wordpress\/plugins\/seo\/ -->\n<title>Speediest - Portal Aberto de Inova\u00e7\u00e3o Tecnol\u00f3gica<\/title>\n<meta name=\"robots\" content=\"index, follow, max-snippet:-1, max-image-preview:large, max-video-preview:-1\" \/>\n<link rel=\"canonical\" href=\"https:\/\/inovaufopa.tech\/index.php\/speediest\/\" \/>\n<meta property=\"og:locale\" content=\"pt_BR\" \/>\n<meta property=\"og:type\" content=\"article\" \/>\n<meta property=\"og:title\" content=\"Speediest - Portal Aberto de Inova\u00e7\u00e3o Tecnol\u00f3gica\" \/>\n<meta property=\"og:description\" content=\"SPEEDIEST: Sistema Web para Acompanhamento de Progress\u00e3o Docente de Institui\u00e7\u00f5es Federais. O que \u00e9? O sistema para acompanhamento de progress\u00e3o docente \u00e9 uma ferramenta que permite identificar os docentes que est\u00e3o aptos a progress\u00e3o e\/ou promo\u00e7\u00e3o, que est\u00e3o em processo e os que est\u00e3o em atraso no seu interst\u00edcio. Antecipadamente ao t\u00e9rmino de um interst\u00edcio, o sistema envia mensagem eletr\u00f4nica ao docente, alertando sobre a possibilidade de atualiza\u00e7\u00e3o regimental de sua carreira. Caso o docente inicie o processo, esse status \u00e9 atualizado na ferramenta. O\u00a0 status tamb\u00e9m atualizado com a conclus\u00e3o desse processo, registrando o novo e\/ou classe do docente. Inventores Bruno Almeida Da Silva, Fabio Manoel Fran\u00e7a Lobato, Luiz Tadeu Carneiro Diniz, Luciano Paiva Eufr\u00e1zio, Ruan Pablo Silva Brito.\u00a0 Est\u00e1gio de desenvolvimento A tecnologia possui est\u00e1gio de TRL 3. Diferenciais Os principais crit\u00e9rios de qualidade e desempenho que ela busca atender s\u00e3o a efici\u00eancia, a agilidade e a confiabilidade, pois, atualmente, o m\u00e9todo para acompanhar a progress\u00e3o\/promo\u00e7\u00e3o docente no IEG \u00e9 realizado por meio de planilhas eletr\u00f4nicas. Atrav\u00e9s de autentica\u00e7\u00e3o de usu\u00e1rios, o sistema fornece confiabilidade e seguran\u00e7a, minimizando erros e trazendo praticidade e organiza\u00e7\u00e3o aos processos envolvidos, permitindo, ainda, escalabilidade no volume de dados e atualiza\u00e7\u00f5es sem interromper o servi\u00e7o que oferece. Propriedade Intelectual UFOPABR512019002652-7 Resumo executivo Fale concosco\" \/>\n<meta property=\"og:url\" content=\"https:\/\/inovaufopa.tech\/index.php\/speediest\/\" \/>\n<meta property=\"og:site_name\" content=\"Portal Aberto de Inova\u00e7\u00e3o Tecnol\u00f3gica\" \/>\n<meta property=\"article:modified_time\" content=\"2023-12-19T12:21:13+00:00\" \/>\n<meta name=\"twitter:card\" content=\"summary_large_image\" \/>\n<meta name=\"twitter:label1\" content=\"Est. tempo de leitura\" \/>\n\t<meta name=\"twitter:data1\" content=\"2 minutos\" \/>\n<script type=\"application\/ld+json\" class=\"yoast-schema-graph\">{\"@context\":\"https:\/\/schema.org\",\"@graph\":[{\"@type\":\"WebPage\",\"@id\":\"https:\/\/inovaufopa.tech\/index.php\/speediest\/\",\"url\":\"https:\/\/inovaufopa.tech\/index.php\/speediest\/\",\"name\":\"Speediest - Portal Aberto de Inova\u00e7\u00e3o Tecnol\u00f3gica\",\"isPartOf\":{\"@id\":\"https:\/\/inovaufopa.tech\/#website\"},\"datePublished\":\"2023-12-19T12:12:15+00:00\",\"dateModified\":\"2023-12-19T12:21:13+00:00\",\"breadcrumb\":{\"@id\":\"https:\/\/inovaufopa.tech\/index.php\/speediest\/#breadcrumb\"},\"inLanguage\":\"pt-BR\",\"potentialAction\":[{\"@type\":\"ReadAction\",\"target\":[\"https:\/\/inovaufopa.tech\/index.php\/speediest\/\"]}]},{\"@type\":\"BreadcrumbList\",\"@id\":\"https:\/\/inovaufopa.tech\/index.php\/speediest\/#breadcrumb\",\"itemListElement\":[{\"@type\":\"ListItem\",\"position\":1,\"name\":\"In\u00edcio\",\"item\":\"https:\/\/inovaufopa.tech\/\"},{\"@type\":\"ListItem\",\"position\":2,\"name\":\"Speediest\"}]},{\"@type\":\"WebSite\",\"@id\":\"https:\/\/inovaufopa.tech\/#website\",\"url\":\"https:\/\/inovaufopa.tech\/\",\"name\":\"Portal Aberto de Inova\u00e7\u00e3o Tecnol\u00f3gica\",\"description\":\"Inovar na Amaz\u00f4nia para mudar o mundo\",\"potentialAction\":[{\"@type\":\"SearchAction\",\"target\":{\"@type\":\"EntryPoint\",\"urlTemplate\":\"https:\/\/inovaufopa.tech\/?s={search_term_string}\"},\"query-input\":{\"@type\":\"PropertyValueSpecification\",\"valueRequired\":true,\"valueName\":\"search_term_string\"}}],\"inLanguage\":\"pt-BR\"}]}<\/script>\n<!-- \/ Yoast SEO plugin. -->","yoast_head_json":{"title":"Speediest - Portal Aberto de Inova\u00e7\u00e3o Tecnol\u00f3gica","robots":{"index":"index","follow":"follow","max-snippet":"max-snippet:-1","max-image-preview":"max-image-preview:large","max-video-preview":"max-video-preview:-1"},"canonical":"https:\/\/inovaufopa.tech\/index.php\/speediest\/","og_locale":"pt_BR","og_type":"article","og_title":"Speediest - Portal Aberto de Inova\u00e7\u00e3o Tecnol\u00f3gica","og_description":"SPEEDIEST: Sistema Web para Acompanhamento de Progress\u00e3o Docente de Institui\u00e7\u00f5es Federais. O que \u00e9? O sistema para acompanhamento de progress\u00e3o docente \u00e9 uma ferramenta que permite identificar os docentes que est\u00e3o aptos a progress\u00e3o e\/ou promo\u00e7\u00e3o, que est\u00e3o em processo e os que est\u00e3o em atraso no seu interst\u00edcio. Antecipadamente ao t\u00e9rmino de um interst\u00edcio, o sistema envia mensagem eletr\u00f4nica ao docente, alertando sobre a possibilidade de atualiza\u00e7\u00e3o regimental de sua carreira. Caso o docente inicie o processo, esse status \u00e9 atualizado na ferramenta. O\u00a0 status tamb\u00e9m atualizado com a conclus\u00e3o desse processo, registrando o novo e\/ou classe do docente. Inventores Bruno Almeida Da Silva, Fabio Manoel Fran\u00e7a Lobato, Luiz Tadeu Carneiro Diniz, Luciano Paiva Eufr\u00e1zio, Ruan Pablo Silva Brito.\u00a0 Est\u00e1gio de desenvolvimento A tecnologia possui est\u00e1gio de TRL 3. Diferenciais Os principais crit\u00e9rios de qualidade e desempenho que ela busca atender s\u00e3o a efici\u00eancia, a agilidade e a confiabilidade, pois, atualmente, o m\u00e9todo para acompanhar a progress\u00e3o\/promo\u00e7\u00e3o docente no IEG \u00e9 realizado por meio de planilhas eletr\u00f4nicas. Atrav\u00e9s de autentica\u00e7\u00e3o de usu\u00e1rios, o sistema fornece confiabilidade e seguran\u00e7a, minimizando erros e trazendo praticidade e organiza\u00e7\u00e3o aos processos envolvidos, permitindo, ainda, escalabilidade no volume de dados e atualiza\u00e7\u00f5es sem interromper o servi\u00e7o que oferece. Propriedade Intelectual UFOPABR512019002652-7 Resumo executivo Fale concosco","og_url":"https:\/\/inovaufopa.tech\/index.php\/speediest\/","og_site_name":"Portal Aberto de Inova\u00e7\u00e3o Tecnol\u00f3gica","article_modified_time":"2023-12-19T12:21:13+00:00","twitter_card":"summary_large_image","twitter_misc":{"Est. tempo de leitura":"2 minutos"},"schema":{"@context":"https:\/\/schema.org","@graph":[{"@type":"WebPage","@id":"https:\/\/inovaufopa.tech\/index.php\/speediest\/","url":"https:\/\/inovaufopa.tech\/index.php\/speediest\/","name":"Speediest - Portal Aberto de Inova\u00e7\u00e3o Tecnol\u00f3gica","isPartOf":{"@id":"https:\/\/inovaufopa.tech\/#website"},"datePublished":"2023-12-19T12:12:15+00:00","dateModified":"2023-12-19T12:21:13+00:00","breadcrumb":{"@id":"https:\/\/inovaufopa.tech\/index.php\/speediest\/#breadcrumb"},"inLanguage":"pt-BR","potentialAction":[{"@type":"ReadAction","target":["https:\/\/inovaufopa.tech\/index.php\/speediest\/"]}]},{"@type":"BreadcrumbList","@id":"https:\/\/inovaufopa.tech\/index.php\/speediest\/#breadcrumb","itemListElement":[{"@type":"ListItem","position":1,"name":"In\u00edcio","item":"https:\/\/inovaufopa.tech\/"},{"@type":"ListItem","position":2,"name":"Speediest"}]},{"@type":"WebSite","@id":"https:\/\/inovaufopa.tech\/#website","url":"https:\/\/inovaufopa.tech\/","name":"Portal Aberto de Inova\u00e7\u00e3o Tecnol\u00f3gica","description":"Inovar na Amaz\u00f4nia para mudar o mundo","potentialAction":[{"@type":"SearchAction","target":{"@type":"EntryPoint","urlTemplate":"https:\/\/inovaufopa.tech\/?s={search_term_string}"},"query-input":{"@type":"PropertyValueSpecification","valueRequired":true,"valueName":"search_term_string"}}],"inLanguage":"pt-BR"}]}},"_links":{"self":[{"href":"https:\/\/inovaufopa.tech\/index.php\/wp-json\/wp\/v2\/pages\/7465","targetHints":{"allow":["GET"]}}],"collection":[{"href":"https:\/\/inovaufopa.tech\/index.php\/wp-json\/wp\/v2\/pages"}],"about":[{"href":"https:\/\/inovaufopa.tech\/index.php\/wp-json\/wp\/v2\/types\/page"}],"author":[{"embeddable":true,"href":"https:\/\/inovaufopa.tech\/index.php\/wp-json\/wp\/v2\/users\/1"}],"replies":[{"embeddable":true,"href":"https:\/\/inovaufopa.tech\/index.php\/wp-json\/wp\/v2\/comments?post=7465"}],"version-history":[{"count":4,"href":"https:\/\/inovaufopa.tech\/index.php\/wp-json\/wp\/v2\/pages\/7465\/revisions"}],"predecessor-version":[{"id":7471,"href":"https:\/\/inovaufopa.tech\/index.php\/wp-json\/wp\/v2\/pages\/7465\/revisions\/7471"}],"wp:attachment":[{"href":"https:\/\/inovaufopa.tech\/index.php\/wp-json\/wp\/v2\/media?parent=7465"}],"curies":[{"name":"wp","href":"https:\/\/api.w.org\/{rel}","templated":true}]}}