{"id":7821,"date":"2024-03-01T12:05:22","date_gmt":"2024-03-01T12:05:22","guid":{"rendered":"https:\/\/inovaufopa.tech\/?page_id=7821"},"modified":"2024-08-01T17:16:18","modified_gmt":"2024-08-01T17:16:18","slug":"docs-ecosys","status":"publish","type":"page","link":"https:\/\/inovaufopa.tech\/index.php\/ecosys\/docs-ecosys\/","title":{"rendered":"Tutoriais"},"content":{"rendered":"\t\t<div data-elementor-type=\"wp-page\" data-elementor-id=\"7821\" class=\"elementor elementor-7821\" data-elementor-settings=\"{&quot;ha_cmc_init_switcher&quot;:&quot;no&quot;}\" data-elementor-post-type=\"page\">\n\t\t\t\t<div data-ha-element-link=\"{&quot;url&quot;:&quot;https:\\\/\\\/inovaufopa.tech\\\/midia\\\/ecosys-docs\\\/documentacao.html&quot;,&quot;is_external&quot;:&quot;&quot;,&quot;nofollow&quot;:&quot;&quot;}\" style=\"cursor: pointer\" class=\"elementor-element elementor-element-f1b5dbe e-flex e-con-boxed wpr-particle-no wpr-jarallax-no wpr-parallax-no wpr-sticky-section-no e-con e-parent\" data-id=\"f1b5dbe\" data-element_type=\"container\" data-settings=\"{&quot;_ha_eqh_enable&quot;:false}\">\n\t\t\t\t\t<div class=\"e-con-inner\">\n\t\t\t\t<div data-ha-element-link=\"{&quot;url&quot;:&quot;https:\\\/\\\/inovaufopa.tech\\\/midia\\\/ecosys-docs\\\/documentacao.html&quot;,&quot;is_external&quot;:&quot;on&quot;,&quot;nofollow&quot;:&quot;&quot;}\" style=\"cursor: pointer\" class=\"elementor-element elementor-element-8b5109c elementor-widget elementor-widget-heading\" data-id=\"8b5109c\" data-element_type=\"widget\" data-widget_type=\"heading.default\">\n\t\t\t\t<div class=\"elementor-widget-container\">\n\t\t\t\t\t<h2 class=\"elementor-heading-title elementor-size-default\">Documenta\u00e7\u00e3o<\/h2>\t\t\t\t<\/div>\n\t\t\t\t<\/div>\n\t\t\t\t\t<\/div>\n\t\t\t\t<\/div>\n\t\t<div class=\"elementor-element elementor-element-17237db e-flex e-con-boxed wpr-particle-no wpr-jarallax-no wpr-parallax-no wpr-sticky-section-no e-con e-parent\" data-id=\"17237db\" data-element_type=\"container\" data-settings=\"{&quot;_ha_eqh_enable&quot;:false}\">\n\t\t\t\t\t<div class=\"e-con-inner\">\n\t\t\t\t<div class=\"elementor-element elementor-element-93c43cb elementor-align-center elementor-widget elementor-widget-button\" data-id=\"93c43cb\" data-element_type=\"widget\" data-widget_type=\"button.default\">\n\t\t\t\t<div class=\"elementor-widget-container\">\n\t\t\t\t\t\t\t\t\t<div class=\"elementor-button-wrapper\">\n\t\t\t\t\t<a class=\"elementor-button elementor-button-link elementor-size-sm\" href=\"https:\/\/inovaufopa.tech\/midia\/ecosys-docs\/documentacao.html\">\n\t\t\t\t\t\t<span class=\"elementor-button-content-wrapper\">\n\t\t\t\t\t\t\t\t\t<span class=\"elementor-button-text\">Documenta\u00e7\u00e3o<\/span>\n\t\t\t\t\t<\/span>\n\t\t\t\t\t<\/a>\n\t\t\t\t<\/div>\n\t\t\t\t\t\t\t\t<\/div>\n\t\t\t\t<\/div>\n\t\t\t\t\t<\/div>\n\t\t\t\t<\/div>\n\t\t\t\t<\/div>\n\t\t","protected":false},"excerpt":{"rendered":"<p>Documenta\u00e7\u00e3o Documenta\u00e7\u00e3o<\/p>\n","protected":false},"author":1,"featured_media":0,"parent":6976,"menu_order":0,"comment_status":"closed","ping_status":"closed","template":"","meta":{"om_disable_all_campaigns":false,"_monsterinsights_skip_tracking":false,"_monsterinsights_sitenote_active":false,"_monsterinsights_sitenote_note":"","_monsterinsights_sitenote_category":0,"site-sidebar-layout":"no-sidebar","site-content-layout":"page-builder","ast-site-content-layout":"full-width-container","site-content-style":"default","site-sidebar-style":"default","ast-global-header-display":"","ast-banner-title-visibility":"","ast-main-header-display":"","ast-hfb-above-header-display":"","ast-hfb-below-header-display":"","ast-hfb-mobile-header-display":"","site-post-title":"disabled","ast-breadcrumbs-content":"","ast-featured-img":"disabled","footer-sml-layout":"","theme-transparent-header-meta":"","adv-header-id-meta":"","stick-header-meta":"","header-above-stick-meta":"","header-main-stick-meta":"","header-below-stick-meta":"","astra-migrate-meta-layouts":"set","ast-page-background-enabled":"default","ast-page-background-meta":{"desktop":{"background-color":"var(--ast-global-color-4)","background-image":"","background-repeat":"repeat","background-position":"center center","background-size":"auto","background-attachment":"scroll","background-type":"","background-media":"","overlay-type":"","overlay-color":"","overlay-opacity":"","overlay-gradient":""},"tablet":{"background-color":"","background-image":"","background-repeat":"repeat","background-position":"center center","background-size":"auto","background-attachment":"scroll","background-type":"","background-media":"","overlay-type":"","overlay-color":"","overlay-opacity":"","overlay-gradient":""},"mobile":{"background-color":"","background-image":"","background-repeat":"repeat","background-position":"center center","background-size":"auto","background-attachment":"scroll","background-type":"","background-media":"","overlay-type":"","overlay-color":"","overlay-opacity":"","overlay-gradient":""}},"ast-content-background-meta":{"desktop":{"background-color":"var(--ast-global-color-5)","background-image":"","background-repeat":"repeat","background-position":"center center","background-size":"auto","background-attachment":"scroll","background-type":"","background-media":"","overlay-type":"","overlay-color":"","overlay-opacity":"","overlay-gradient":""},"tablet":{"background-color":"var(--ast-global-color-5)","background-image":"","background-repeat":"repeat","background-position":"center center","background-size":"auto","background-attachment":"scroll","background-type":"","background-media":"","overlay-type":"","overlay-color":"","overlay-opacity":"","overlay-gradient":""},"mobile":{"background-color":"var(--ast-global-color-5)","background-image":"","background-repeat":"repeat","background-position":"center center","background-size":"auto","background-attachment":"scroll","background-type":"","background-media":"","overlay-type":"","overlay-color":"","overlay-opacity":"","overlay-gradient":""}},"footnotes":""},"class_list":["post-7821","page","type-page","status-publish","hentry"],"aioseo_notices":[],"yoast_head":"<!-- This site is optimized with the Yoast SEO plugin v26.5 - https:\/\/yoast.com\/wordpress\/plugins\/seo\/ -->\n<title>Tutoriais - Portal Aberto de Inova\u00e7\u00e3o Tecnol\u00f3gica<\/title>\n<meta name=\"robots\" content=\"index, follow, max-snippet:-1, max-image-preview:large, max-video-preview:-1\" \/>\n<link rel=\"canonical\" href=\"https:\/\/inovaufopa.tech\/index.php\/ecosys\/docs-ecosys\/\" \/>\n<meta property=\"og:locale\" content=\"pt_BR\" \/>\n<meta property=\"og:type\" content=\"article\" \/>\n<meta property=\"og:title\" content=\"Tutoriais - Portal Aberto de Inova\u00e7\u00e3o Tecnol\u00f3gica\" \/>\n<meta property=\"og:description\" content=\"Documenta\u00e7\u00e3o Documenta\u00e7\u00e3o\" \/>\n<meta property=\"og:url\" content=\"https:\/\/inovaufopa.tech\/index.php\/ecosys\/docs-ecosys\/\" \/>\n<meta property=\"og:site_name\" content=\"Portal Aberto de Inova\u00e7\u00e3o Tecnol\u00f3gica\" \/>\n<meta property=\"article:modified_time\" content=\"2024-08-01T17:16:18+00:00\" \/>\n<meta name=\"twitter:card\" content=\"summary_large_image\" \/>\n<meta name=\"twitter:label1\" content=\"Est. tempo de leitura\" \/>\n\t<meta name=\"twitter:data1\" content=\"1 minuto\" \/>\n<script type=\"application\/ld+json\" class=\"yoast-schema-graph\">{\"@context\":\"https:\/\/schema.org\",\"@graph\":[{\"@type\":\"WebPage\",\"@id\":\"https:\/\/inovaufopa.tech\/index.php\/ecosys\/docs-ecosys\/\",\"url\":\"https:\/\/inovaufopa.tech\/index.php\/ecosys\/docs-ecosys\/\",\"name\":\"Tutoriais - Portal Aberto de Inova\u00e7\u00e3o Tecnol\u00f3gica\",\"isPartOf\":{\"@id\":\"https:\/\/inovaufopa.tech\/#website\"},\"datePublished\":\"2024-03-01T12:05:22+00:00\",\"dateModified\":\"2024-08-01T17:16:18+00:00\",\"breadcrumb\":{\"@id\":\"https:\/\/inovaufopa.tech\/index.php\/ecosys\/docs-ecosys\/#breadcrumb\"},\"inLanguage\":\"pt-BR\",\"potentialAction\":[{\"@type\":\"ReadAction\",\"target\":[\"https:\/\/inovaufopa.tech\/index.php\/ecosys\/docs-ecosys\/\"]}]},{\"@type\":\"BreadcrumbList\",\"@id\":\"https:\/\/inovaufopa.tech\/index.php\/ecosys\/docs-ecosys\/#breadcrumb\",\"itemListElement\":[{\"@type\":\"ListItem\",\"position\":1,\"name\":\"In\u00edcio\",\"item\":\"https:\/\/inovaufopa.tech\/\"},{\"@type\":\"ListItem\",\"position\":2,\"name\":\"ECOSYS\",\"item\":\"https:\/\/inovaufopa.tech\/index.php\/ecosys\/\"},{\"@type\":\"ListItem\",\"position\":3,\"name\":\"Tutoriais\"}]},{\"@type\":\"WebSite\",\"@id\":\"https:\/\/inovaufopa.tech\/#website\",\"url\":\"https:\/\/inovaufopa.tech\/\",\"name\":\"Portal Aberto de Inova\u00e7\u00e3o Tecnol\u00f3gica\",\"description\":\"Inovar na Amaz\u00f4nia para mudar o mundo\",\"potentialAction\":[{\"@type\":\"SearchAction\",\"target\":{\"@type\":\"EntryPoint\",\"urlTemplate\":\"https:\/\/inovaufopa.tech\/?s={search_term_string}\"},\"query-input\":{\"@type\":\"PropertyValueSpecification\",\"valueRequired\":true,\"valueName\":\"search_term_string\"}}],\"inLanguage\":\"pt-BR\"}]}<\/script>\n<!-- \/ Yoast SEO plugin. -->","yoast_head_json":{"title":"Tutoriais - Portal Aberto de Inova\u00e7\u00e3o Tecnol\u00f3gica","robots":{"index":"index","follow":"follow","max-snippet":"max-snippet:-1","max-image-preview":"max-image-preview:large","max-video-preview":"max-video-preview:-1"},"canonical":"https:\/\/inovaufopa.tech\/index.php\/ecosys\/docs-ecosys\/","og_locale":"pt_BR","og_type":"article","og_title":"Tutoriais - Portal Aberto de Inova\u00e7\u00e3o Tecnol\u00f3gica","og_description":"Documenta\u00e7\u00e3o Documenta\u00e7\u00e3o","og_url":"https:\/\/inovaufopa.tech\/index.php\/ecosys\/docs-ecosys\/","og_site_name":"Portal Aberto de Inova\u00e7\u00e3o Tecnol\u00f3gica","article_modified_time":"2024-08-01T17:16:18+00:00","twitter_card":"summary_large_image","twitter_misc":{"Est. tempo de leitura":"1 minuto"},"schema":{"@context":"https:\/\/schema.org","@graph":[{"@type":"WebPage","@id":"https:\/\/inovaufopa.tech\/index.php\/ecosys\/docs-ecosys\/","url":"https:\/\/inovaufopa.tech\/index.php\/ecosys\/docs-ecosys\/","name":"Tutoriais - Portal Aberto de Inova\u00e7\u00e3o Tecnol\u00f3gica","isPartOf":{"@id":"https:\/\/inovaufopa.tech\/#website"},"datePublished":"2024-03-01T12:05:22+00:00","dateModified":"2024-08-01T17:16:18+00:00","breadcrumb":{"@id":"https:\/\/inovaufopa.tech\/index.php\/ecosys\/docs-ecosys\/#breadcrumb"},"inLanguage":"pt-BR","potentialAction":[{"@type":"ReadAction","target":["https:\/\/inovaufopa.tech\/index.php\/ecosys\/docs-ecosys\/"]}]},{"@type":"BreadcrumbList","@id":"https:\/\/inovaufopa.tech\/index.php\/ecosys\/docs-ecosys\/#breadcrumb","itemListElement":[{"@type":"ListItem","position":1,"name":"In\u00edcio","item":"https:\/\/inovaufopa.tech\/"},{"@type":"ListItem","position":2,"name":"ECOSYS","item":"https:\/\/inovaufopa.tech\/index.php\/ecosys\/"},{"@type":"ListItem","position":3,"name":"Tutoriais"}]},{"@type":"WebSite","@id":"https:\/\/inovaufopa.tech\/#website","url":"https:\/\/inovaufopa.tech\/","name":"Portal Aberto de Inova\u00e7\u00e3o Tecnol\u00f3gica","description":"Inovar na Amaz\u00f4nia para mudar o mundo","potentialAction":[{"@type":"SearchAction","target":{"@type":"EntryPoint","urlTemplate":"https:\/\/inovaufopa.tech\/?s={search_term_string}"},"query-input":{"@type":"PropertyValueSpecification","valueRequired":true,"valueName":"search_term_string"}}],"inLanguage":"pt-BR"}]}},"_links":{"self":[{"href":"https:\/\/inovaufopa.tech\/index.php\/wp-json\/wp\/v2\/pages\/7821","targetHints":{"allow":["GET"]}}],"collection":[{"href":"https:\/\/inovaufopa.tech\/index.php\/wp-json\/wp\/v2\/pages"}],"about":[{"href":"https:\/\/inovaufopa.tech\/index.php\/wp-json\/wp\/v2\/types\/page"}],"author":[{"embeddable":true,"href":"https:\/\/inovaufopa.tech\/index.php\/wp-json\/wp\/v2\/users\/1"}],"replies":[{"embeddable":true,"href":"https:\/\/inovaufopa.tech\/index.php\/wp-json\/wp\/v2\/comments?post=7821"}],"version-history":[{"count":24,"href":"https:\/\/inovaufopa.tech\/index.php\/wp-json\/wp\/v2\/pages\/7821\/revisions"}],"predecessor-version":[{"id":8265,"href":"https:\/\/inovaufopa.tech\/index.php\/wp-json\/wp\/v2\/pages\/7821\/revisions\/8265"}],"up":[{"embeddable":true,"href":"https:\/\/inovaufopa.tech\/index.php\/wp-json\/wp\/v2\/pages\/6976"}],"wp:attachment":[{"href":"https:\/\/inovaufopa.tech\/index.php\/wp-json\/wp\/v2\/media?parent=7821"}],"curies":[{"name":"wp","href":"https:\/\/api.w.org\/{rel}","templated":true}]}}